{"id":18299,"date":"2020-10-17T18:04:21","date_gmt":"2020-10-17T15:04:21","guid":{"rendered":"https:\/\/rigaiff.lv\/?page_id=18299"},"modified":"2020-10-18T14:05:31","modified_gmt":"2020-10-18T11:05:31","slug":"par-drosibu-klatienes-seansos","status":"publish","type":"page","link":"https:\/\/rigaiff.lv\/en\/par-drosibu-klatienes-seansos\/","title":{"rendered":"Par dro\u0161\u012bbu kl\u0101tienes seansos"},"content":{"rendered":"<p><\/p>\n<p>In person screenings at RIGA IFF take place in accordance with all the latest epidemiological requirements that apply to public events, in order to make your visit as possible.<\/p>\n<p>&#8211; The number of seats in cinemas is limited and you will be allocated to a specific seat keeping a safe distance from others;<br \/>\n&#8211; When arriving to a screening, we ask you to please disinfect your hands, not to congregate around the entrance and, if a queue forms, to observe a 2 meters distance to other guests;<br \/>\n&#8211; You will be asked to fill out a form upon entering the cinema in which you will be asked to share your contact information and seat number with us. The forms will be collected at the exit;<br \/>\n&#8211; The festival coat check will not be available, but you will be able to place your outerwear on any adjacent free seat;<br \/>\n&#8211; The headphones used for simultaneous interpretation will be disinfected between use;<br \/>\n&#8211; Celebrations marking a film&#8217;s premiere and other special events will take place outside the cinema, or when the audience is already seated;<br \/>\n&#8211; We urge festival visitors to use face masks;<br \/>\n&#8211; Please download the <a href=\"https:\/\/apturicovid.lv\" target=\"_blank\" rel=\"noopener\">Apturi Covid<\/a> app.<\/p>\n<p>We wish for all of us to be able to have a pleasant and safe cinema experience!<\/p>\n<p><\/p>","protected":false},"excerpt":{"rendered":"<p><\/p>\n<p>In person screenings at RIGA IFF take place in accordance with all the latest epidemiological requirements that apply to public events, in order to make your visit as possible.<\/p>\n<p>&#8211; The number of seats in cinemas is limited and you will be allocated to a specific seat keeping a safe distance from others;<br \/>\n&#8211; When arriving to a screening, we ask you to please disinfect your hands, not to congregate around the entrance and, if a queue forms, to observe a 2 meters distance to other guests;<br \/>\n&#8211; You will be asked to fill out a form upon entering the cinema in which you will be asked to share your contact information and seat number with us. The forms will be collected at the exit;<br \/>\n&#8211; The festival coat check will not be available, but you will be able to place your outerwear on any adjacent free seat;<br \/>\n&#8211; The headphones used for simultaneous interpretation will be disinfected between use;<br \/>\n&#8211; Celebrations marking a film&#8217;s premiere and other special events will take place outside the cinema, or when the audience is already seated;<br \/>\n&#8211; We urge festival visitors to use face masks;<\/p>","protected":false},"author":2,"featured_media":0,"parent":0,"menu_order":0,"comment_status":"closed","ping_status":"closed","template":"template_bstrap.php","meta":{"_acf_changed":false,"inline_featured_image":false,"footnotes":""},"class_list":["post-18299","page","type-page","status-publish","hentry"],"acf":[],"_links":{"self":[{"href":"https:\/\/rigaiff.lv\/en\/wp-json\/wp\/v2\/pages\/18299","targetHints":{"allow":["GET"]}}],"collection":[{"href":"https:\/\/rigaiff.lv\/en\/wp-json\/wp\/v2\/pages"}],"about":[{"href":"https:\/\/rigaiff.lv\/en\/wp-json\/wp\/v2\/types\/page"}],"author":[{"embeddable":true,"href":"https:\/\/rigaiff.lv\/en\/wp-json\/wp\/v2\/users\/2"}],"replies":[{"embeddable":true,"href":"https:\/\/rigaiff.lv\/en\/wp-json\/wp\/v2\/comments?post=18299"}],"version-history":[{"count":0,"href":"https:\/\/rigaiff.lv\/en\/wp-json\/wp\/v2\/pages\/18299\/revisions"}],"wp:attachment":[{"href":"https:\/\/rigaiff.lv\/en\/wp-json\/wp\/v2\/media?parent=18299"}],"curies":[{"name":"wp","href":"https:\/\/api.w.org\/{rel}","templated":true}]}}