{"id":23403,"date":"2021-10-12T19:42:14","date_gmt":"2021-10-12T16:42:14","guid":{"rendered":"https:\/\/rigaiff.lv\/?page_id=23403"},"modified":"2021-10-13T20:22:17","modified_gmt":"2021-10-13T17:22:17","slug":"pieejamiba-riga-iff","status":"publish","type":"page","link":"https:\/\/rigaiff.lv\/en\/pieejamiba-riga-iff\/","title":{"rendered":"Pieejam\u012bba RIGA IFF"},"content":{"rendered":"<p class=\"qtranxs-available-languages-message qtranxs-available-languages-message-en\"> <\/p><p><\/p>\n<p>R\u012bgas Starptautiskais kino festiv\u0101ls (RIGA IFF) v\u0113las nodro\u0161in\u0101t kino pieejam\u012bbu ikvienam, ticot, ka filma ir kolekt\u012bvi un soci\u0101li piedz\u012bvojama m\u0101kslas forma visiem l\u012bdzcilv\u0113kiem. \u0160ogad festiv\u0101la komanda sp\u0113rusi vair\u0101kus so\u013cus ce\u013c\u0101 uz to, lai cilv\u0113ki ar invalidit\u0101ti b\u016btu da\u013ca no festiv\u0101la un t\u0101 auditorijas.\u00a0<\/p>\n<p>\u0160ogad festiv\u0101ls notiek kl\u0101tien\u0113 R\u012bg\u0101 (kinote\u0101tr\u012b \u201cSplendid Palace\u201d un Latvijas Nacion\u0101l\u0101s bibliot\u0113kas Ziedo\u0146a z\u0101l\u0113) un tie\u0161saist\u0113 vis\u0101 Latvijas teritorij\u0101.\u00a0<\/p>\n<p>&nbsp;<\/p>\n<p><strong>VIDES UN SATURA PIEEJAM\u012aBA VEICIN\u0100TA AR SEKOJO\u0160\u0100M AKTIVIT\u0100T\u0112M:<\/strong><\/p>\n<p>\u2013 SEANSI TIE\u0160SAIST\u0112, kas \u013cauj ikvienam \u0101rpus R\u012bgas dz\u012bvojo\u0161ajam vai person\u0101m ar da\u017e\u0101diem apgr\u016btin\u0101jumiem k\u013c\u016bt par da\u013cu no festiv\u0101la<\/p>\n<p>\u2013 BEZMAKSAS BI\u013bETES PAVADO\u0145IEM, kas paver iesp\u0113ju personu ar 1. un 2. grupas invalidit\u0101ti pavado\u0146iem apmekl\u0113t seansus bez maksas<\/p>\n<p>\u2013 PAPILDU AUTOST\u0100VVIETAS PIE RIGA IFF NORISES GALVEN\u0100S \u0112KAS \u201cSPLENDID PALACE\u201d, sniedzot iesp\u0113ju ar automa\u0161\u012bnu \u0113rti un \u0101tri piek\u013c\u016bt kinote\u0101trim\u00a0<\/p>\n<p>\u2013 RIGA IFF NORISES GALVEN\u0100S \u0112KAS \u201cSPLENDID PALACE\u201d PIEL\u0100GO\u0160ANA, kas paredz to, ka cilv\u0113kiem ar kust\u012bbu un redzes apgr\u016btin\u0101jumiem iesp\u0113jams komfortabli iek\u013c\u016bt kinote\u0101tra z\u0101l\u0113s, orient\u0113ties \u0113k\u0101 un izmantot t\u0101s infrastrukt\u016bru<\/p>\n<p>\u2013 CITU VALODU SARUNU VERB\u0100LA TULKO\u0160ANA LATVIE\u0160U VALOD\u0100 KL\u0100TIENES SEANSOS, kas cilv\u0113kiem ar da\u013c\u0113jiem redzes apgr\u016btin\u0101jumiem pal\u012bdz\u0113s uztvert filmu saturiski (filmu program\u0101 mekl\u0113jiet nor\u0101di \u201cievietot vizu\u0101li ar austi\u0146\u0101m\u201d \u2013 \u0161\u0101da ikona apz\u012bm\u0113 to, ka \u0161ajos seansos tiek nodro\u0161in\u0101ts audiotulkojums)<\/p>\n<p>\u2013 RIGA IFF Z\u0100\u013bU ADMINISTRATORI, kuri b\u016bs festiv\u0101la pieejam\u012bbas v\u0113stne\u0161i: vi\u0146i pal\u012bdz\u0113s, atsauksies un sp\u0113s atrisin\u0101t da\u017e\u0101das situ\u0101cijas<\/p>\n<p>\u2013 LIELAS TELPU NOR\u0100DES, kuras pal\u012bdz\u0113s atrast \u012bs\u0101ko ce\u013cu uz seansu z\u0101l\u0113m<\/p>\n<p>&nbsp;<\/p>\n<p><strong>SAZI\u0145A AR RIGA IFF UN PAL\u012aDZ\u012aBA<\/strong><\/p>\n<p>Ja ir nepiecie\u0161ams nodro\u0161in\u0101t \u012bpa\u0161as piek\u013cuves pras\u012bbas, radu\u0161ies jaut\u0101jumi par bi\u013ce\u0161u ieg\u0101di vai ir k\u0101ds cits vaic\u0101jums, l\u016bdzam rakst\u012bt RIGA IFF Klientu atbalsta centram uz e-pastu atbalsts@rigaiff.lv vai zvan\u012bt uz atbalsta t\u0101lruni <a href=\"tel:+37125172090\">+371 25 17 2090<\/a>.<\/p>\n<p>Atrodoties RIGA IFF norises viet\u0101s kinote\u0101tr\u012b \u201cSplendid Palace\u201d un Latvijas Nacion\u0101laj\u0101 bibliot\u0113k\u0101, p\u0113c pal\u012bdz\u012bbas var v\u0113rsties ar\u012b festiv\u0101la inform\u0101cijas centros.\u00a0<\/p>\n<p>Festiv\u0101la norises \u0113k\u0101s b\u016bs RIGA IFF z\u0101\u013cu administratori \u2013 vi\u0146iem varat uzdot jaut\u0101jumus vai l\u016bgt pal\u012bdz\u012bbu. RIGA IFF asistentus var\u0113s atpaz\u012bt p\u0113c meln\u0101m vest\u0113m ar baltu RIGA IFF uzrakstu uz muguras da\u013cas.\u00a0<\/p>\n<p>T\u0101pat aicin\u0101m sekot l\u012bdzi norises \u0113k\u0101s izvietotaj\u0101m nor\u0101d\u0113m \u2013 telpu orientieriem, kuri iez\u012bm\u0113s ce\u013cu uz kinoz\u0101l\u0113m, labieriec\u012bb\u0101m un festiv\u0101la inform\u0101cijas centriem.<\/p>\n<p>&nbsp;<\/p>\n<p><\/p>","protected":false},"excerpt":{"rendered":"<p class=\"qtranxs-available-languages-message qtranxs-available-languages-message-en\"> <\/p><p><\/p>\n<p>R\u012bgas Starptautiskais kino festiv\u0101ls (RIGA IFF) v\u0113las nodro\u0161in\u0101t kino pieejam\u012bbu ikvienam, ticot, ka filma ir kolekt\u012bvi un soci\u0101li piedz\u012bvojama m\u0101kslas forma visiem l\u012bdzcilv\u0113kiem. \u0160ogad festiv\u0101la komanda sp\u0113rusi vair\u0101kus so\u013cus ce\u013c\u0101 uz to, lai cilv\u0113ki ar invalidit\u0101ti b\u016btu da\u013ca no festiv\u0101la un t\u0101 auditorijas.\u00a0<\/p>\n<p>\u0160ogad festiv\u0101ls notiek kl\u0101tien\u0113 R\u012bg\u0101 (kinote\u0101tr\u012b \u201cSplendid Palace\u201d un Latvijas Nacion\u0101l\u0101s bibliot\u0113kas Ziedo\u0146a z\u0101l\u0113) un tie\u0161saist\u0113 vis\u0101 Latvijas teritorij\u0101.\u00a0<\/p>\n<p>&nbsp;<\/p>\n<p>VIDES UN SATURA PIEEJAM\u012aBA VEICIN\u0100TA AR SEKOJO\u0160\u0100M AKTIVIT\u0100T\u0112M:<\/p>\n<p>\u2013 SEANSI TIE\u0160SAIST\u0112, kas \u013cauj ikvienam \u0101rpus R\u012bgas dz\u012bvojo\u0161ajam vai person\u0101m ar da\u017e\u0101diem apgr\u016btin\u0101jumiem k\u013c\u016bt par da\u013cu no festiv\u0101la<\/p>\n<p>\u2013 BEZMAKSAS BI\u013bETES PAVADO\u0145IEM, kas paver iesp\u0113ju personu ar 1. un 2. grupas invalidit\u0101ti pavado\u0146iem apmekl\u0113t seansus bez maksas<\/p>\n<p>\u2013 PAPILDU AUTOST\u0100VVIETAS PIE RIGA IFF NORISES GALVEN\u0100S \u0112KAS \u201cSPLENDID PALACE\u201d, sniedzot iesp\u0113ju ar automa\u0161\u012bnu \u0113rti un \u0101tri piek\u013c\u016bt kinote\u0101trim\u00a0<\/p>\n<p>\u2013 RIGA IFF NORISES GALVEN\u0100S \u0112KAS \u201cSPLENDID PALACE\u201d PIEL\u0100GO\u0160ANA, kas paredz to, ka cilv\u0113kiem ar kust\u012bbu un redzes apgr\u016btin\u0101jumiem iesp\u0113jams komfortabli iek\u013c\u016bt kinote\u0101tra z\u0101l\u0113s, orient\u0113ties \u0113k\u0101 un izmantot t\u0101s infrastrukt\u016bru<\/p>\n<p>\u2013 CITU VALODU SARUNU VERB\u0100LA TULKO\u0160ANA LATVIE\u0160U VALOD\u0100 KL\u0100TIENES SEANSOS, kas cilv\u0113kiem ar da\u013c\u0113jiem redzes apgr\u016btin\u0101jumiem pal\u012bdz\u0113s uztvert filmu saturiski (filmu program\u0101 mekl\u0113jiet nor\u0101di \u201cievietot vizu\u0101li ar austi\u0146\u0101m\u201d \u2013 \u0161\u0101da ikona apz\u012bm\u0113 to, ka \u0161ajos seansos tiek nodro\u0161in\u0101ts audiotulkojums)<\/p>\n<p>\u2013 RIGA IFF Z\u0100\u013bU ADMINISTRATORI, kuri b\u016bs festiv\u0101la pieejam\u012bbas v\u0113stne\u0161i: vi\u0146i pal\u012bdz\u0113s, atsauksies un sp\u0113s atrisin\u0101t da\u017e\u0101das situ\u0101cijas<\/p>\n<p>\u2013 LIELAS TELPU NOR\u0100DES, kuras pal\u012bdz\u0113s atrast \u012bs\u0101ko ce\u013cu uz seansu z\u0101l\u0113m<\/p>\n<p>&nbsp;<\/p>","protected":false},"author":2,"featured_media":0,"parent":0,"menu_order":0,"comment_status":"closed","ping_status":"closed","template":"blank_accessibility_template.php","meta":{"_acf_changed":false,"inline_featured_image":false,"footnotes":""},"class_list":["post-23403","page","type-page","status-publish","hentry"],"acf":[],"_links":{"self":[{"href":"https:\/\/rigaiff.lv\/en\/wp-json\/wp\/v2\/pages\/23403","targetHints":{"allow":["GET"]}}],"collection":[{"href":"https:\/\/rigaiff.lv\/en\/wp-json\/wp\/v2\/pages"}],"about":[{"href":"https:\/\/rigaiff.lv\/en\/wp-json\/wp\/v2\/types\/page"}],"author":[{"embeddable":true,"href":"https:\/\/rigaiff.lv\/en\/wp-json\/wp\/v2\/users\/2"}],"replies":[{"embeddable":true,"href":"https:\/\/rigaiff.lv\/en\/wp-json\/wp\/v2\/comments?post=23403"}],"version-history":[{"count":0,"href":"https:\/\/rigaiff.lv\/en\/wp-json\/wp\/v2\/pages\/23403\/revisions"}],"wp:attachment":[{"href":"https:\/\/rigaiff.lv\/en\/wp-json\/wp\/v2\/media?parent=23403"}],"curies":[{"name":"wp","href":"https:\/\/api.w.org\/{rel}","templated":true}]}}