{"id":33908,"date":"2023-10-05T19:59:03","date_gmt":"2023-10-05T16:59:03","guid":{"rendered":"https:\/\/rigaiff.lv\/?page_id=33908"},"modified":"2023-10-09T22:46:43","modified_gmt":"2023-10-09T19:46:43","slug":"pretigie-viriesi","status":"publish","type":"page","link":"https:\/\/rigaiff.lv\/en\/gids\/neciesamie-viriesi\/","title":{"rendered":"Toxic Males"},"content":{"rendered":"<p class=\"qtranxs-available-languages-message qtranxs-available-languages-message-en\"> <\/p><p><\/p>\n<p>Varo\u0146i, kurus bez \u012bpa\u0161as minstin\u0101\u0161an\u0101s varam nosaukt par pret\u012bgiem v\u012brie\u0161iem! Toksisk\u0101 maskulinit\u0101te roku rok\u0101 ar su\u0123estiju, ne\u017e\u0113l\u012bbu, apm\u0101t\u012bbu, \u0161\u0137ebino\u0161u egomaniakalit\u0101ti un ie\u0161anu p\u0101ri l\u012b\u0137iem \u2013 p\u0101rnest\u0101 un da\u017eubr\u012bd ar\u012b vistie\u0161\u0101kaj\u0101 noz\u012bm\u0113.<\/p>\n<p><\/p>","protected":false},"excerpt":{"rendered":"<p class=\"qtranxs-available-languages-message qtranxs-available-languages-message-en\"> <\/p><p><\/p>\n<p>Varo\u0146i, kurus bez \u012bpa\u0161as minstin\u0101\u0161an\u0101s varam nosaukt par pret\u012bgiem v\u012brie\u0161iem! Toksisk\u0101 maskulinit\u0101te roku rok\u0101 ar su\u0123estiju, ne\u017e\u0113l\u012bbu, apm\u0101t\u012bbu, \u0161\u0137ebino\u0161u egomaniakalit\u0101ti un ie\u0161anu p\u0101ri l\u012b\u0137iem \u2013 p\u0101rnest\u0101 un da\u017eubr\u012bd ar\u012b vistie\u0161\u0101kaj\u0101 noz\u012bm\u0113.<\/p>\n<p><\/p>","protected":false},"author":21,"featured_media":0,"parent":33808,"menu_order":0,"comment_status":"closed","ping_status":"closed","template":"selection_template.php","meta":{"_acf_changed":false,"inline_featured_image":false,"footnotes":""},"class_list":["post-33908","page","type-page","status-publish","hentry"],"acf":{"logo":"https:\/\/rigaiff.lv\/wp-content\/uploads\/2023\/06\/LUKA_Set_05_Sam-Louwyck_-Photo-by-Sabina-Christova-scaled.jpg","logo_url":"","title":"Toxic Males","tagline":"<p><!--td {border: 1px solid #cccccc;}br {mso-data-placement:same-cell;}-->Characters who can be described as disgusting males without attempting to diminish their actions. Their toxic masculinity often accompanies traits such as aggression, cruelty, delusion, unhealthy egocentrism, and readiness to walk over dead bodies, both figuratively and sometimes even literally.<\/p>\n","films":[30591,32491,32109,31228]},"_links":{"self":[{"href":"https:\/\/rigaiff.lv\/en\/wp-json\/wp\/v2\/pages\/33908","targetHints":{"allow":["GET"]}}],"collection":[{"href":"https:\/\/rigaiff.lv\/en\/wp-json\/wp\/v2\/pages"}],"about":[{"href":"https:\/\/rigaiff.lv\/en\/wp-json\/wp\/v2\/types\/page"}],"author":[{"embeddable":true,"href":"https:\/\/rigaiff.lv\/en\/wp-json\/wp\/v2\/users\/21"}],"replies":[{"embeddable":true,"href":"https:\/\/rigaiff.lv\/en\/wp-json\/wp\/v2\/comments?post=33908"}],"version-history":[{"count":0,"href":"https:\/\/rigaiff.lv\/en\/wp-json\/wp\/v2\/pages\/33908\/revisions"}],"up":[{"embeddable":true,"href":"https:\/\/rigaiff.lv\/en\/wp-json\/wp\/v2\/pages\/33808"}],"wp:attachment":[{"href":"https:\/\/rigaiff.lv\/en\/wp-json\/wp\/v2\/media?parent=33908"}],"curies":[{"name":"wp","href":"https:\/\/api.w.org\/{rel}","templated":true}]}}