{"id":3792,"date":"2018-08-01T17:59:43","date_gmt":"2018-08-01T14:59:43","guid":{"rendered":"http:\/\/rigaiff.lv\/2018\/?page_id=3792"},"modified":"2026-03-18T14:34:19","modified_gmt":"2026-03-18T12:34:19","slug":"about-the-festival","status":"publish","type":"page","link":"https:\/\/rigaiff.lv\/en\/about-the-festival\/","title":{"rendered":"About the Festival"},"content":{"rendered":"","protected":false},"excerpt":{"rendered":"","protected":false},"author":1,"featured_media":8790,"parent":0,"menu_order":0,"comment_status":"closed","ping_status":"closed","template":"about.php","meta":{"_acf_changed":false,"inline_featured_image":false,"footnotes":""},"class_list":["post-3792","page","type-page","status-publish","has-post-thumbnail","hentry"],"acf":{"about_the_festival_description":"<p>The mission of RIGA IFF is to create an internationally recognised cinema event that promotes Riga, enriches the northern European cultural space, and advocates for the development of an intelligent, open and active society.<\/p>\n<p>The Riga International Film Festival was established in 2014, and has quickly become one of Latvia\u2019s premier cultural events. It is a celebration of cinema that introduces the international film industry to the current body of work coming out of the Baltic Sea region and the Nordic countries, and in turn, introduces local audiences to the latest happenings in world cinema. The festival advances public interest in current events taking place in the contemporary cinema landscape, and encourages dialogue between viewers and filmmakers.<\/p>\n<p>In the RIGA IFF programme, contemporary cinema meets the classics, and assertive debut works mingle with festival hits. Moreover, the industry section of the festival provides a platform for film professionals from around the world in which to develop sustainable collaborations as well as discuss the future challenges facing the world of film.<\/p>\n<p>The professional jury presiding over the festival\u2019s international competitions for feature-length films, short films and music videos salutes uniquely expressive filmmakers and works that communicate new trends and advances in the language of cinema.<\/p>\n","festival_contacts_title":"Contacts","box_1":"<p><strong>Client Support Centre:<\/strong><br \/>\nFor any inquiries related to film screenings, tickets or passes<br \/>\n<a href=\"mailto:support@rigaiff.lv\">support@rigaiff.lv<\/a><\/p>\n","box_2":"<p><strong>General inquiries:<\/strong><br \/>\n<a href=\"mailto:info@rigaiff.lv\">info@rigaiff.lv<\/a><\/p>\n","box_3":"<p><strong>Press:<\/strong><br \/>\n<a href=\"mailto:press@rigaiff.lv\">press@rigaiff.lv<\/a><\/p>\n","box_4":"<p><strong>Postal address:<\/strong><br \/>\nBazn\u012bcas iela 8-20<br \/>\nR\u012bga, LV-1010<br \/>\nLatvia<\/p>\n","team_title":"","team_image":"https:\/\/rigaiff.lv\/wp-content\/uploads\/2020\/10\/STR6941-clean-web-crop.jpg","departments":[{"department_title":"LEADERSHIP","members":[{"member_photo":{"ID":20680,"id":20680,"title":"_STR7307-Edit","filename":"STR7307-Edit.jpg","filesize":2218616,"url":"https:\/\/rigaiff.lv\/wp-content\/uploads\/2021\/07\/STR7307-Edit.jpg","link":"https:\/\/rigaiff.lv\/wp-content\/uploads\/2021\/07\/STR7307-Edit.jpg","alt":"","author":"2","description":"","caption":"","name":"_str7307-edit","status":"inherit","uploaded_to":3792,"date":"2021-07-09 11:58:06","modified":"2021-07-09 11:58:06","menu_order":0,"mime_type":"image\/jpeg","type":"image","subtype":"jpeg","icon":"https:\/\/rigaiff.lv\/wp-includes\/images\/media\/default.png","width":2500,"height":1668,"sizes":{"thumbnail":"https:\/\/rigaiff.lv\/wp-content\/uploads\/2021\/07\/STR7307-Edit-150x150.jpg","thumbnail-width":150,"thumbnail-height":150,"medium":"https:\/\/rigaiff.lv\/wp-content\/uploads\/2021\/07\/STR7307-Edit-250x167.jpg","medium-width":250,"medium-height":167,"medium_large":"https:\/\/rigaiff.lv\/wp-content\/uploads\/2021\/07\/STR7307-Edit-768x512.jpg","medium_large-width":768,"medium_large-height":512,"large":"https:\/\/rigaiff.lv\/wp-content\/uploads\/2021\/07\/STR7307-Edit-1500x1001.jpg","large-width":900,"large-height":601,"1536x1536":"https:\/\/rigaiff.lv\/wp-content\/uploads\/2021\/07\/STR7307-Edit-1536x1025.jpg","1536x1536-width":1536,"1536x1536-height":1025,"2048x2048":"https:\/\/rigaiff.lv\/wp-content\/uploads\/2021\/07\/STR7307-Edit-2048x1366.jpg","2048x2048-width":2048,"2048x2048-height":1366,"large1200":"https:\/\/rigaiff.lv\/wp-content\/uploads\/2021\/07\/STR7307-Edit-1200x801.jpg","large1200-width":1200,"large1200-height":801,"large1800":"https:\/\/rigaiff.lv\/wp-content\/uploads\/2021\/07\/STR7307-Edit.jpg","large1800-width":1800,"large1800-height":1201,"small":"https:\/\/rigaiff.lv\/wp-content\/uploads\/2021\/07\/STR7307-Edit-120x80.jpg","small-width":120,"small-height":80,"uncompressed":"https:\/\/rigaiff.lv\/wp-content\/uploads\/2021\/07\/STR7307-Edit.jpg","uncompressed-width":2500,"uncompressed-height":1668,"custom-size":"https:\/\/rigaiff.lv\/wp-content\/uploads\/2021\/07\/STR7307-Edit-700x200.jpg","custom-size-width":700,"custom-size-height":200}},"url_parameter":"liene","member":"<p><strong>Liene Treimane<\/strong><br \/>\nFestival Director<br \/>\nMember of the Board<br \/>\n<a href=\"mailto:liene@rigaiff.lv\">liene@rigaiff.lv<\/a><\/p>\n"},{"member_photo":{"ID":30126,"id":30126,"title":"_STR7127-Edit","filename":"STR7127-Edit.jpg","filesize":2376069,"url":"https:\/\/rigaiff.lv\/wp-content\/uploads\/2023\/05\/STR7127-Edit.jpg","link":"https:\/\/rigaiff.lv\/wp-content\/uploads\/2023\/05\/STR7127-Edit.jpg","alt":"","author":"21","description":"","caption":"","name":"7250d15f0cb946eaa9f71a39f86f23c8","status":"inherit","uploaded_to":3792,"date":"2023-05-09 08:22:20","modified":"2023-05-09 08:22:20","menu_order":0,"mime_type":"image\/jpeg","type":"image","subtype":"jpeg","icon":"https:\/\/rigaiff.lv\/wp-includes\/images\/media\/default.png","width":2500,"height":1668,"sizes":{"thumbnail":"https:\/\/rigaiff.lv\/wp-content\/uploads\/2023\/05\/STR7127-Edit-150x150.jpg","thumbnail-width":150,"thumbnail-height":150,"medium":"https:\/\/rigaiff.lv\/wp-content\/uploads\/2023\/05\/STR7127-Edit-250x167.jpg","medium-width":250,"medium-height":167,"medium_large":"https:\/\/rigaiff.lv\/wp-content\/uploads\/2023\/05\/STR7127-Edit-768x512.jpg","medium_large-width":768,"medium_large-height":512,"large":"https:\/\/rigaiff.lv\/wp-content\/uploads\/2023\/05\/STR7127-Edit-1500x1001.jpg","large-width":900,"large-height":601,"1536x1536":"https:\/\/rigaiff.lv\/wp-content\/uploads\/2023\/05\/STR7127-Edit-1536x1025.jpg","1536x1536-width":1536,"1536x1536-height":1025,"2048x2048":"https:\/\/rigaiff.lv\/wp-content\/uploads\/2023\/05\/STR7127-Edit-2048x1366.jpg","2048x2048-width":2048,"2048x2048-height":1366,"large1200":"https:\/\/rigaiff.lv\/wp-content\/uploads\/2023\/05\/STR7127-Edit-1200x801.jpg","large1200-width":1200,"large1200-height":801,"large1800":"https:\/\/rigaiff.lv\/wp-content\/uploads\/2023\/05\/STR7127-Edit-1800x1201.jpg","large1800-width":1800,"large1800-height":1201,"small":"https:\/\/rigaiff.lv\/wp-content\/uploads\/2023\/05\/STR7127-Edit-120x80.jpg","small-width":120,"small-height":80,"uncompressed":"https:\/\/rigaiff.lv\/wp-content\/uploads\/2023\/05\/STR7127-Edit.jpg","uncompressed-width":2500,"uncompressed-height":1668,"custom-size":"https:\/\/rigaiff.lv\/wp-content\/uploads\/2023\/05\/STR7127-Edit-700x200.jpg","custom-size-width":700,"custom-size-height":200}},"url_parameter":"sonora","member":"<p><strong>Sonora Broka<\/strong><br \/>\nArtistic Director<br \/>\nHead of Film Programme<br \/>\n<a href=\"mailto:sonora@rigaiff.lv\">sonora@rigaiff.lv<\/a><\/p>\n"}]},{"department_title":"ADMINISTRATION \/ MANAGEMENT","members":[{"member_photo":{"ID":30129,"id":30129,"title":"IMG_6807-2","filename":"IMG_6807-2-scaled.jpg","filesize":274531,"url":"https:\/\/rigaiff.lv\/wp-content\/uploads\/2023\/05\/IMG_6807-2-scaled.jpg","link":"https:\/\/rigaiff.lv\/wp-content\/uploads\/2023\/05\/IMG_6807-2-scaled.jpg","alt":"","author":"21","description":"","caption":"","name":"83d1e449ddc4407d8f9cae8416191dd7","status":"inherit","uploaded_to":3792,"date":"2023-05-09 08:23:02","modified":"2023-05-09 08:23:02","menu_order":0,"mime_type":"image\/jpeg","type":"image","subtype":"jpeg","icon":"https:\/\/rigaiff.lv\/wp-includes\/images\/media\/default.png","width":2560,"height":1707,"sizes":{"thumbnail":"https:\/\/rigaiff.lv\/wp-content\/uploads\/2023\/05\/IMG_6807-2-150x150.jpg","thumbnail-width":150,"thumbnail-height":150,"medium":"https:\/\/rigaiff.lv\/wp-content\/uploads\/2023\/05\/IMG_6807-2-250x167.jpg","medium-width":250,"medium-height":167,"medium_large":"https:\/\/rigaiff.lv\/wp-content\/uploads\/2023\/05\/IMG_6807-2-768x512.jpg","medium_large-width":768,"medium_large-height":512,"large":"https:\/\/rigaiff.lv\/wp-content\/uploads\/2023\/05\/IMG_6807-2-1500x1000.jpg","large-width":900,"large-height":600,"1536x1536":"https:\/\/rigaiff.lv\/wp-content\/uploads\/2023\/05\/IMG_6807-2-1536x1024.jpg","1536x1536-width":1536,"1536x1536-height":1024,"2048x2048":"https:\/\/rigaiff.lv\/wp-content\/uploads\/2023\/05\/IMG_6807-2-2048x1365.jpg","2048x2048-width":2048,"2048x2048-height":1365,"large1200":"https:\/\/rigaiff.lv\/wp-content\/uploads\/2023\/05\/IMG_6807-2-1200x800.jpg","large1200-width":1200,"large1200-height":800,"large1800":"https:\/\/rigaiff.lv\/wp-content\/uploads\/2023\/05\/IMG_6807-2-1800x1200.jpg","large1800-width":1800,"large1800-height":1200,"small":"https:\/\/rigaiff.lv\/wp-content\/uploads\/2023\/05\/IMG_6807-2-120x80.jpg","small-width":120,"small-height":80,"uncompressed":"https:\/\/rigaiff.lv\/wp-content\/uploads\/2023\/05\/IMG_6807-2-scaled.jpg","uncompressed-width":2560,"uncompressed-height":1707,"custom-size":"https:\/\/rigaiff.lv\/wp-content\/uploads\/2023\/05\/IMG_6807-2-700x200.jpg","custom-size-width":700,"custom-size-height":200}},"url_parameter":"marta","member":"<p><strong>Marta Lu\u012bza Treimane<br \/>\n<\/strong>Project Coordinator, Film Distribution Manager<br \/>\n<a href=\"mailto:marta@rigaiff.lv\">marta@rigaiff.lv<\/a><\/p>\n"},{"member_photo":false,"url_parameter":"","member":"<p><strong>El\u012bna Gr\u016bbe<\/strong><br \/>\nLegal Advisor, Financial Manager<br \/>\n<a href=\"mailto:elina@rigaiff.lv\">elina@rigaiff.lv<\/a><\/p>\n"}]},{"department_title":"AUDIENCE & GUEST SERVICES","members":[{"member_photo":false,"url_parameter":"","member":"<p><strong>Kristafers Zei\u013cuks<\/strong><br \/>\nHead of Audience and Guest Services<br \/>\n<a href=\"mailto:kristafers@rigaiff.lv\">kristafers@rigaiff.lv<\/a><\/p>\n"},{"member_photo":false,"url_parameter":"","member":"<p><b>Gr\u0113ta Greb\u017ee<br \/>\n<\/b>Audience Services Manager<\/p>\n"},{"member_photo":false,"url_parameter":"","member":"<p><b>Vita Valheima<br \/>\n<\/b>Guest Services Manager<br \/>\n<a href=\"mailto:vita@rigaiff.lv\">vita@rigaiff.lv<\/a><\/p>\n"},{"member_photo":false,"url_parameter":"","member":"<p><b>Jana \u0160iklova<br \/>\n<\/b>Guest Services Coordinator<\/p>\n"},{"member_photo":false,"url_parameter":"","member":"<p><!--td {border: 1px solid #cccccc;}br {mso-data-placement:same-cell;}--><strong>Daiga Liv\u010d\u0101ne<\/strong><br \/>\nHead of Volunteer Department<br \/>\n<a href=\"mailto:daiga@rigaiff.lv\">daiga@rigaiff.lv<\/a><\/p>\n"},{"member_photo":false,"url_parameter":"","member":"<p><strong>Kar\u012bna Ze\u013conka<\/strong><br \/>\nVolunteer Coordinator and Manager of Screening Hall Administrators<\/p>\n"}]},{"department_title":"ONSITE MANAGEMENT","members":[{"member_photo":false,"url_parameter":"","member":"<p><strong>Dita Birken\u0161teina<\/strong><br \/>\nEvents Producer<br \/>\n<a href=\"mailto:dita@rigaiff.lv\">dita@rigaiff.lv<\/a><\/p>\n"},{"member_photo":false,"url_parameter":"","member":"<p><strong>J\u0101nis \u017dagari\u0146\u0161<\/strong><br \/>\nProduction Manager &amp; Technical Supervisor<br \/>\n<a href=\"mailto:zagarins@rigaiff.lv\">zagarins@rigaiff.lv<\/a><\/p>\n"},{"member_photo":false,"url_parameter":"","member":"<p><!--td {border: 1px solid #cccccc;}br {mso-data-placement:same-cell;}--><strong>Aiva T\u0101lberga<\/strong><br \/>\nProduction Asisstant<\/p>\n"},{"member_photo":false,"url_parameter":"","member":"<p><!--td {border: 1px solid #cccccc;}br {mso-data-placement:same-cell;}--><strong>Nikl\u0101vs \u0160\u016bpols<\/strong><br \/>\nAssistant Technical Supervisor<\/p>\n"},{"member_photo":false,"url_parameter":"","member":"<p><strong>Sab\u012bne Veldre<\/strong><br \/>\nForum Cinemas Screening Coordinator<\/p>\n"}]},{"department_title":"PROGRAMME","members":[{"member_photo":{"ID":30127,"id":30127,"title":"_STR7208","filename":"STR7208.jpg","filesize":2127979,"url":"https:\/\/rigaiff.lv\/wp-content\/uploads\/2023\/05\/STR7208.jpg","link":"https:\/\/rigaiff.lv\/wp-content\/uploads\/2023\/05\/STR7208.jpg","alt":"","author":"21","description":"","caption":"","name":"08b088b6282c4826b72260d32afa6d09","status":"inherit","uploaded_to":3792,"date":"2023-05-09 08:22:29","modified":"2023-05-09 08:22:29","menu_order":0,"mime_type":"image\/jpeg","type":"image","subtype":"jpeg","icon":"https:\/\/rigaiff.lv\/wp-includes\/images\/media\/default.png","width":2500,"height":1668,"sizes":{"thumbnail":"https:\/\/rigaiff.lv\/wp-content\/uploads\/2023\/05\/STR7208-150x150.jpg","thumbnail-width":150,"thumbnail-height":150,"medium":"https:\/\/rigaiff.lv\/wp-content\/uploads\/2023\/05\/STR7208-250x167.jpg","medium-width":250,"medium-height":167,"medium_large":"https:\/\/rigaiff.lv\/wp-content\/uploads\/2023\/05\/STR7208-768x512.jpg","medium_large-width":768,"medium_large-height":512,"large":"https:\/\/rigaiff.lv\/wp-content\/uploads\/2023\/05\/STR7208-1500x1001.jpg","large-width":900,"large-height":601,"1536x1536":"https:\/\/rigaiff.lv\/wp-content\/uploads\/2023\/05\/STR7208-1536x1025.jpg","1536x1536-width":1536,"1536x1536-height":1025,"2048x2048":"https:\/\/rigaiff.lv\/wp-content\/uploads\/2023\/05\/STR7208-2048x1366.jpg","2048x2048-width":2048,"2048x2048-height":1366,"large1200":"https:\/\/rigaiff.lv\/wp-content\/uploads\/2023\/05\/STR7208-1200x801.jpg","large1200-width":1200,"large1200-height":801,"large1800":"https:\/\/rigaiff.lv\/wp-content\/uploads\/2023\/05\/STR7208-1800x1201.jpg","large1800-width":1800,"large1800-height":1201,"small":"https:\/\/rigaiff.lv\/wp-content\/uploads\/2023\/05\/STR7208-120x80.jpg","small-width":120,"small-height":80,"uncompressed":"https:\/\/rigaiff.lv\/wp-content\/uploads\/2023\/05\/STR7208.jpg","uncompressed-width":2500,"uncompressed-height":1668,"custom-size":"https:\/\/rigaiff.lv\/wp-content\/uploads\/2023\/05\/STR7208-700x200.jpg","custom-size-width":700,"custom-size-height":200}},"url_parameter":"kristine","member":"<p><strong>Krist\u012bne Simsone<br \/>\n<\/strong>Head of RIGA IFF SHOWCASE<br \/>\n<a href=\"mailto:kristine@rigaiff.lv\">kristine@rigaiff.lv<\/a><\/p>\n"},{"member_photo":{"ID":20682,"id":20682,"title":"_STR7259-Edit","filename":"STR7259-Edit.jpg","filesize":2412424,"url":"https:\/\/rigaiff.lv\/wp-content\/uploads\/2021\/07\/STR7259-Edit.jpg","link":"https:\/\/rigaiff.lv\/wp-content\/uploads\/2021\/07\/STR7259-Edit.jpg","alt":"","author":"2","description":"","caption":"","name":"_str7259-edit","status":"inherit","uploaded_to":3792,"date":"2021-07-12 07:50:45","modified":"2021-07-12 07:50:45","menu_order":0,"mime_type":"image\/jpeg","type":"image","subtype":"jpeg","icon":"https:\/\/rigaiff.lv\/wp-includes\/images\/media\/default.png","width":2500,"height":1668,"sizes":{"thumbnail":"https:\/\/rigaiff.lv\/wp-content\/uploads\/2021\/07\/STR7259-Edit-150x150.jpg","thumbnail-width":150,"thumbnail-height":150,"medium":"https:\/\/rigaiff.lv\/wp-content\/uploads\/2021\/07\/STR7259-Edit-250x167.jpg","medium-width":250,"medium-height":167,"medium_large":"https:\/\/rigaiff.lv\/wp-content\/uploads\/2021\/07\/STR7259-Edit-768x512.jpg","medium_large-width":768,"medium_large-height":512,"large":"https:\/\/rigaiff.lv\/wp-content\/uploads\/2021\/07\/STR7259-Edit-1500x1001.jpg","large-width":900,"large-height":601,"1536x1536":"https:\/\/rigaiff.lv\/wp-content\/uploads\/2021\/07\/STR7259-Edit-1536x1025.jpg","1536x1536-width":1536,"1536x1536-height":1025,"2048x2048":"https:\/\/rigaiff.lv\/wp-content\/uploads\/2021\/07\/STR7259-Edit-2048x1366.jpg","2048x2048-width":2048,"2048x2048-height":1366,"large1200":"https:\/\/rigaiff.lv\/wp-content\/uploads\/2021\/07\/STR7259-Edit-1200x801.jpg","large1200-width":1200,"large1200-height":801,"large1800":"https:\/\/rigaiff.lv\/wp-content\/uploads\/2021\/07\/STR7259-Edit.jpg","large1800-width":1800,"large1800-height":1201,"small":"https:\/\/rigaiff.lv\/wp-content\/uploads\/2021\/07\/STR7259-Edit-120x80.jpg","small-width":120,"small-height":80,"uncompressed":"https:\/\/rigaiff.lv\/wp-content\/uploads\/2021\/07\/STR7259-Edit.jpg","uncompressed-width":2500,"uncompressed-height":1668,"custom-size":"https:\/\/rigaiff.lv\/wp-content\/uploads\/2021\/07\/STR7259-Edit-700x200.jpg","custom-size-width":700,"custom-size-height":200}},"url_parameter":"lauma","member":"<p><strong>Lauma Kaudz\u012bte<\/strong><br \/>\nHead of RIGA IFF Short Film Programme and SHORT RIGA Test Screenings<br \/>\n<a href=\"mailto:lauma@rigaiff.lv\">lauma@rigaiff.lv<\/a><\/p>\n"},{"member_photo":{"ID":30131,"id":30131,"title":"Portrait Leo TIFF BW","filename":"Portrait-Leo-TIFF-BW.jpg","filesize":2014877,"url":"https:\/\/rigaiff.lv\/wp-content\/uploads\/2023\/05\/Portrait-Leo-TIFF-BW.jpg","link":"https:\/\/rigaiff.lv\/wp-content\/uploads\/2023\/05\/Portrait-Leo-TIFF-BW.jpg","alt":"","author":"21","description":"","caption":"","name":"6b033f80302440cfb978d0b0aa242086","status":"inherit","uploaded_to":3792,"date":"2023-05-09 08:23:25","modified":"2023-05-09 08:23:25","menu_order":0,"mime_type":"image\/jpeg","type":"image","subtype":"jpeg","icon":"https:\/\/rigaiff.lv\/wp-includes\/images\/media\/default.png","width":2107,"height":2107,"sizes":{"thumbnail":"https:\/\/rigaiff.lv\/wp-content\/uploads\/2023\/05\/Portrait-Leo-TIFF-BW-150x150.jpg","thumbnail-width":150,"thumbnail-height":150,"medium":"https:\/\/rigaiff.lv\/wp-content\/uploads\/2023\/05\/Portrait-Leo-TIFF-BW-250x250.jpg","medium-width":250,"medium-height":250,"medium_large":"https:\/\/rigaiff.lv\/wp-content\/uploads\/2023\/05\/Portrait-Leo-TIFF-BW-768x768.jpg","medium_large-width":768,"medium_large-height":768,"large":"https:\/\/rigaiff.lv\/wp-content\/uploads\/2023\/05\/Portrait-Leo-TIFF-BW-1500x1500.jpg","large-width":900,"large-height":900,"1536x1536":"https:\/\/rigaiff.lv\/wp-content\/uploads\/2023\/05\/Portrait-Leo-TIFF-BW-1536x1536.jpg","1536x1536-width":1536,"1536x1536-height":1536,"2048x2048":"https:\/\/rigaiff.lv\/wp-content\/uploads\/2023\/05\/Portrait-Leo-TIFF-BW-2048x2048.jpg","2048x2048-width":2048,"2048x2048-height":2048,"large1200":"https:\/\/rigaiff.lv\/wp-content\/uploads\/2023\/05\/Portrait-Leo-TIFF-BW-1200x1200.jpg","large1200-width":1200,"large1200-height":1200,"large1800":"https:\/\/rigaiff.lv\/wp-content\/uploads\/2023\/05\/Portrait-Leo-TIFF-BW-1800x1800.jpg","large1800-width":1800,"large1800-height":1800,"small":"https:\/\/rigaiff.lv\/wp-content\/uploads\/2023\/05\/Portrait-Leo-TIFF-BW-120x120.jpg","small-width":120,"small-height":120,"uncompressed":"https:\/\/rigaiff.lv\/wp-content\/uploads\/2023\/05\/Portrait-Leo-TIFF-BW.jpg","uncompressed-width":2107,"uncompressed-height":2107,"custom-size":"https:\/\/rigaiff.lv\/wp-content\/uploads\/2023\/05\/Portrait-Leo-TIFF-BW-700x200.jpg","custom-size-width":700,"custom-size-height":200}},"url_parameter":"leo","member":"<p><strong>L\u00e9o Soesanto<\/strong><br \/>\nCurator, RIGA IFF Short Film Competitions<br \/>\n<a href=\"mailto:leo@rigaiff.lv\">leo@rigaiff.lv<\/a><\/p>\n"},{"member_photo":false,"url_parameter":"","member":"<p><strong>Lenka Tyrp\u00e1kov\u00e1<\/strong><br \/>\n<!--td {border: 1px solid #cccccc;}br {mso-data-placement:same-cell;}-->Curator, SHORT RIGA Test Screenings<br \/>\n<a href=\"mailto:lenka@rigaiff.lv\">lenka@rigaiff.lv<\/a><\/p>\n"},{"member_photo":false,"url_parameter":"","member":"<p><b>\u017danete Skarule<br \/>\n<\/b>Curator, Baltic Music Video Competition<\/p>\n"},{"member_photo":{"ID":30132,"id":30132,"title":"D\u0101rta_foto autors Ivars Krasts","filename":"Darta_foto-autors-Ivars-Krasts-scaled-e1683621180881.jpg","filesize":517662,"url":"https:\/\/rigaiff.lv\/wp-content\/uploads\/2023\/05\/Darta_foto-autors-Ivars-Krasts-scaled-e1683621180881.jpg","link":"https:\/\/rigaiff.lv\/wp-content\/uploads\/2023\/05\/Darta_foto-autors-Ivars-Krasts-scaled-e1683621180881.jpg","alt":"","author":"21","description":"","caption":"","name":"54b64be9812c4736b25cdada70b68b36","status":"inherit","uploaded_to":3792,"date":"2023-05-09 08:24:53","modified":"2023-05-09 08:24:53","menu_order":0,"mime_type":"image\/jpeg","type":"image","subtype":"jpeg","icon":"https:\/\/rigaiff.lv\/wp-includes\/images\/media\/default.png","width":1707,"height":1952,"sizes":{"thumbnail":"https:\/\/rigaiff.lv\/wp-content\/uploads\/2023\/05\/Darta_foto-autors-Ivars-Krasts-scaled-e1683621180881-150x150.jpg","thumbnail-width":150,"thumbnail-height":150,"medium":"https:\/\/rigaiff.lv\/wp-content\/uploads\/2023\/05\/Darta_foto-autors-Ivars-Krasts-scaled-e1683621180881-250x286.jpg","medium-width":250,"medium-height":286,"medium_large":"https:\/\/rigaiff.lv\/wp-content\/uploads\/2023\/05\/Darta_foto-autors-Ivars-Krasts-scaled-e1683621180881-768x878.jpg","medium_large-width":768,"medium_large-height":878,"large":"https:\/\/rigaiff.lv\/wp-content\/uploads\/2023\/05\/Darta_foto-autors-Ivars-Krasts-scaled-e1683621180881-1500x1715.jpg","large-width":900,"large-height":1029,"1536x1536":"https:\/\/rigaiff.lv\/wp-content\/uploads\/2023\/05\/Darta_foto-autors-Ivars-Krasts-scaled-e1683621180881-1343x1536.jpg","1536x1536-width":1343,"1536x1536-height":1536,"2048x2048":"https:\/\/rigaiff.lv\/wp-content\/uploads\/2023\/05\/Darta_foto-autors-Ivars-Krasts-1365x2048.jpg","2048x2048-width":1365,"2048x2048-height":2048,"large1200":"https:\/\/rigaiff.lv\/wp-content\/uploads\/2023\/05\/Darta_foto-autors-Ivars-Krasts-scaled-e1683621180881-1200x1372.jpg","large1200-width":1200,"large1200-height":1372,"large1800":"https:\/\/rigaiff.lv\/wp-content\/uploads\/2023\/05\/Darta_foto-autors-Ivars-Krasts-scaled-e1683621180881.jpg","large1800-width":1707,"large1800-height":1952,"small":"https:\/\/rigaiff.lv\/wp-content\/uploads\/2023\/05\/Darta_foto-autors-Ivars-Krasts-scaled-e1683621180881-120x137.jpg","small-width":120,"small-height":137,"uncompressed":"https:\/\/rigaiff.lv\/wp-content\/uploads\/2023\/05\/Darta_foto-autors-Ivars-Krasts-scaled-e1683621180881.jpg","uncompressed-width":1707,"uncompressed-height":1952,"custom-size":"https:\/\/rigaiff.lv\/wp-content\/uploads\/2023\/05\/Darta_foto-autors-Ivars-Krasts-scaled-e1683621180881-700x200.jpg","custom-size-width":700,"custom-size-height":200}},"url_parameter":"darta","member":"<p><strong>D\u0101rta Ceri\u0146a<\/strong><br \/>\nCurator, Film Catalogue Author<br \/>\n<a href=\"mailto:darta@rigaiff.lv\">darta@rigaiff.lv<\/a><\/p>\n"},{"member_photo":false,"url_parameter":"","member":"<p><!--td {border: 1px solid #cccccc;}br {mso-data-placement:same-cell;}--><strong>Landa Lagzdi\u0146a<\/strong><br \/>\nCoordinator, RIGA IFF SHOWCASE<\/p>\n"}]},{"department_title":"COMMUNICATION","members":[{"member_photo":false,"url_parameter":"","member":"<p><strong>Kaspars Kursi\u0161s<\/strong><br \/>\nHead of Marketing and Communications<br \/>\n<a href=\"mailto:kaspars@rigaiff.lv\">kaspars@rigaiff.lv<\/a><\/p>\n"},{"member_photo":false,"url_parameter":"","member":"<p><strong>Aldona Jak\u0161ta<br \/>\n<\/strong>Publicity Manager<br \/>\n<a href=\"mailto:aldona@rigaiff.lv\">aldona@rigaiff.lv<\/a><\/p>\n"},{"member_photo":false,"url_parameter":"","member":"<p><b>Una Zvirbule<br \/>\n<\/b>Communications Specialist<br \/>\n<a href=\"mailto:una@rigaiff.lv\">una@rigaiff.lv<\/a><\/p>\n"},{"member_photo":false,"url_parameter":"","member":"<p><strong>Valters Kalsers<br \/>\n<\/strong>Designer<\/p>\n"},{"member_photo":false,"url_parameter":"","member":"<p><strong>Agnese Bebre<\/strong><br \/>\nDesigner<\/p>\n"},{"member_photo":false,"url_parameter":"","member":"<p><strong>L\u012bva P\u0113tersone<\/strong><br \/>\n<!--td {border: 1px solid #cccccc;}br {mso-data-placement:same-cell;}-->English Translator of Communication Texts<\/p>\n"},{"member_photo":false,"url_parameter":"","member":"<p><strong>Kintija Rod\u017eersa<br \/>\n<\/strong>English Translator of Communication Texts<\/p>\n"},{"member_photo":false,"url_parameter":"","member":"<p><strong>Krists Kondr\u0101ts<\/strong><br \/>\nWebsite Developer<\/p>\n"},{"member_photo":false,"url_parameter":"","member":"<p><strong>Ervins Broks<\/strong><br \/>\nRIGA IFF Award Designer<\/p>\n"},{"member_photo":false,"url_parameter":"","member":"<p><strong>Art\u016brs Liepi\u0146\u0161<\/strong><br \/>\nRIGA IFF Audio Artist<\/p>\n"},{"member_photo":false,"url_parameter":"","member":"<p><strong>Valters Kristovskis<br \/>\n<\/strong>Photographer<\/p>\n"},{"member_photo":false,"url_parameter":"","member":"<p><!--td {border: 1px solid #cccccc;}br {mso-data-placement:same-cell;}--><strong>Agneta Ragauska<br \/>\n<\/strong>Photographer<\/p>\n"},{"member_photo":false,"url_parameter":"","member":"<p><strong>And\u017eelika Bondare<\/strong><br \/>\n<!--td {border: 1px solid #cccccc;}br {mso-data-placement:same-cell;}-->Photographer<\/p>\n"},{"member_photo":false,"url_parameter":"","member":"<p><strong>El\u012bna \u0160pura<br \/>\n<\/strong>Video editing<\/p>\n"}]},{"department_title":"FILM TECHNICAL DEPARTMENT","members":[{"member_photo":false,"url_parameter":"","member":"<p><b>Agnese Zap\u0101ne<br \/>\n<\/b>Head of Film Office<br \/>\n<a href=\"mailto:agnesezapane@rigaiff.lv\">agnesezapane@rigaiff.lv<\/a><\/p>\n"},{"member_photo":false,"url_parameter":"","member":"<p><b>Laura Ziemele<br \/>\n<\/b>Head of Film Translations Department and English Copy Editor<\/p>\n"},{"member_photo":false,"url_parameter":"","member":"<p><b>Kristaps L\u012bcis<br \/>\n<\/b><b><\/b>Film Office Manager<\/p>\n"}]}],"hello_text":"Hello, my name is..."},"_links":{"self":[{"href":"https:\/\/rigaiff.lv\/en\/wp-json\/wp\/v2\/pages\/3792","targetHints":{"allow":["GET"]}}],"collection":[{"href":"https:\/\/rigaiff.lv\/en\/wp-json\/wp\/v2\/pages"}],"about":[{"href":"https:\/\/rigaiff.lv\/en\/wp-json\/wp\/v2\/types\/page"}],"author":[{"embeddable":true,"href":"https:\/\/rigaiff.lv\/en\/wp-json\/wp\/v2\/users\/1"}],"replies":[{"embeddable":true,"href":"https:\/\/rigaiff.lv\/en\/wp-json\/wp\/v2\/comments?post=3792"}],"version-history":[{"count":34,"href":"https:\/\/rigaiff.lv\/en\/wp-json\/wp\/v2\/pages\/3792\/revisions"}],"predecessor-version":[{"id":44871,"href":"https:\/\/rigaiff.lv\/en\/wp-json\/wp\/v2\/pages\/3792\/revisions\/44871"}],"wp:featuredmedia":[{"embeddable":true,"href":"https:\/\/rigaiff.lv\/en\/wp-json\/wp\/v2\/media\/8790"}],"wp:attachment":[{"href":"https:\/\/rigaiff.lv\/en\/wp-json\/wp\/v2\/media?parent=3792"}],"curies":[{"name":"wp","href":"https:\/\/api.w.org\/{rel}","templated":true}]}}