{"id":43856,"date":"2025-09-15T16:55:36","date_gmt":"2025-09-15T13:55:36","guid":{"rendered":"https:\/\/rigaiff.lv\/?page_id=43856"},"modified":"2025-10-15T21:08:04","modified_gmt":"2025-10-15T18:08:04","slug":"latvijas-filmu-pirmizrades-un-ipasie-seansi","status":"publish","type":"page","link":"https:\/\/rigaiff.lv\/en\/gids-2025\/latvijas-filmu-pirmizrades-un-ipasie-seansi\/","title":{"rendered":"Premieres and screenings of Latvian films"},"content":{"rendered":"<p class=\"qtranxs-available-languages-message qtranxs-available-languages-message-en\"> <\/p><p><\/p>\n<p>V\u0113rien\u012bgaj\u0101 RIGA IFF pied\u0101v\u0101jum\u0101 nepalaid gar\u0101m ar\u012b Latvijas kino un t\u0101 veidot\u0101ju jaun\u0101kos veikumus. Festiv\u0101la laik\u0101 tiks svin\u0113tas divas pasaules pirmizr\u0101des \u2013 pirmo sastap\u0161anos ar skat\u012bt\u0101jiem piedz\u012bvos J\u0101\u0146a \u0100beles dokument\u0101rais detekt\u012bvs \u201cTestaments\u201d un Kristas Bur\u0101nes muzik\u0101li dokument\u0101r\u0101 ce\u013ca filma \u201cVisi putni skaisti dzied\u201d. T\u0101pat gaid\u0101mas ar\u012b vair\u0101kas Latvijas pirmizr\u0101des film\u0101m, kuru veido\u0161an\u0101 piedal\u012bju\u0161\u0101s pa\u0161m\u0101ju kino studijas \u201cMistrus Media\u201d un \u201cVFS Films\u201d.Tikm\u0113r Latvijas autoru \u012bs\u0101s metr\u0101\u017eas darbus \u2013 gan izmekl\u0113tas \u012bsfilmas, gan kr\u0101\u0161\u0146us m\u016bzikas video \u2013 var\u0113s baud\u012bt \u012bsfilmu nacion\u0101l\u0101 konkursa un Baltijas m\u016bzikas video konkursa skat\u0113s.<\/p>\n<p><\/p>","protected":false},"excerpt":{"rendered":"<p class=\"qtranxs-available-languages-message qtranxs-available-languages-message-en\"> <\/p><p><\/p>\n<p>V\u0113rien\u012bgaj\u0101 RIGA IFF pied\u0101v\u0101jum\u0101 nepalaid gar\u0101m ar\u012b Latvijas kino un t\u0101 veidot\u0101ju jaun\u0101kos veikumus. Festiv\u0101la laik\u0101 tiks svin\u0113tas divas pasaules pirmizr\u0101des \u2013 pirmo sastap\u0161anos ar skat\u012bt\u0101jiem piedz\u012bvos J\u0101\u0146a \u0100beles dokument\u0101rais detekt\u012bvs \u201cTestaments\u201d un Kristas Bur\u0101nes muzik\u0101li dokument\u0101r\u0101 ce\u013ca filma \u201cVisi putni skaisti dzied\u201d. T\u0101pat gaid\u0101mas ar\u012b vair\u0101kas Latvijas pirmizr\u0101des film\u0101m, kuru veido\u0161an\u0101 piedal\u012bju\u0161\u0101s pa\u0161m\u0101ju kino studijas \u201cMistrus Media\u201d un \u201cVFS Films\u201d.Tikm\u0113r Latvijas autoru \u012bs\u0101s metr\u0101\u017eas darbus \u2013 gan izmekl\u0113tas \u012bsfilmas, gan kr\u0101\u0161\u0146us m\u016bzikas video \u2013 var\u0113s baud\u012bt \u012bsfilmu nacion\u0101l\u0101 konkursa un Baltijas m\u016bzikas video konkursa skat\u0113s.<\/p>\n<p><\/p>","protected":false},"author":21,"featured_media":0,"parent":42741,"menu_order":0,"comment_status":"closed","ping_status":"closed","template":"selection_template_2025.php","meta":{"_acf_changed":false,"inline_featured_image":false,"footnotes":""},"class_list":["post-43856","page","type-page","status-publish","hentry"],"acf":{"logo":"https:\/\/rigaiff.lv\/wp-content\/uploads\/2025\/10\/TESTAMENTS-Still-5.jpg","logo_url":"","title":"Premieres and screenings of Latvian films","tagline":"<p data-start=\"0\" data-end=\"489\">In the vast RIGA IFF programme, don\u2019t miss the latest works from Latvian cinema and its creators. During the festival, two world premieres will be celebrated \u2013 J\u0101nis \u0100bele\u2019s documentary detective <i>The Last Will<\/i>\u00a0and Krista Bur\u0101ne\u2019s musical documentary road movie <em data-start=\"268\" data-end=\"296\">All Birds Sing Beautifully<\/em> will both have their first screenings. Several Latvian premieres are also expected for films produced in collaboration with local film studios <em data-start=\"455\" data-end=\"470\">Mistrus Media<\/em> and <em data-start=\"475\" data-end=\"486\">VFS Films<\/em>.<\/p>\n<p data-start=\"491\" data-end=\"714\" data-is-last-node=\"\" data-is-only-node=\"\">Meanwhile, the works of Latvian authors in short format \u2013 from carefully curated short films to vibrant music videos \u2013 can be enjoyed in the Short Film National Competition and the Baltic Music Video Competition screenings.<\/p>\n","films":[41057,41024,42678,40524,42662,40526,41810]},"_links":{"self":[{"href":"https:\/\/rigaiff.lv\/en\/wp-json\/wp\/v2\/pages\/43856","targetHints":{"allow":["GET"]}}],"collection":[{"href":"https:\/\/rigaiff.lv\/en\/wp-json\/wp\/v2\/pages"}],"about":[{"href":"https:\/\/rigaiff.lv\/en\/wp-json\/wp\/v2\/types\/page"}],"author":[{"embeddable":true,"href":"https:\/\/rigaiff.lv\/en\/wp-json\/wp\/v2\/users\/21"}],"replies":[{"embeddable":true,"href":"https:\/\/rigaiff.lv\/en\/wp-json\/wp\/v2\/comments?post=43856"}],"version-history":[{"count":1,"href":"https:\/\/rigaiff.lv\/en\/wp-json\/wp\/v2\/pages\/43856\/revisions"}],"predecessor-version":[{"id":43858,"href":"https:\/\/rigaiff.lv\/en\/wp-json\/wp\/v2\/pages\/43856\/revisions\/43858"}],"up":[{"embeddable":true,"href":"https:\/\/rigaiff.lv\/en\/wp-json\/wp\/v2\/pages\/42741"}],"wp:attachment":[{"href":"https:\/\/rigaiff.lv\/en\/wp-json\/wp\/v2\/media?parent=43856"}],"curies":[{"name":"wp","href":"https:\/\/api.w.org\/{rel}","templated":true}]}}