{"id":4734,"date":"2018-08-24T14:15:55","date_gmt":"2018-08-24T11:15:55","guid":{"rendered":"https:\/\/rigaiff.lv\/2018\/?page_id=4734"},"modified":"2025-06-12T12:35:06","modified_gmt":"2025-06-12T09:35:06","slug":"privacy-policy","status":"publish","type":"page","link":"https:\/\/rigaiff.lv\/en\/privacy-policy\/","title":{"rendered":"Privacy Policy"},"content":{"rendered":"<p class=\"qtranxs-available-languages-message qtranxs-available-languages-message-en\"> <\/p><p><\/p>\n<p>S\u012bkdat\u0146u izmanto\u0161anas noteikumos RIGA IFF interneta vietn\u0113s (turpm\u0101k &#8211; dokuments) ir aprakst\u012bta s\u012bkdat\u0146u izmanto\u0161ana interneta vietn\u0113s ar dom\u0113nu rigaiff.lv, nor\u0101d\u012bti s\u012bkdat\u0146u lieto\u0161anas nol\u016bki, k\u0101 ar\u012b lietot\u0101ju ties\u012bbas main\u012bt un izv\u0113l\u0113ties s\u012bkdat\u0146u lieto\u0161anu atbilsto\u0161i sav\u0101m vajadz\u012bb\u0101m.<\/p>\n<p><b>Kas ir s\u012bkdatnes?<\/b><\/p>\n<p>S\u012bkdatnes ir mazas teksta datnes, kuras t\u012bmek\u013ca p\u0101rl\u016bkprogramma (piem\u0113ram, Internet Explorer, Mozilla Firefox, Safari u. c.) saglab\u0101 lietot\u0101ja galiek\u0101rt\u0101 (dator\u0101, mobilaj\u0101 t\u0101lrun\u012b, plan\u0161et\u0113) br\u012bd\u012b, kad lietot\u0101js apmekl\u0113 t\u012bmek\u013ca vietni, lai identific\u0113tu p\u0101rl\u016bkprogrammu vai p\u0101rl\u016bkprogramm\u0101 saglab\u0101tu inform\u0101ciju vai iestat\u012bjumus.<\/p>\n<p>T\u0101d\u0113j\u0101di ar s\u012bkdat\u0146u pal\u012bdz\u012bbu t\u012bmek\u013ca vietne ieg\u016bst sp\u0113ju saglab\u0101t lietot\u0101ja individu\u0101los iestat\u012bjumus, atpaz\u012bt vi\u0146u un atbilsto\u0161i rea\u0123\u0113t, ar m\u0113r\u0137i uzlabot vietnes lieto\u0161anas pieredzi. Lietot\u0101js var atsp\u0113jot vai ierobe\u017eot s\u012bkdat\u0146u izmanto\u0161anu, ta\u010du bez s\u012bkdatn\u0113m neb\u016bs iesp\u0113jams pilnv\u0113rt\u012bgi izmantot visas viet\u0146u funkcijas. Atkar\u012bb\u0101 no veicamaj\u0101m funkcij\u0101m un izmanto\u0161anas m\u0113r\u0137a, RIGA IFF izmanto oblig\u0101ti nepiecie\u0161am\u0101s s\u012bkdatnes un statistikas s\u012bkdatnes.<\/p>\n<p><b>Oblig\u0101ti nepiecie\u0161am\u0101s s\u012bkdatnes<\/b><\/p>\n<p>\u0160\u012bs s\u012bkdatnes nepiecie\u0161amas, lai lietot\u0101js var\u0113tu br\u012bvi apmekl\u0113t un p\u0101rl\u016bkot t\u012bmek\u013ca vietni un izmantot t\u0101s pied\u0101v\u0101t\u0101s iesp\u0113jas, p\u0101rl\u016bkprogramma atcer\u0113tos lietot\u0101ja izv\u0113l\u0113tos uzst\u0101d\u012bjumus un veikt\u0101s izv\u0113les (piem\u0113ram \u2013 valodas iestat\u012bjumu), lai lietot\u0101js var\u0113tu \u0113rt\u0101k lietot vietni. \u0160\u012bs s\u012bkdatnes identific\u0113 lietot\u0101ja iek\u0101rtu, ta\u010du neizpau\u017e lietot\u0101ja identit\u0101ti, k\u0101 ar\u012b t\u0101s nev\u0101c un neapkopo inform\u0101ciju. Bez \u0161\u012bm s\u012bkdatn\u0113m t\u012bmek\u013ca vietne nevar\u0113s pilnv\u0113rt\u012bgi darboties, piem\u0113ram, sniegt lietot\u0101jam nepiecie\u0161amo inform\u0101ciju.<\/p>\n<p><b>Statistikas s\u012bkdatnes<\/b><\/p>\n<p>Statistikas s\u012bkdatnes apkopo inform\u0101ciju par to, k\u0101 lietot\u0101js lieto t\u012bmek\u013ca vietni, konstat\u0113 bie\u017e\u0101k apmekl\u0113t\u0101s sada\u013cas, ieskaitot saturu, kuru lietot\u0101js izv\u0113las, p\u0101rl\u016bkojot vietni. Inform\u0101cija tiek lietota anal\u012bzes nol\u016bkos, lai noskaidrotu, kas interes\u0113 vietnes lietot\u0101jus, un var\u0113tu uzlabot vietnes funkcionalit\u0101ti, padarot to \u0113rt\u0101k lietojamu. Statistikas s\u012bkdatnes identific\u0113 tikai lietot\u0101ja iek\u0101rtu, ta\u010du neizpau\u017e lietot\u0101ja identit\u0101ti. Atsevi\u0161\u0137os gad\u012bjumos da\u017eas no statistikas s\u012bkdatn\u0113m vietnes \u012bpa\u0161nieka viet\u0101, saska\u0146\u0101 ar t\u0101 nor\u0101d\u012bjumiem un tikai atbilsto\u0161i nor\u0101d\u012btajiem m\u0113r\u0137iem, p\u0101rvalda datu apstr\u0101d\u0101t\u0101ji.\u00a0<\/p>\n<p>K\u0101diem m\u0113r\u0137iem (nol\u016bkiem) RIGA IFF izmanto s\u012bkdatnes<\/p>\n<p>RIGA IFF izmanto s\u012bkdatnes, lai uzlabotu viet\u0146u un m\u0101jaslapu lieto\u0161anas pieredzi:<\/p>\n<ul>\n<li>nodro\u0161in\u0101tu m\u0101jaslapas funkcionalit\u0101ti;<\/li>\n<li>piel\u0101gotu m\u0101jaslapas funkcionalit\u0101ti lietot\u0101ja lieto\u0161anas paradumiem \u2013 tai skait\u0101 valodai, mekl\u0113\u0161anas piepras\u012bjumiem, iepriek\u0161 apskat\u012btajam saturam;<\/li>\n<li>ieg\u016btu statistikas datus par lapas apmekl\u0113t\u0101ju pl\u016bsmu \u2013 apmekl\u0113t\u0101ju skaitu, lap\u0101 pavad\u012bto laiku u. c.;<\/li>\n<li>lietot\u0101ju autentifik\u0101cijai;<\/li>\n<\/ul>\n<p>Izmantot\u0101s s\u012bkdatnes var at\u0161\u0137irties atkar\u012bb\u0101 no apmekl\u0113t\u0101s interneta vietnes sada\u013cas.<\/p>\n<p>Google Analytics s\u012bkdat\u0146u izmanto\u0161ana<\/p>\n<p>RIGA IFF izmanto Google Analytics 4 (GA4) r\u012bku, kura darb\u012bbu nodro\u0161ina Google Inc. (ASV uz\u0146\u0113mums) un piek\u013c\u016bst ar \u0161\u012b r\u012bka pal\u012bdz\u012bbu iev\u0101ktajiem statistikas datiem, tostarp datiem par lietot\u0101ja iek\u0101rtu un p\u0101rl\u016bku, aptuvenu geo-lok\u0101ciju, piesl\u0113guma laikam un citai tehniskai inform\u0101cijai. RIGA IFF vietn\u0113s ir ieviests Google Consent Mode, kas dinamiski piel\u0101go Google Analytics uzved\u012bbu, balstoties uz lietot\u0101ja piekri\u0161anas statusu. Kad lietot\u0101js p\u0101rl\u016bk\u0101 atver k\u0101du no RIGA IFF vietn\u0113m, tiek ielad\u0113ti Google skripti, kas izsauc Google Consent Mode API. Visas piekri\u0161anas tiek iestat\u012btas status\u0101 \u201cliegts\u201d un \u0161is statuss saglab\u0101jas l\u012bdz lietot\u0101js veic izmai\u0146as. Ja lietot\u0101js piekr\u012bt anal\u012btikas s\u012bkdatn\u0113m, GA4 analiz\u0113 un sniedz ieskatus par lietot\u0101ja aktivit\u0101t\u0113m, \u013caujot mums uzlabot lietot\u0101ja pieredzi RIGA IFF t\u012bmek\u013ca vietn\u0113s. Gad\u012bjumos, kad lietot\u0101js nepiekr\u012bt anal\u012btikas s\u012bkdat\u0146u izmanto\u0161anai, Google Consent Mode nodro\u0161ina, ka personas dati s\u012bkdatn\u0113s netiek saglab\u0101ti un t\u0101s tiek izmantotas tikai ar m\u0113r\u0137i saglab\u0101t lietot\u0101ja piekri\u0161anas statusu, kas atspogu\u013cojas s\u012bkdatnes v\u0113rt\u012bb\u0101. Pla\u0161\u0101k par Google Analytics pakalpojuma snieg\u0161anas noteikumiem var iepaz\u012bties m\u0101jaslap\u0101 http:\/\/www.google.com\/analytics\/terms\/us.html. J\u016bs varat atteikties no inform\u0101cijas snieg\u0161anas GA4 r\u012bkam par sav\u0101m darb\u012bb\u0101m jebkur\u0101 t\u012bmek\u013cvietn\u0113, instal\u0113jot atteik\u0161an\u0101s papildin\u0101jumu https:\/\/tools.google.com\/dlpage\/gaoptout\/. \u0160is papildin\u0101jums liedz pakalpojuma Google Analytics JavaScript elementiem (gtag.js, analytics.js), kas darbojas t\u012bmek\u013cvietn\u0113s, kop\u012bgot ar Google Analytics inform\u0101ciju par apmekl\u0113jumu.<\/p>\n<p>S\u012bkdat\u0146u inform\u0101cijas nodo\u0161ana tre\u0161aj\u0101m person\u0101m:<\/p>\n<p>S\u012bkdat\u0146u inform\u0101cija netiek nodota apstr\u0101dei \u0101rpus Eiropas Savien\u012bbas un Eiropas Ekonomikas Zonas (EEZ), iz\u0146emot atsevi\u0161\u0137us gad\u012bjumus, kad inform\u0101cija var tikt apstr\u0101d\u0101ta Amerikas Savienotaj\u0101s valst\u012bs (ASV), izmantojot ASV re\u0123istr\u0113tus apstr\u0101d\u0101t\u0101jus. RIGA IFF m\u0101jas lap\u0101s var tikt ievietotas saites uz tre\u0161o personu interneta m\u0101jaslap\u0101m, kur\u0101m ir savi lieto\u0161anas un personas datu aizsardz\u012bbas noteikumi.<\/p>\n<p>S\u012bkdat\u0146u apstiprin\u0101\u0161ana un atsp\u0113jo\u0161ana<\/p>\n<p>Apmekl\u0113jot RIGA IFF vietnes un m\u0101jaslapas, lietot\u0101jam tiek att\u0113lots logs ar zi\u0146ojumu par to, ka t\u012bmek\u013ca vietn\u0113 tiek izmantotas s\u012bkdatnes. Lietot\u0101jam ir iesp\u0113ja piekrist visu s\u012bkdat\u0146u izmanto\u0161anai vai izv\u0113l\u0113ties atsevi\u0161\u0137us s\u012bkdat\u0146u veidus, kur\u0101m sniegt savu piekri\u0161anu, izmantojot izv\u0113lnes \u201cPiekrist vis\u0101m\u201d vai \u201cPiel\u0101got izv\u0113li\u201d. Lietot\u0101jam netiek pied\u0101v\u0101ta iesp\u0113ja atteikties no tehnisko jeb oblig\u0101to s\u012bkdat\u0146u izmanto\u0161anas, jo bez to lieto\u0161anas interneta vietnes lieto\u0161ana b\u016bs trauc\u0113ta vai neb\u016bs iesp\u0113jama. Tehnisko jeb oblig\u0101to s\u012bkdat\u0146u izmanto\u0161anas tiesiskais pamats ir RIGA IFF k\u0101 p\u0101rzi\u0146a le\u0123it\u012bm\u0101s intereses \u2013 nodro\u0161in\u0101t interneta vietnes netrauc\u0113tu darb\u012bbu. P\u0101r\u0113jo s\u012bkdat\u0146u izmanto\u0161anas tiesiskais pamats ir lietot\u0101ja piekri\u0161ana, kas tiek sniegta ieliekot piekri\u0161anas atz\u012bmi attiec\u012bgaj\u0101 piekri\u0161anas dialoglog\u0101. Piekri\u0161ana apliecina, ka Lietot\u0101js iepazinies ar inform\u0101ciju par s\u012bkdatn\u0113m, to izmanto\u0161anas nol\u016bkiem un tiesisko pamatu. S\u012bkdat\u0146u atsp\u0113jo\u0161anu ir iesp\u0113jams veikt taj\u0101 pa\u0161\u0101 s\u012bkdat\u0146u pazi\u0146ojuma log\u0101, kur\u0101 t\u0101s tika apstiprin\u0101tas, iz\u0146emot piekri\u0161anas atz\u012bmi no attiec\u012bg\u0101 dialogloga. Piekri\u0161anas snieg\u0161ana, t\u0101s atsauk\u0161ana vai main\u012b\u0161ana attiecas uz vis\u0101m interneta vietnes sada\u013c\u0101m, kur\u0101s tiek izmantots attiec\u012bgais s\u012bkdat\u0146u veids.<\/p>\n<p><\/p>","protected":false},"excerpt":{"rendered":"<p class=\"qtranxs-available-languages-message qtranxs-available-languages-message-en\"> <\/p><p><\/p>\n<p>S\u012bkdat\u0146u izmanto\u0161anas noteikumos RIGA IFF interneta vietn\u0113s (turpm\u0101k &#8211; dokuments) ir aprakst\u012bta s\u012bkdat\u0146u izmanto\u0161ana interneta vietn\u0113s ar dom\u0113nu rigaiff.lv, nor\u0101d\u012bti s\u012bkdat\u0146u lieto\u0161anas nol\u016bki, k\u0101 ar\u012b lietot\u0101ju ties\u012bbas main\u012bt un izv\u0113l\u0113ties s\u012bkdat\u0146u lieto\u0161anu atbilsto\u0161i sav\u0101m vajadz\u012bb\u0101m.<\/p>\n<p>Kas ir s\u012bkdatnes?<\/p>\n<p>S\u012bkdatnes ir mazas teksta datnes, kuras t\u012bmek\u013ca p\u0101rl\u016bkprogramma (piem\u0113ram, Internet Explorer, Mozilla Firefox, Safari u. c.) saglab\u0101 lietot\u0101ja galiek\u0101rt\u0101 (dator\u0101, mobilaj\u0101 t\u0101lrun\u012b, plan\u0161et\u0113) br\u012bd\u012b, kad lietot\u0101js apmekl\u0113 t\u012bmek\u013ca vietni, lai identific\u0113tu p\u0101rl\u016bkprogrammu vai p\u0101rl\u016bkprogramm\u0101 saglab\u0101tu inform\u0101ciju vai iestat\u012bjumus.<\/p>\n<p>T\u0101d\u0113j\u0101di ar s\u012bkdat\u0146u pal\u012bdz\u012bbu t\u012bmek\u013ca vietne ieg\u016bst sp\u0113ju saglab\u0101t lietot\u0101ja individu\u0101los iestat\u012bjumus, atpaz\u012bt vi\u0146u un atbilsto\u0161i rea\u0123\u0113t, ar m\u0113r\u0137i uzlabot vietnes lieto\u0161anas pieredzi. Lietot\u0101js var atsp\u0113jot vai ierobe\u017eot s\u012bkdat\u0146u izmanto\u0161anu, ta\u010du bez s\u012bkdatn\u0113m neb\u016bs iesp\u0113jams pilnv\u0113rt\u012bgi izmantot visas viet\u0146u funkcijas. Atkar\u012bb\u0101 no veicamaj\u0101m funkcij\u0101m un izmanto\u0161anas m\u0113r\u0137a, RIGA IFF izmanto oblig\u0101ti nepiecie\u0161am\u0101s s\u012bkdatnes un statistikas s\u012bkdatnes.<\/p>","protected":false},"author":1,"featured_media":0,"parent":0,"menu_order":0,"comment_status":"closed","ping_status":"closed","template":"template_bstrap.php","meta":{"_acf_changed":false,"inline_featured_image":false,"footnotes":""},"class_list":["post-4734","page","type-page","status-publish","hentry"],"acf":[],"_links":{"self":[{"href":"https:\/\/rigaiff.lv\/en\/wp-json\/wp\/v2\/pages\/4734","targetHints":{"allow":["GET"]}}],"collection":[{"href":"https:\/\/rigaiff.lv\/en\/wp-json\/wp\/v2\/pages"}],"about":[{"href":"https:\/\/rigaiff.lv\/en\/wp-json\/wp\/v2\/types\/page"}],"author":[{"embeddable":true,"href":"https:\/\/rigaiff.lv\/en\/wp-json\/wp\/v2\/users\/1"}],"replies":[{"embeddable":true,"href":"https:\/\/rigaiff.lv\/en\/wp-json\/wp\/v2\/comments?post=4734"}],"version-history":[{"count":2,"href":"https:\/\/rigaiff.lv\/en\/wp-json\/wp\/v2\/pages\/4734\/revisions"}],"predecessor-version":[{"id":41143,"href":"https:\/\/rigaiff.lv\/en\/wp-json\/wp\/v2\/pages\/4734\/revisions\/41143"}],"wp:attachment":[{"href":"https:\/\/rigaiff.lv\/en\/wp-json\/wp\/v2\/media?parent=4734"}],"curies":[{"name":"wp","href":"https:\/\/api.w.org\/{rel}","templated":true}]}}