{"id":10456,"date":"2019-07-15T13:45:55","date_gmt":"2019-07-15T10:45:55","guid":{"rendered":"https:\/\/rigaiff.lv\/2020\/?page_id=10456"},"modified":"2025-08-20T11:57:20","modified_gmt":"2025-08-20T08:57:20","slug":"nosacijumi-un-instrukcija","status":"publish","type":"page","link":"https:\/\/rigaiff.lv\/lv\/rigaiff-accreditations-terms-and-conditions\/","title":{"rendered":"RIGA IFF akredit\u0101ciju lieto\u0161anas noteikumi"},"content":{"rendered":"<p><\/p>\n<p>\u0160ie noteikumi nosaka R\u012bgas Starptautisk\u0101 kino festiv\u0101la (turpm\u0101k \u2013 festiv\u0101la) p\u0101rdoto, pie\u0161\u0137irto un izsniegto akredit\u0101ciju un abonementu ieg\u0101des, pieteik\u0161anas, sa\u0146em\u0161anas un izmanto\u0161anas k\u0101rt\u012bbu un nosac\u012bjumus. \u0160ie noteikumi attiecas uz \u0161\u0101diem 2025. gad\u0101 notieko\u0161\u0101 festiv\u0101la akredit\u0101ciju un abonementu veidiem:<\/p>\n<ul>\n<li style=\"list-style-type: none;\">\n<ul>\n<li><i>Festival Pass<\/i> (Festiv\u0101la abonements)<\/li>\n<li><i>Festival &amp; Forum Pass<\/i> (Festiv\u0101la un RIGA IFF FORUM sada\u013cas caurlaide)<\/li>\n<li><i>Forum Pass<\/i> (RIGA IFF FORUM sada\u013cas caurlaide)<\/li>\n<li><i>Media Pass<\/i> (Mediju caurlaide)<\/li>\n<\/ul>\n<\/li>\n<\/ul>\n<p><b>Ieg\u0101d\u0101joties, piesakoties vai sa\u0146emot jebkuru no augst\u0101k min\u0113taj\u0101m Akredit\u0101cij\u0101m, J\u016bs apliecin\u0101t, ka esat iepazinies un piekr\u012btat \u0161iem noteikumiem.<\/b><\/p>\n<p>Noteikumos lietotie termini:<\/p>\n<ul>\n<li style=\"list-style-type: none;\">\n<ul>\n<li><b>akredit\u0101cija<\/b> \u2013 fiziskas vai juridiskas personas ieg\u0101d\u0101tas vai Festiv\u0101la pie\u0161\u0137irtas ties\u012bbas Akredit\u0101cijas tur\u0113t\u0101jam apmekl\u0113t Festiv\u0101la norises atbilsto\u0161i \u0161iem noteikumiem;<\/li>\n<li><b>akredit\u0101cijas bi\u013cete<\/b> \u2013 ar akredit\u0101ciju iz\u0146emta festiv\u0101la filmas seansa bi\u013cete, kas apliecina numur\u0113tas vai nenumur\u0113tas s\u0113dvietas rezerv\u0101ciju filmas seansa norises viet\u0101 (kinoz\u0101l\u0113);<\/li>\n<li><b>akredit\u0101cijas karte<\/b> \u2013 Festiv\u0101la izsniegta \u012bpa\u0161a dizaina plastik\u0101ta karte, kas satur inform\u0101ciju par Akredit\u0101cijas veidu, Akredit\u0101cijas tur\u0113t\u0101ju, k\u0101 ar\u012b sv\u012btru kodu un akredit\u0101cijas bi\u013ce\u0161u iz\u0146em\u0161anas kodu;<\/li>\n<li><b>akredit\u0101cijas tur\u0113t\u0101js<\/b> \u2013 fiziska persona, kas re\u0123istr\u0113jusi ieg\u0101d\u0101to Maksas akredit\u0101ciju Eventival, vai kurai Festiv\u0101ls ir bez maksas pie\u0161\u0137\u012bris Akredit\u0101ciju;<\/li>\n<li><b>akredit\u0101cijas veids<\/b> \u2013 Akredit\u0101ciju grupa, kurai noteikti vien\u0101di to lieto\u0161anas noteikumi un funkcionalit\u0101te;<\/li>\n<li><b>Eventival<\/b> \u2013 Festiv\u0101la izmantota viesu mened\u017ementa programmat\u016bra, kur\u0101 tiek pieteiktas, re\u0123istr\u0113tas un p\u0101rvald\u012btas Akredit\u0101cijas;<\/li>\n<li><b>festiv\u0101ls<\/b> \u2013 R\u012bgas Starptautiskais kino festiv\u0101ls, kas notiek no 16.10.2025. l\u012bdz 26.10.2025. (ieskaitot);<\/li>\n<li><b>nozares notikumi<\/b> \u2013 sl\u0113gti kino nozares p\u0101rst\u0101vjiem paredz\u0113ti notikumi atbilsto\u0161i RIGA IFF FORUM pas\u0101kumu pl\u0101nam (<a href=\"http:\/\/forum.rigaiff.lv\">forum.rigaiff.lv<\/a>), kas pieejami konkr\u0113tu akredit\u0101cijas veidu akredit\u0101ciju tur\u0113t\u0101jiem;<\/li>\n<li><b>nozares p\u0101rst\u0101vis<\/b> \u2013 kino nozares profesion\u0101lis vai students, kur\u0161 atbilst noteikumu noda\u013cas \u201cNozares p\u0101rst\u0101vji\u201d uzskait\u012bjumam;<\/li>\n<li><b>maksas akredit\u0101cija<\/b> \u2013 Festival Pass, Festival &amp; Forum Pass un Forum Pass, ko persona ir ieg\u0101d\u0101jusies par Festiv\u0101la noteiktu cenu;<\/li>\n<li><b>pamatseanss<\/b> \u2013 publiskais filmas seanss, kura cenu kategorija atbilst interneta vietn\u0113 <a href=\"http:\/\/biletes.rigaiff.lv\">biletes.rigaiff.lv<\/a> nor\u0101d\u012btaj\u0101m pamatseansu un KIDS\u2019 REEL filmu seansu cen\u0101m;<\/li>\n<li><b>publiskie filmu seansi<\/b> \u2013 Festiv\u0101la r\u012bkoti filmu seansi, uz kuriem jebkuram interesentam ir iesp\u0113ja ieg\u0101d\u0101ties ieejas bi\u013cetes.<\/li>\n<\/ul>\n<\/li>\n<\/ul>\n<p>Jaut\u0101jumu gad\u012bjum\u0101 par \u0161iem noteikumiem un akredit\u0101cij\u0101m \u2013 <a href=\"mailto:atbalsts@rigaiff.lv\">atbalsts@rigaiff.lv<\/a>.\u00a0<\/p>\n<h1>Akredit\u0101ciju visp\u0101r\u0113jie noteikumi<\/h1>\n<p>Neatkar\u012bgi no pie\u0161\u0137irt\u0101s, ieg\u0101d\u0101t\u0101s vai sa\u0146emt\u0101s akredit\u0101cijas veida, uz to ir attiecin\u0101mi \u0161\u0101di noteikumi, cikt\u0101l \u0161ie noteikumi nenosaka cit\u0101d\u0101ku k\u0101rt\u012bbu:<\/p>\n<ul>\n<li style=\"list-style-type: none;\">\n<ul>\n<li>Akredit\u0101ciju ir ties\u012bgs izmantot tikai akredit\u0101cijas tur\u0113t\u0101js. Akredit\u0101cijas vai akredit\u0101cijas kartes nodo\u0161ana cit\u0101m person\u0101m ir aizliegta;<\/li>\n<li>Akredit\u0101cija ir der\u012bga festiv\u0101la pamatseansu un notikumu apmekl\u0113jumiem, kas notiek no 16.10.2025. l\u012bdz 26.10.2025. (ieskaitot);<\/li>\n<li>Ar vienu akredit\u0101ciju (iz\u0146emot Forum Pass) ir iesp\u0113jams iz\u0146emt vienu akredit\u0101cijas bi\u013ceti uz jebkuru publisko filmas seansu, iz\u0146emot festiv\u0101la atkl\u0101\u0161anas vakaru un nosl\u0113guma ceremoniju;<\/li>\n<li>Festival Pass akredit\u0101cijas tur\u0113t\u0101jiem ir iesp\u0113jams iz\u0146emt vienu akredit\u0101cijas bi\u013ceti uz festiv\u0101la atkl\u0101\u0161anas vakaru un nosl\u0113guma ceremoniju;<\/li>\n<li>Akredit\u0101cijas bi\u013cetes ir iesp\u0113jams iz\u0146emt no akredit\u0101cijas kartes sa\u0146em\u0161anas br\u012b\u017ea;<\/li>\n<li>Apmekl\u0113jot filmas seansu akredit\u0101cijas tur\u0113t\u0101jam ir pien\u0101kums l\u012bdz\u0101s akredit\u0101cijas bi\u013cetei uzr\u0101d\u012bt savu akredit\u0101cijas karti;<\/li>\n<li>Pieejamais akredit\u0101cijas bi\u013ce\u0161u skaits uz katru no filmu seansiem ir ierobe\u017eots;<\/li>\n<li>Festival &amp; Forum Pass un Forum Pass akredit\u0101ciju tur\u0113t\u0101jiem ir ties\u012bbas apmekl\u0113t nozares notikumus atbilsto\u0161i festiv\u0101la m\u0101jaslap\u0101 nor\u0101d\u012btajai pas\u0101kumu programmai (<a href=\"http:\/\/forum.rigaiff.lv\">forum.rigaiff.lv<\/a>);<\/li>\n<li>Akredit\u0101cijas tur\u0113t\u0101js, apmekl\u0113jot festiv\u0101lu, iev\u0113ro festiv\u0101la norises vietu k\u0101rt\u012bbas noteikumus un visp\u0101rpie\u0146emtas \u0113tikas un uzved\u012bbas normas.<\/li>\n<\/ul>\n<\/li>\n<\/ul>\n<p>Akredit\u0101cijas kartes ir iesp\u0113jams sa\u0146emt no 16.10.2025. Festiv\u0101la inform\u0101cijas centr\u0101 t\u0101 darba laik\u0101.<\/p>\n<h1><strong><span>Akredit\u0101cijas veidu speci\u0101lie noteikumi<\/span><\/strong><\/h1>\n<h2><strong><span>Festival Pass speci\u0101lie noteikumi<\/span><\/strong><\/h2>\n<p>Festival Pass ir maksas akredit\u0101cija, kuru ir iesp\u0113jams ieg\u0101d\u0101ties Festiv\u0101la m\u0101jaslap\u0101 (<a href=\"http:\/\/www.rigaiff.lv\">www.rigaiff.lv<\/a>) vai <i>Bi\u013ce\u0161u serviss<\/i> tirdzniec\u012bbas viet\u0101s. Festiv\u0101ls p\u0113c saviem ieskatiem var pie\u0161\u0137irt \u0161o akredit\u0101ciju bez maksas.<\/p>\n<p>P\u0113c Festival Pass ieg\u0101des, no 01.09.2025., akredit\u0101cijas tur\u0113t\u0101jam ir pien\u0101kums autoriz\u0113ties Eventival (<a href=\"https:\/\/vp.eventival.com\/rigaiff\/2025\" target=\"_blank\" rel=\"noopener\">https:\/\/vp.eventival.com\/rigaiff\/2025<\/a>), kur:<\/p>\n<ul>\n<li style=\"list-style-type: none;\">\n<ul>\n<li aria-level=\"1\">pirmreiz\u0113jas autoriz\u0113\u0161an\u0101s gad\u012bjum\u0101:\n<ul>\n<li style=\"list-style-type: none;\">\n<ul>\n<li>re\u0123istr\u0113jas un aizpilda nepiecie\u0161amo personas un kontaktu inform\u0101ciju par akredit\u0101cijas tur\u0113t\u0101ju;<\/li>\n<li>aug\u0161upiel\u0101d\u0113 savu fotoatt\u0113lu, kur\u0101 skaidri redzama akredit\u0101cijas tur\u0113t\u0101ja seja;<\/li>\n<li>re\u0123istr\u0113 ieg\u0101d\u0101to maksas akredit\u0101ciju;<\/li>\n<\/ul>\n<\/li>\n<\/ul>\n<\/li>\n<li aria-level=\"1\">atk\u0101rtotas autoriz\u0113\u0161an\u0101s gad\u012bjum\u0101:\n<ul>\n<li style=\"list-style-type: none;\">\n<ul>\n<li>p\u0101rskata un nepiecie\u0161am\u012bbas gad\u012bjum\u0101 atjauno personas un kontaktu inform\u0101ciju par akredit\u0101cijas tur\u0113t\u0101ju;<\/li>\n<li>p\u0101rliecin\u0101s, ka fotoatt\u0113l\u0101 ir skaidri redzama akredit\u0101cijas tur\u0113t\u0101ja seja, un nepiecie\u0161am\u012bbas gad\u012bjum\u0101 atjauno fotoatt\u0113lu;<\/li>\n<li>re\u0123istr\u0113 ieg\u0101d\u0101to maksas akredit\u0101ciju.<\/li>\n<\/ul>\n<\/li>\n<\/ul>\n<\/li>\n<\/ul>\n<\/li>\n<\/ul>\n<p>Uz Festival Pass veida akredit\u0101ciju ir attiecin\u0101mi \u0161\u0101di speci\u0101lie noteikumi:<\/p>\n<ul>\n<li style=\"list-style-type: none;\">\n<ul>\n<li>Festival Pass maksas akredit\u0101cijas tur\u0113t\u0101jam ir ties\u012bbas izmantot akredit\u0101cijas ieg\u0101des br\u012bd\u012b sa\u0146emt\u0101s bi\u013cetes kodu, lai pirms akredit\u0101cijas kartes sa\u0146em\u0161anas iz\u0146emtu akredit\u0101cijas bi\u013cetes;<\/li>\n<li>Ar Festival Pass akredit\u0101ciju ir iesp\u0113jams iz\u0146emt vienu akredit\u0101cijas bi\u013ceti uz jebkuru pamatseansu <span>un Festiv\u0101la atkl\u0101\u0161anas vakaru un nosl\u0113guma ceremoniju<\/span>.<\/li>\n<\/ul>\n<\/li>\n<\/ul>\n<h2><strong><span>Festival &amp; Forum Pass speci\u0101lie noteikumi<\/span><\/strong><\/h2>\n<p>Festival &amp; Forum Pass ir maksas akredit\u0101cija, kura ir paredz\u0113ta nozares p\u0101rst\u0101vjiem publisko filmu seansu (iz\u0146emot festiv\u0101la atkl\u0101\u0161anas vakaru un nosl\u0113guma ceremoniju) un nozares pas\u0101kumu apmekl\u0113\u0161anai un kurai ir iesp\u0113jams pieteikties Eventival. Festiv\u0101ls p\u0113c saviem ieskatiem var pie\u0161\u0137irt \u0161o akredit\u0101ciju bez maksas.<\/p>\n<p>Nozares p\u0101rst\u0101vis var pieteikties akredit\u0101cijai no 01.09.2025. l\u012bdz 13.10.2025., autoriz\u0113joties sav\u0101 Eventival lietot\u0101ja kont\u0101 (<a href=\"https:\/\/vp.eventival.com\/rigaiff\/2025\" target=\"_blank\" rel=\"noopener\">https:\/\/vp.eventival.com\/rigaiff\/2025<\/a>), kur:<\/p>\n<ul>\n<li style=\"list-style-type: none;\">\n<ul>\n<li aria-level=\"1\">pirmreiz\u0113jas autoriz\u0113\u0161an\u0101s gad\u012bjum\u0101:\n<ul>\n<li style=\"list-style-type: none;\">\n<ul>\n<li>re\u0123istr\u0113jas un aizpilda nepiecie\u0161amo personas un kontaktu inform\u0101ciju par akredit\u0101cijas tur\u0113t\u0101ju;<\/li>\n<li>aug\u0161upiel\u0101d\u0113 savu fotoatt\u0113lu, kur\u0101 skaidri redzama akredit\u0101cijas tur\u0113t\u0101ja seja;<\/li>\n<li>\u201cAccreditations\u201d modul\u012b piesak\u0101s akredit\u0101cijai, nor\u0101dot inform\u0101ciju par savu profesion\u0101lo darb\u012bbu;<\/li>\n<\/ul>\n<\/li>\n<\/ul>\n<\/li>\n<li aria-level=\"1\">atk\u0101rtotas autoriz\u0113\u0161an\u0101s gad\u012bjum\u0101:\n<ul>\n<li style=\"list-style-type: none;\">\n<ul>\n<li>p\u0101rskata un nepiecie\u0161am\u012bbas gad\u012bjum\u0101 atjauno personas un kontaktu inform\u0101ciju par akredit\u0101cijas tur\u0113t\u0101ju;<\/li>\n<li>p\u0101rliecin\u0101s, ka fotoatt\u0113l\u0101 ir skaidri redzama akredit\u0101cijas tur\u0113t\u0101ja seja, un nepiecie\u0161am\u012bbas gad\u012bjum\u0101 atjauno fotoatt\u0113lu;<\/li>\n<li>\u201cAccreditations\u201d modul\u012b piesak\u0101s akredit\u0101cijai, nor\u0101dot inform\u0101ciju par savu profesion\u0101lo darb\u012bbu.<\/li>\n<\/ul>\n<\/li>\n<\/ul>\n<\/li>\n<\/ul>\n<\/li>\n<\/ul>\n<p>P\u0113c pieteik\u0161an\u0101s akredit\u0101cijai, festiv\u0101ls individu\u0101li izskata katru pieteikumu piecu dienu laik\u0101, v\u0113rt\u0113jot akredit\u0101cijas tur\u0113t\u0101ja atbilst\u012bbu nozares p\u0101rst\u0101vja statusam, un pozit\u012bva l\u0113muma gad\u012bjum\u0101 nos\u016bta akredit\u0101cijas tur\u0113t\u0101jam inform\u0101ciju par akredit\u0101cijas apmaksu. Akredit\u0101cijas tur\u0113t\u0101js veic apmaksu tr\u012bs dienu laik\u0101. Ja akredit\u0101cijas apmaksa nav veikta noteiktaj\u0101 termi\u0146\u0101, akredit\u0101cijas pieteikums tiek anul\u0113ts.<\/p>\n<p>Noraidot akredit\u0101cijas pieteikumu, festiv\u0101ls inform\u0113 pieteic\u0113ju par savu l\u0113mumu. Festiv\u0101lam ir ties\u012bbas atteikt akredit\u0101cijas pie\u0161\u0137ir\u0161anu, nepaskaidrojot atteikuma iemeslu.<\/p>\n<h2><strong><span>Forum Pass speci\u0101lie noteikumi<\/span><\/strong><\/h2>\n<p>Forum Pass ir maksas akredit\u0101cija, kas ir paredz\u0113ta nozares p\u0101rst\u0101vjiem tikai nozares pas\u0101kumu apmekl\u0113\u0161anai un kam ir iesp\u0113jams pieteikties Eventival. Festiv\u0101ls p\u0113c saviem ieskatiem var pie\u0161\u0137irt \u0161o akredit\u0101ciju bez maksas.<\/p>\n<p>Nozares p\u0101rst\u0101vis var pieteikties Forum Pass akredit\u0101cijai \u00a0no 01.09.2025. l\u012bdz 21.10.2025., autoriz\u0113joties sav\u0101 Eventival lietot\u0101ja kont\u0101 (<a href=\"https:\/\/vp.eventival.com\/rigaiff\/2025\" target=\"_blank\" rel=\"noopener\">https:\/\/vp.eventival.com\/rigaiff\/2025<\/a>), kur:<\/p>\n<ul>\n<li style=\"list-style-type: none;\">\n<ul>\n<li aria-level=\"1\">pirmreiz\u0113jas autoriz\u0101cijas gad\u012bjum\u0101:\n<ul>\n<li style=\"list-style-type: none;\">\n<ul>\n<li>re\u0123istr\u0113jas un aizpilda nepiecie\u0161amo personas un kontaktu inform\u0101ciju par akredit\u0101cijas tur\u0113t\u0101ju;<\/li>\n<li>aug\u0161upiel\u0101d\u0113 savu fotoatt\u0113lu, kur\u0101 skaidri redzama akredit\u0101cijas tur\u0113t\u0101ja seja;<\/li>\n<li>\u201cAccreditations\u201d modul\u012b piesak\u0101s akredit\u0101cijai, nor\u0101dot inform\u0101ciju par savu profesion\u0101lo darb\u012bbu;<\/li>\n<\/ul>\n<\/li>\n<\/ul>\n<\/li>\n<li aria-level=\"1\">atk\u0101rtotas autoriz\u0101cijas gad\u012bjum\u0101:\n<ul>\n<li style=\"list-style-type: none;\">\n<ul>\n<li>p\u0101rskata un nepiecie\u0161am\u012bbas gad\u012bjum\u0101 atjauno personas un kontaktu inform\u0101ciju par akredit\u0101cijas tur\u0113t\u0101ju;<\/li>\n<li>p\u0101rliecin\u0101s, ka fotoatt\u0113l\u0101 ir skaidri redzama akredit\u0101cijas tur\u0113t\u0101ja seja, un nepiecie\u0161am\u012bbas gad\u012bjum\u0101 atjauno fotoatt\u0113lu;<\/li>\n<li>\u201cAccreditations\u201d modul\u012b piesak\u0101s akredit\u0101cijai, nor\u0101dot inform\u0101ciju par savu profesion\u0101lo darb\u012bbu.<\/li>\n<\/ul>\n<\/li>\n<\/ul>\n<\/li>\n<\/ul>\n<\/li>\n<\/ul>\n<p>P\u0113c pieteik\u0161an\u0101s akredit\u0101cijai, festiv\u0101ls individu\u0101li izskata katru pieteikumu septi\u0146u dienu laik\u0101, bet ne v\u0113l\u0101k k\u0101 l\u012bdz 23.10.2025., v\u0113rt\u0113jot akredit\u0101cijas tur\u0113t\u0101ja atbilst\u012bbu nozares p\u0101rst\u0101vja statusam, un pozit\u012bva l\u0113muma gad\u012bjum\u0101 nos\u016bta akredit\u0101cijas tur\u0113t\u0101jam inform\u0101ciju par akredit\u0101cijas apmaksu. Akredit\u0101cijas tur\u0113t\u0101js veic apmaksu tr\u012bs dienu laik\u0101. Ja akredit\u0101cijas apmaksa nav veikta noteiktaj\u0101 termi\u0146\u0101, akredit\u0101cijas pieteikums tiek anul\u0113ts.<\/p>\n<p>Noraidot akredit\u0101cijas pieteikumu, festiv\u0101ls inform\u0113 pieteic\u0113ju par savu l\u0113mumu. Festiv\u0101lam ir ties\u012bbas atteikt akredit\u0101cijas pie\u0161\u0137ir\u0161anu, nepaskaidrojot atteikuma iemeslu.<\/p>\n<h2><span><strong>Media Pass speci\u0101lie noteikumi<\/strong><\/span><\/h2>\n<p>Media Pass ir bezmaksas akredit\u0101cija, kas ir paredz\u0113ta tikai mediju p\u0101rst\u0101vjiem, kuri veidos publik\u0101cijas par festiv\u0101lu.<\/p>\n<p>Mediju p\u0101rst\u0101vji var pieteikties Media Pass akredit\u0101cijai l\u012bdz 01.10.2025. festiv\u0101la m\u0101jaslap\u0101 (<a href=\"http:\/\/rigaiff.lv\">rigaiff.lv<\/a>), aizpildot pieteik\u0161an\u0101s anketu un pievienojot medija redaktora vai atbild\u012bg\u0101s personas parakst\u012btu apliecin\u0101jumu, kas apstiprina \u017eurn\u0101lista pl\u0101not\u0101s publik\u0101cijas konkr\u0113taj\u0101 medij\u0101. Apliecin\u0101jum\u0101 ir j\u0101nor\u0101da sekojo\u0161a inform\u0101cija:<\/p>\n<ul>\n<li>medija regularit\u0101te (dienas, ned\u0113\u013cas, m\u0113ne\u0161a u. c.);<\/li>\n<li>tir\u0101\u017ea un sasniedzam\u0101 auditorija;<\/li>\n<li>pl\u0101not\u0101s publik\u0101cijas par RIGA IFF programmu, noris\u0113m, viesiem u. c.<\/li>\n<\/ul>\n<p>Piesakoties Media Pass akredit\u0101cijai atk\u0101rtoti, nepiecie\u0161ams uzr\u0101d\u012bt iepriek\u0161\u0113j\u0101 gad\u0101 izveidot\u0101s publik\u0101cijas un si\u017eetus. Tie kalpos par pamatu mediju p\u0101rst\u0101vja reakredit\u0101cijai festiv\u0101lam.<\/p>\n<p>Akredit\u0101cija var tikt pie\u0161\u0137irta ne vair\u0101k k\u0101 diviem p\u0101rst\u0101vjiem no viena medija, iz\u0146emot gad\u012bjumus, kad par citu k\u0101rt\u012bbu ir notikusi iepriek\u0161\u0113ja vieno\u0161an\u0101s ar festiv\u0101lu. L\u0113mumu par akredit\u0101cijas pie\u0161\u0137ir\u0161anu vai atteikumu festiv\u0101ls pie\u0146em l\u012bdz 07.10.2025. Festiv\u0101lam ir ties\u012bbas atteikt akredit\u0101cijas pie\u0161\u0137ir\u0161anu, nepaskaidrojot atteikuma iemeslu.<\/p>\n<p>Festiv\u0101ls negarant\u0113 to pieteikumu izskat\u012b\u0161anu, kas iesniegti p\u0113c nor\u0101d\u012bt\u0101 termi\u0146a. Tiks izskat\u012bti tikai tie pieteikumi, kuros b\u016bs ietverta visa pieteikuma anket\u0101 nor\u0101d\u0101m\u0101 inform\u0101cija.<\/p>\n<p>Apstiprin\u0101tie Media Pass akredit\u0101cijas tur\u0113t\u0101ji p\u0113c akredit\u0101cijas apstiprin\u0101juma sa\u0146em\u0161anas, re\u0123istr\u0113jas apstiprin\u0101juma e-past\u0101 nor\u0101d\u012btaj\u0101 k\u0101rt\u012bb\u0101 Eventival.<\/p>\n<p>P\u0113c festiv\u0101la nosl\u0113guma, Media Pass tur\u0113t\u0101js ne v\u0113l\u0101k k\u0101 2 m\u0113ne\u0161u laik\u0101 nos\u016bta festiv\u0101la publicit\u0101tes mened\u017eerim par festiv\u0101lu izveidot\u0101s publik\u0101cijas (datnes .pdf form\u0101t\u0101 vai saites uz publik\u0101cijau\/si\u017eetu, ja materi\u0101ls pieejams publiski).\u00a0<\/p>\n<p>Sazi\u0146ai ar festiv\u0101lu jaut\u0101jumos, kas saist\u012bti ar mediju akredit\u0113\u0161anu \u2013 <a href=\"mailto:press@rigaiff.lv\">press@rigaiff.lv<\/a>.<\/p>\n<h1><strong><span>Nozares p\u0101rst\u0101vji<\/span><\/strong><\/h1>\n<p>Par Nozares p\u0101rst\u0101vjiem \u0161o noteikumu kontekst\u0101 uzskat\u0101mi \u0161\u0101du filmu nozares profesion\u0101l\u0101s darb\u012bbas kategoriju p\u0101rst\u0101vji, bet ne tikai:<\/p>\n<ul>\n<li style=\"list-style-type: none;\">\n<ul>\n<li>Aktieris;<\/li>\n<li>Autors, re\u017eisors, scen\u0101rists;<\/li>\n<li>Filmu festiv\u0101ls;<\/li>\n<li>Filmu finans\u0113t\u0101js;<\/li>\n<li>Filmu bibliot\u0113ka, arh\u012bvs vai restaur\u0101cijas centrs;<\/li>\n<li>Filmu ties\u012bbu tur\u0113t\u0101js;<\/li>\n<li>Filmu skola un t\u0101s studenti;<\/li>\n<li>Gr\u0101matu izdev\u0113js vai a\u0123ents;<\/li>\n<li>\u0122ilde vai profesion\u0101l\u0101 apvien\u012bba;<\/li>\n<li>Izplat\u012bt\u0101js;<\/li>\n<li>Kastinga a\u0123ent\u016bra;<\/li>\n<li>Kinote\u0101tra \u012bpa\u0161nieks, vad\u012bt\u0101js vai mened\u017eeris;<\/li>\n<li>M\u016bzika (komponists, izpild\u012bt\u0101js, autors, producents);<\/li>\n<li>Producents;<\/li>\n<li>Rado\u0161\u0101 a\u0123ent\u016bra;<\/li>\n<li>Tirdzniec\u012bbas a\u0123ents;<\/li>\n<li>Telev\u012bzijas izplat\u012bt\u0101js;<\/li>\n<li>Tie\u0161saistes filmu platfomas.<\/li>\n<\/ul>\n<\/li>\n<\/ul>\n<p>Festiv\u0101ls patur ties\u012bbas katru gad\u012bjumu v\u0113rt\u0113t individu\u0101li, lemjot par konkr\u0113tas personas atbilst\u012bbu Nozares p\u0101rst\u0101vja statusam.<\/p>\n<h1><strong><span>R\u012bc\u012bba noteikumu p\u0101rk\u0101pumu gad\u012bjum\u0101<\/span><\/strong><\/h1>\n<p>Ja festiv\u0101ls konstat\u0113 \u0161o noteikumu, festiv\u0101la nori\u0161u vietu k\u0101rt\u012bbas noteikumu vai visp\u0101r\u0113ju sabiedrisk\u0101s k\u0101rt\u012bbas normu p\u0101rk\u0101pumu, festiv\u0101lam ir ties\u012bbas konfisc\u0113t akredit\u0101cijas karti un lemt par akredit\u0101cijas kartes tur\u0113t\u0101ja br\u012bdin\u0101\u0161anu vai akredit\u0101cijas anul\u0113\u0161anu.<\/p>\n<p>L\u0113mumu par akredit\u0101cijas tur\u0113t\u0101ja br\u012bdin\u0101\u0161anu vai akredit\u0101cijas anul\u0113\u0161anu festiv\u0101ls pazi\u0146o akredit\u0101cijas kartes tur\u0113t\u0101jam uz Eventival nor\u0101d\u012bto e-pasta adresi.<\/p>\n<p>Ja maksas akredit\u0101cijas tur\u0113t\u0101js ir p\u0101rk\u0101pis \u0161os noteikumus, akredit\u0101cijas tur\u0113t\u0101js zaud\u0113 ties\u012bbas uz naudas atgrie\u0161anu par ieg\u0101d\u0101to akredit\u0101ciju.<\/p>\n<h1><span><strong>Citi noteikumi<\/strong><\/span><\/h1>\n<p>\u0160ie noteikumi ir izdoti latvie\u0161u un ang\u013cu valod\u0101s. Pretrunu gad\u012bjum\u0101 iz\u0161\u0137iro\u0161\u0101 ir \u0161o noteikumu latvie\u0161u valodas versija.<\/p>\n<p>Festiv\u0101ls patur ties\u012bbas \u0161os noteikumus main\u012bt, atsevi\u0161\u0137i par to neinform\u0113jot Akredit\u0101ciju tur\u0113t\u0101jus. Aktu\u0101l\u0101 \u0161o noteikumu versija ir pieejama Festiv\u0101la m\u0101jaslap\u0101 (<a href=\"http:\/\/www.rigaiff.lv\">www.rigaiff.lv<\/a>) un Eventival.<\/p>\n<p>Par izmai\u0146\u0101m, kuras skar ieg\u0101d\u0101t\u0101s Maksas akredit\u0101cijas un kuras samazina Akredit\u0101ciju funkcionalit\u0101ti, Festiv\u0101ls inform\u0113 konkr\u0113to akredit\u0101ciju tur\u0113t\u0101jus, vai personas, kas ieg\u0101d\u0101ju\u0161\u0101s Akredit\u0101cijas <i>Bi\u013ce\u0161u serviss<\/i>, personu nor\u0101d\u012btaj\u0101s e-pasta adres\u0113s. Ja \u0161o noteikumu izmai\u0146as samazina Akredit\u0101cijas funkcionalit\u0101ti, personai, kas ieg\u0101d\u0101jusies konkr\u0113to Akredit\u0101ciju, ir ties\u012bbas pieteikties uz naudas atgrie\u0161anu piln\u0101 maksas akredit\u0101cijas v\u0113rt\u012bb\u0101. Personai ir ties\u012bbas pieteikt naudas atgrie\u0161anu 14 kalend\u0101ro dienu laik\u0101 no inform\u0101cijas par izmai\u0146\u0101m \u0161ajos noteikumos nos\u016bt\u012b\u0161anas dienas.<\/p>\n<p><i>Noteikumi p\u0113d\u0113jo reizi atjaunoti: 20.08.2025.<\/i><\/p>\n<p><\/p>","protected":false},"excerpt":{"rendered":"<p><\/p>\n<p>\u0160ie noteikumi nosaka R\u012bgas Starptautisk\u0101 kino festiv\u0101la (turpm\u0101k \u2013 festiv\u0101la) p\u0101rdoto, pie\u0161\u0137irto un izsniegto akredit\u0101ciju un abonementu ieg\u0101des, pieteik\u0161anas, sa\u0146em\u0161anas un izmanto\u0161anas k\u0101rt\u012bbu un nosac\u012bjumus. \u0160ie noteikumi attiecas uz \u0161\u0101diem 2025. gad\u0101 notieko\u0161\u0101 festiv\u0101la akredit\u0101ciju un abonementu veidiem:<\/p>\n<ul>\n<li style=\"list-style-type: none;\">\n<ul>\n<li><i>Festival Pass<\/i> (Festiv\u0101la abonements)<\/li>\n<li><i>Festival &amp; Forum Pass<\/i> (Festiv\u0101la un RIGA IFF FORUM sada\u013cas caurlaide)<\/li>\n<li><i>Forum Pass<\/i> (RIGA IFF FORUM sada\u013cas caurlaide)<\/li>\n<li><i>Media Pass<\/i> (Mediju caurlaide)<\/li>\n<\/ul>\n<\/li>\n<\/ul>\n<p>Ieg\u0101d\u0101joties, piesakoties vai sa\u0146emot jebkuru no augst\u0101k min\u0113taj\u0101m Akredit\u0101cij\u0101m, J\u016bs apliecin\u0101t, ka esat iepaziniesun piekr\u012btat \u0161iem noteikumiem.<\/p>","protected":false},"author":1,"featured_media":0,"parent":0,"menu_order":0,"comment_status":"closed","ping_status":"closed","template":"template_bstrap.php","meta":{"_acf_changed":false,"inline_featured_image":false,"footnotes":""},"class_list":["post-10456","page","type-page","status-publish","hentry"],"acf":[],"_links":{"self":[{"href":"https:\/\/rigaiff.lv\/lv\/wp-json\/wp\/v2\/pages\/10456","targetHints":{"allow":["GET"]}}],"collection":[{"href":"https:\/\/rigaiff.lv\/lv\/wp-json\/wp\/v2\/pages"}],"about":[{"href":"https:\/\/rigaiff.lv\/lv\/wp-json\/wp\/v2\/types\/page"}],"author":[{"embeddable":true,"href":"https:\/\/rigaiff.lv\/lv\/wp-json\/wp\/v2\/users\/1"}],"replies":[{"embeddable":true,"href":"https:\/\/rigaiff.lv\/lv\/wp-json\/wp\/v2\/comments?post=10456"}],"version-history":[{"count":17,"href":"https:\/\/rigaiff.lv\/lv\/wp-json\/wp\/v2\/pages\/10456\/revisions"}],"predecessor-version":[{"id":42060,"href":"https:\/\/rigaiff.lv\/lv\/wp-json\/wp\/v2\/pages\/10456\/revisions\/42060"}],"wp:attachment":[{"href":"https:\/\/rigaiff.lv\/lv\/wp-json\/wp\/v2\/media?parent=10456"}],"curies":[{"name":"wp","href":"https:\/\/api.w.org\/{rel}","templated":true}]}}