{"id":14008,"date":"2020-04-15T12:46:35","date_gmt":"2020-04-15T09:46:35","guid":{"rendered":"https:\/\/rigaiff.lv\/2020\/?page_id=14008"},"modified":"2026-03-25T01:22:53","modified_gmt":"2026-03-24T23:22:53","slug":"kolekcija","status":"publish","type":"page","link":"https:\/\/rigaiff.lv\/lv\/collection\/","title":{"rendered":"RIGA IFF Kolekcija"},"content":{"rendered":"","protected":false},"excerpt":{"rendered":"","protected":false},"author":1,"featured_media":0,"parent":0,"menu_order":0,"comment_status":"closed","ping_status":"closed","template":"collection_2022.php","meta":{"_acf_changed":false,"inline_featured_image":false,"footnotes":""},"class_list":["post-14008","page","type-page","status-publish","hentry"],"acf":{"title":"RIGA IFF Kolekcija","sub_title":"Filmas, kas pieejamas cauru gadu, vis\u0101 Latvij\u0101","description":"<p>Festiv\u0101ls nekad nebeidzas, jo ik gadu \u012bpa\u0161a filmu izlase \u2013 RIGA IFF kolekcija \u2013 turpina ce\u013cu pie skat\u012bt\u0101jiem Latvijas kinote\u0101tros un cit\u0101s izr\u0101d\u012b\u0161anas viet\u0101s. T\u0101s ir m\u0101kslinieciski augstv\u0113rt\u012bgas filmas no visas pasaules, kas ieguvu\u0161as atzin\u012bbu no kino kriti\u0137iem un presti\u017eus apbalvojumus kino festiv\u0101los.<\/p>\n<p>RIGA IFF Kolekcijas filmas mekl\u0113jamas kinote\u0101tru repertu\u0101ros R\u012bg\u0101 un citur Latvij\u0101.<\/p>\n","button_text":"Katalogs filmu izr\u0101d\u012bt\u0101jiem","translations":{"screens":"Uz ekr\u0101niem","in_cinemas":"Kinote\u0101tros","on_demand":"Tie\u0161saist\u0113","from":"No","now":"Repertu\u0101r\u0101","watch_now":"Skat\u012bties","no_screenings":"No Screenings","not_screening":"Tika izr\u0101d\u012bta","coming_soon":"Dr\u012bzum\u0101","on_screens":"Uz ekr\u0101niem","want_screening":"V\u0113lies izr\u0101d\u012bt \u0161o filmu?","want_screening_description":"<p>Lai ieg\u016btu viet\u0113j\u0101s izr\u0101d\u012b\u0161anas ties\u012bbas film\u0101m no RIGA IFF Kolekcijas, sazinies ar mums.<\/p>\n","get_in_touch":"Sazin\u0101ties","get_in_touch_email_address":"distribution@rigaiff.lv","no_longer_available":"Vairs nav pieejama","all":"Visas","backlink_schedule":"Kolekcija","backlink_catalogue":"Izplat\u012b\u0161ana","in_distribution":"Izplat\u012b\u0161an\u0101","search_placeholder":"MEKL\u0112T KOLEKCIJ\u0100"},"collection_films_2022":false,"collection_films_2023":false,"collection_films_2024":false,"collection_films_2025":[41535,40954,40939,42801,42799]},"_links":{"self":[{"href":"https:\/\/rigaiff.lv\/lv\/wp-json\/wp\/v2\/pages\/14008","targetHints":{"allow":["GET"]}}],"collection":[{"href":"https:\/\/rigaiff.lv\/lv\/wp-json\/wp\/v2\/pages"}],"about":[{"href":"https:\/\/rigaiff.lv\/lv\/wp-json\/wp\/v2\/types\/page"}],"author":[{"embeddable":true,"href":"https:\/\/rigaiff.lv\/lv\/wp-json\/wp\/v2\/users\/1"}],"replies":[{"embeddable":true,"href":"https:\/\/rigaiff.lv\/lv\/wp-json\/wp\/v2\/comments?post=14008"}],"version-history":[{"count":13,"href":"https:\/\/rigaiff.lv\/lv\/wp-json\/wp\/v2\/pages\/14008\/revisions"}],"predecessor-version":[{"id":44976,"href":"https:\/\/rigaiff.lv\/lv\/wp-json\/wp\/v2\/pages\/14008\/revisions\/44976"}],"wp:attachment":[{"href":"https:\/\/rigaiff.lv\/lv\/wp-json\/wp\/v2\/media?parent=14008"}],"curies":[{"name":"wp","href":"https:\/\/api.w.org\/{rel}","templated":true}]}}