{"id":14010,"date":"2020-04-15T12:47:42","date_gmt":"2020-04-15T09:47:42","guid":{"rendered":"https:\/\/rigaiff.lv\/2020\/?page_id=14010"},"modified":"2020-04-23T20:39:10","modified_gmt":"2020-04-23T17:39:10","slug":"izplatisana","status":"publish","type":"page","link":"https:\/\/rigaiff.lv\/lv\/distribution","title":{"rendered":"Izplat\u012b\u0161ana"},"content":{"rendered":"","protected":false},"excerpt":{"rendered":"","protected":false},"author":1,"featured_media":0,"parent":0,"menu_order":0,"comment_status":"closed","ping_status":"closed","template":"distribution.php","meta":{"_acf_changed":false,"inline_featured_image":false,"footnotes":""},"class_list":["post-14010","page","type-page","status-publish","hentry"],"acf":{"title":"Izplat\u012b\u0161ana","description":"Lai nodro\u0161in\u0101tu m\u0101kslinieciski augstv\u0113rt\u012bgu filmu pieejam\u012bbu ne tikai festiv\u0101la ietvaros, bet ar\u012b \u0101rpus t\u0101, kop\u0161 saviem pirms\u0101kumiem sadarbojamies ar da\u017e\u0101du veidu izr\u0101d\u012b\u0161anas viet\u0101m \u2013 kinote\u0101triem, kult\u016bras namiem, pas\u0101kumu organizatoriem, straum\u0113\u0161anas platform\u0101m un citiem. M\u0113s vienm\u0113ram esam atv\u0113rti jaun\u0101m sadarb\u012bb\u0101m un kontaktiem."},"_links":{"self":[{"href":"https:\/\/rigaiff.lv\/lv\/wp-json\/wp\/v2\/pages\/14010","targetHints":{"allow":["GET"]}}],"collection":[{"href":"https:\/\/rigaiff.lv\/lv\/wp-json\/wp\/v2\/pages"}],"about":[{"href":"https:\/\/rigaiff.lv\/lv\/wp-json\/wp\/v2\/types\/page"}],"author":[{"embeddable":true,"href":"https:\/\/rigaiff.lv\/lv\/wp-json\/wp\/v2\/users\/1"}],"replies":[{"embeddable":true,"href":"https:\/\/rigaiff.lv\/lv\/wp-json\/wp\/v2\/comments?post=14010"}],"version-history":[{"count":0,"href":"https:\/\/rigaiff.lv\/lv\/wp-json\/wp\/v2\/pages\/14010\/revisions"}],"wp:attachment":[{"href":"https:\/\/rigaiff.lv\/lv\/wp-json\/wp\/v2\/media?parent=14010"}],"curies":[{"name":"wp","href":"https:\/\/api.w.org\/{rel}","templated":true}]}}