{"id":14524,"date":"2020-05-08T09:37:25","date_gmt":"2020-05-08T06:37:25","guid":{"rendered":"https:\/\/rigaiff.lv\/2020\/?page_id=14524"},"modified":"2020-08-28T10:19:44","modified_gmt":"2020-08-28T07:19:44","slug":"programme-2020","status":"publish","type":"page","link":"https:\/\/rigaiff.lv\/lv\/programme-2020\/","title":{"rendered":"Programma"},"content":{"rendered":"","protected":false},"excerpt":{"rendered":"","protected":false},"author":1,"featured_media":0,"parent":0,"menu_order":0,"comment_status":"closed","ping_status":"closed","template":"programme-2020.php","meta":{"_acf_changed":false,"inline_featured_image":false,"footnotes":""},"class_list":["post-14524","page","type-page","status-publish","hentry"],"acf":{"description":"<p>RIGA IFF filmu programm\u0101 laikmet\u012bgais kino tiekas ar klasiku un izaicino\u0161i debijas darbi ar festiv\u0101lu hitiem, arvien mekl\u0113jot novatorisku kinovalodu un izteiksm\u012bgu autora rokrakstu.<\/p>\n<p>Festiv\u0101ls \u0161ogad ietver devi\u0146as tematisk\u0101s sada\u013cas un \u010detras konkursa skates.<\/p>\n"},"_links":{"self":[{"href":"https:\/\/rigaiff.lv\/lv\/wp-json\/wp\/v2\/pages\/14524","targetHints":{"allow":["GET"]}}],"collection":[{"href":"https:\/\/rigaiff.lv\/lv\/wp-json\/wp\/v2\/pages"}],"about":[{"href":"https:\/\/rigaiff.lv\/lv\/wp-json\/wp\/v2\/types\/page"}],"author":[{"embeddable":true,"href":"https:\/\/rigaiff.lv\/lv\/wp-json\/wp\/v2\/users\/1"}],"replies":[{"embeddable":true,"href":"https:\/\/rigaiff.lv\/lv\/wp-json\/wp\/v2\/comments?post=14524"}],"version-history":[{"count":0,"href":"https:\/\/rigaiff.lv\/lv\/wp-json\/wp\/v2\/pages\/14524\/revisions"}],"wp:attachment":[{"href":"https:\/\/rigaiff.lv\/lv\/wp-json\/wp\/v2\/media?parent=14524"}],"curies":[{"name":"wp","href":"https:\/\/api.w.org\/{rel}","templated":true}]}}