{"id":14851,"date":"2020-05-20T17:37:00","date_gmt":"2020-05-20T14:37:00","guid":{"rendered":"https:\/\/rigaiff.lv\/?page_id=14851"},"modified":"2024-10-02T14:50:51","modified_gmt":"2024-10-02T11:50:51","slug":"media-center","status":"publish","type":"page","link":"https:\/\/rigaiff.lv\/lv\/media-centre","title":{"rendered":"Media Centre"},"content":{"rendered":"","protected":false},"excerpt":{"rendered":"","protected":false},"author":1,"featured_media":0,"parent":0,"menu_order":0,"comment_status":"closed","ping_status":"closed","template":"media-center_2022.php","meta":{"_acf_changed":false,"inline_featured_image":false,"footnotes":""},"class_list":["post-14851","page","type-page","status-publish","hentry"],"acf":{"title":"Mediju centrs","subtitle":"Visa mediju p\u0101rst\u0101vjiem nepiecie\u0161am\u0101 inform\u0101cija","description":"<p>\u0160\u012b sada\u013ca veidota, lai vienuviet \u0113rti pieejamu padar\u012btu medijiem paredz\u0113to inform\u0101ciju. Pazi\u0146ojumus iesp\u0113jams atlas\u012bt p\u0113c public\u0113\u0161anas gada un satura valodas. Vairumam pazi\u0146ojumu pieejami ar\u012b pielikumi \u2013 festiv\u0101la norises un programmas filmu att\u0113li, k\u0101 ar\u012b citi saist\u012btie materi\u0101li.<\/p>\n<p>Jaut\u0101jumu gad\u012bjum\u0101, l\u016bdzam sazin\u0101ties ar Aldonu Jak\u0161tu, RIGA IFF Komunik\u0101cijas departamenta projektu vad\u012bt\u0101ju (<a href=\"mailto:aldona@rigaiff.lv\" target=\"_blank\" rel=\"noopener\">aldona@rigaiff.lv<\/a><a href=\"tel:+37126677932\u202c\">\u202c<\/a>).<\/p>\n","subscribe":"Subscribe","partnerships":"Partnerships","partnerships_description":"Wish to receive exclusive updates and unique texts? We would like to hear from you!","contact":"Contact","releases_title":"Releases","date":"Date","attachment":"Attachment","attached_files":"Pievienotie materi\u0101li","section_title":"","gallery":false},"_links":{"self":[{"href":"https:\/\/rigaiff.lv\/lv\/wp-json\/wp\/v2\/pages\/14851","targetHints":{"allow":["GET"]}}],"collection":[{"href":"https:\/\/rigaiff.lv\/lv\/wp-json\/wp\/v2\/pages"}],"about":[{"href":"https:\/\/rigaiff.lv\/lv\/wp-json\/wp\/v2\/types\/page"}],"author":[{"embeddable":true,"href":"https:\/\/rigaiff.lv\/lv\/wp-json\/wp\/v2\/users\/1"}],"replies":[{"embeddable":true,"href":"https:\/\/rigaiff.lv\/lv\/wp-json\/wp\/v2\/comments?post=14851"}],"version-history":[{"count":4,"href":"https:\/\/rigaiff.lv\/lv\/wp-json\/wp\/v2\/pages\/14851\/revisions"}],"predecessor-version":[{"id":39442,"href":"https:\/\/rigaiff.lv\/lv\/wp-json\/wp\/v2\/pages\/14851\/revisions\/39442"}],"wp:attachment":[{"href":"https:\/\/rigaiff.lv\/lv\/wp-json\/wp\/v2\/media?parent=14851"}],"curies":[{"name":"wp","href":"https:\/\/api.w.org\/{rel}","templated":true}]}}