{"id":18299,"date":"2020-10-17T18:04:21","date_gmt":"2020-10-17T15:04:21","guid":{"rendered":"https:\/\/rigaiff.lv\/?page_id=18299"},"modified":"2020-10-18T14:05:31","modified_gmt":"2020-10-18T11:05:31","slug":"par-drosibu-klatienes-seansos","status":"publish","type":"page","link":"https:\/\/rigaiff.lv\/lv\/par-drosibu-klatienes-seansos\/","title":{"rendered":"Par dro\u0161\u012bbu kl\u0101tienes seansos"},"content":{"rendered":"<p><\/p>\n<p>RIGA IFF kl\u0101tienes seansi norisin\u0101s saska\u0146\u0101 ar vis\u0101m publisku pas\u0101kumu epidemiolo\u0123iskaj\u0101m pras\u012bb\u0101m, lai j\u016bsu apmekl\u0113jums b\u016btu iesp\u0113jami dro\u0161s jums un citiem.<\/p>\n<p>&#8211; Vietu skaits z\u0101l\u0113s ir ierobe\u017eots un seansi skat\u0101mi personaliz\u0113t\u0101s, fiks\u0113t\u0101s s\u0113dviet\u0101s ar distanci;<br \/>\n&#8211; Ierodoties uz seansu, aicin\u0101m dezinfic\u0113t rokas, nedr\u016bzm\u0113ties un, ja veidojas rinda, iev\u0113rot 2 metru distanci no citiem apmekl\u0113t\u0101jiem;<br \/>\n&#8211; Pie ieejas kinoz\u0101l\u0113 j\u0101aizpilda anketa, nor\u0101dot savu kontaktinform\u0101ciju un s\u0113dvietas numuru, anketa tiek nodotas pie izejas;<br \/>\n&#8211; Garderobe nedarbosies, bet savas virsdr\u0113bes var \u0113rti novietot uz blakus eso\u0161ajiem br\u012bvajiem kr\u0113sliem;<br \/>\n&#8211; Austi\u0146as, kur\u0101s klaus\u0101ms sinhronais tulkojums, starp to lieto\u0161anas reiz\u0113m tiek dezinfic\u0113tas;<br \/>\n&#8211; Filmas pirmizr\u0101\u017eu un citu festiv\u0101la \u012bpa\u0161o notikumu atz\u012bm\u0113\u0161ana norisin\u0101s \u0101r\u0101 pie kinote\u0101tra vai jums jau atrodoties sav\u0101s s\u0113dviet\u0101s kinoz\u0101l\u0113;<br \/>\n&#8211; Aicin\u0101m festiv\u0101la apmekl\u0113t\u0101jus izmantot sejas maskas;<br \/>\n&#8211; Aicin\u0101m lejupl\u0101d\u0113t lietotni <a href=\"https:\/\/apturicovid.lv\" target=\"_blank\" rel=\"noopener\">Apturi Covid<\/a>.<\/p>\n<p>Lai mums visiem pat\u012bkama un dro\u0161a kino baud\u012b\u0161ana!<\/p>\n<p><\/p>","protected":false},"excerpt":{"rendered":"<p><\/p>\n<p>RIGA IFF kl\u0101tienes seansi norisin\u0101s saska\u0146\u0101 ar vis\u0101m publisku pas\u0101kumu epidemiolo\u0123iskaj\u0101m pras\u012bb\u0101m, lai j\u016bsu apmekl\u0113jums b\u016btu iesp\u0113jami dro\u0161s jums un citiem.<\/p>\n<p>&#8211; Vietu skaits z\u0101l\u0113s ir ierobe\u017eots un seansi skat\u0101mi personaliz\u0113t\u0101s, fiks\u0113t\u0101s s\u0113dviet\u0101s ar distanci;<br \/>\n&#8211; Ierodoties uz seansu, aicin\u0101m dezinfic\u0113t rokas, nedr\u016bzm\u0113ties un, ja veidojas rinda, iev\u0113rot 2 metru distanci no citiem apmekl\u0113t\u0101jiem;<br \/>\n&#8211; Pie ieejas kinoz\u0101l\u0113 j\u0101aizpilda anketa, nor\u0101dot savu kontaktinform\u0101ciju un s\u0113dvietas numuru, anketa tiek nodotas pie izejas;<br \/>\n&#8211; Garderobe nedarbosies, bet savas virsdr\u0113bes var \u0113rti novietot uz blakus eso\u0161ajiem br\u012bvajiem kr\u0113sliem;<br \/>\n&#8211; Austi\u0146as, kur\u0101s klaus\u0101ms sinhronais tulkojums, starp to lieto\u0161anas reiz\u0113m tiek dezinfic\u0113tas;<\/p>","protected":false},"author":2,"featured_media":0,"parent":0,"menu_order":0,"comment_status":"closed","ping_status":"closed","template":"template_bstrap.php","meta":{"_acf_changed":false,"inline_featured_image":false,"footnotes":""},"class_list":["post-18299","page","type-page","status-publish","hentry"],"acf":[],"_links":{"self":[{"href":"https:\/\/rigaiff.lv\/lv\/wp-json\/wp\/v2\/pages\/18299","targetHints":{"allow":["GET"]}}],"collection":[{"href":"https:\/\/rigaiff.lv\/lv\/wp-json\/wp\/v2\/pages"}],"about":[{"href":"https:\/\/rigaiff.lv\/lv\/wp-json\/wp\/v2\/types\/page"}],"author":[{"embeddable":true,"href":"https:\/\/rigaiff.lv\/lv\/wp-json\/wp\/v2\/users\/2"}],"replies":[{"embeddable":true,"href":"https:\/\/rigaiff.lv\/lv\/wp-json\/wp\/v2\/comments?post=18299"}],"version-history":[{"count":0,"href":"https:\/\/rigaiff.lv\/lv\/wp-json\/wp\/v2\/pages\/18299\/revisions"}],"wp:attachment":[{"href":"https:\/\/rigaiff.lv\/lv\/wp-json\/wp\/v2\/media?parent=18299"}],"curies":[{"name":"wp","href":"https:\/\/api.w.org\/{rel}","templated":true}]}}