{"id":19294,"date":"2021-02-22T13:34:55","date_gmt":"2021-02-22T11:34:55","guid":{"rendered":"https:\/\/rigaiff.lv\/?page_id=19294"},"modified":"2025-04-29T13:20:16","modified_gmt":"2025-04-29T10:20:16","slug":"mailje","status":"publish","type":"page","link":"https:\/\/rigaiff.lv\/lv\/subscribe","title":{"rendered":"Pieraksties"},"content":{"rendered":"","protected":false},"excerpt":{"rendered":"","protected":false},"author":1,"featured_media":0,"parent":0,"menu_order":0,"comment_status":"closed","ping_status":"closed","template":"mailjet_test.php","meta":{"_acf_changed":false,"inline_featured_image":false,"footnotes":""},"class_list":["post-19294","page","type-page","status-publish","hentry"],"acf":{"overlay_image":{"ID":19684,"id":19684,"title":"mailjet_overlay","filename":"mailjet_overlay.svg","filesize":4179,"url":"https:\/\/rigaiff.lv\/wp-content\/uploads\/2021\/05\/mailjet_overlay.svg","link":"https:\/\/rigaiff.lv\/wp-content\/uploads\/2021\/05\/mailjet_overlay.svg","alt":"","author":"1","description":"","caption":"","name":"mailjet_overlay","status":"inherit","uploaded_to":19294,"date":"2021-05-07 14:01:08","modified":"2021-05-07 14:01:08","menu_order":0,"mime_type":"image\/svg+xml","type":"image","subtype":"svg+xml","icon":"https:\/\/rigaiff.lv\/wp-includes\/images\/media\/default.png","width":1100,"height":434,"sizes":{"thumbnail":"https:\/\/rigaiff.lv\/wp-content\/uploads\/2021\/05\/mailjet_overlay.svg","thumbnail-width":1100,"thumbnail-height":434,"medium":"https:\/\/rigaiff.lv\/wp-content\/uploads\/2021\/05\/mailjet_overlay.svg","medium-width":1100,"medium-height":434,"medium_large":"https:\/\/rigaiff.lv\/wp-content\/uploads\/2021\/05\/mailjet_overlay.svg","medium_large-width":1100,"medium_large-height":434,"large":"https:\/\/rigaiff.lv\/wp-content\/uploads\/2021\/05\/mailjet_overlay.svg","large-width":1100,"large-height":434,"1536x1536":"https:\/\/rigaiff.lv\/wp-content\/uploads\/2021\/05\/mailjet_overlay.svg","1536x1536-width":1100,"1536x1536-height":434,"2048x2048":"https:\/\/rigaiff.lv\/wp-content\/uploads\/2021\/05\/mailjet_overlay.svg","2048x2048-width":1100,"2048x2048-height":434,"large1200":"https:\/\/rigaiff.lv\/wp-content\/uploads\/2021\/05\/mailjet_overlay.svg","large1200-width":1100,"large1200-height":434,"large1800":"https:\/\/rigaiff.lv\/wp-content\/uploads\/2021\/05\/mailjet_overlay.svg","large1800-width":1100,"large1800-height":434,"small":"https:\/\/rigaiff.lv\/wp-content\/uploads\/2021\/05\/mailjet_overlay.svg","small-width":1100,"small-height":434,"uncompressed":"https:\/\/rigaiff.lv\/wp-content\/uploads\/2021\/05\/mailjet_overlay.svg","uncompressed-width":1100,"uncompressed-height":434,"custom-size":"https:\/\/rigaiff.lv\/wp-content\/uploads\/2021\/05\/mailjet_overlay.svg","custom-size-width":1100,"custom-size-height":434},"acf_attachment":false},"overlay_image_svg_lv":{"ID":19684,"id":19684,"title":"mailjet_overlay","filename":"mailjet_overlay.svg","filesize":4179,"url":"https:\/\/rigaiff.lv\/wp-content\/uploads\/2021\/05\/mailjet_overlay.svg","link":"https:\/\/rigaiff.lv\/wp-content\/uploads\/2021\/05\/mailjet_overlay.svg","alt":"","author":"1","description":"","caption":"","name":"mailjet_overlay","status":"inherit","uploaded_to":19294,"date":"2021-05-07 14:01:08","modified":"2021-05-07 14:01:08","menu_order":0,"mime_type":"image\/svg+xml","type":"image","subtype":"svg+xml","icon":"https:\/\/rigaiff.lv\/wp-includes\/images\/media\/default.png","width":1100,"height":434,"sizes":{"thumbnail":"https:\/\/rigaiff.lv\/wp-content\/uploads\/2021\/05\/mailjet_overlay.svg","thumbnail-width":1100,"thumbnail-height":434,"medium":"https:\/\/rigaiff.lv\/wp-content\/uploads\/2021\/05\/mailjet_overlay.svg","medium-width":1100,"medium-height":434,"medium_large":"https:\/\/rigaiff.lv\/wp-content\/uploads\/2021\/05\/mailjet_overlay.svg","medium_large-width":1100,"medium_large-height":434,"large":"https:\/\/rigaiff.lv\/wp-content\/uploads\/2021\/05\/mailjet_overlay.svg","large-width":1100,"large-height":434,"1536x1536":"https:\/\/rigaiff.lv\/wp-content\/uploads\/2021\/05\/mailjet_overlay.svg","1536x1536-width":1100,"1536x1536-height":434,"2048x2048":"https:\/\/rigaiff.lv\/wp-content\/uploads\/2021\/05\/mailjet_overlay.svg","2048x2048-width":1100,"2048x2048-height":434,"large1200":"https:\/\/rigaiff.lv\/wp-content\/uploads\/2021\/05\/mailjet_overlay.svg","large1200-width":1100,"large1200-height":434,"large1800":"https:\/\/rigaiff.lv\/wp-content\/uploads\/2021\/05\/mailjet_overlay.svg","large1800-width":1100,"large1800-height":434,"small":"https:\/\/rigaiff.lv\/wp-content\/uploads\/2021\/05\/mailjet_overlay.svg","small-width":1100,"small-height":434,"uncompressed":"https:\/\/rigaiff.lv\/wp-content\/uploads\/2021\/05\/mailjet_overlay.svg","uncompressed-width":1100,"uncompressed-height":434,"custom-size":"https:\/\/rigaiff.lv\/wp-content\/uploads\/2021\/05\/mailjet_overlay.svg","custom-size-width":1100,"custom-size-height":434}},"background_image":false,"vertical_compr":false,"horizontal_compr":false,"vertical_compr_lv":false,"horizontal_compr_lv":false,"copyright_compr":"","custom_title":"Tuv\u0101kie uzzina pirmie","description":"<p>Ar festiv\u0101la v\u0113stkopu j\u016bs nepalaid\u012bsiet gar\u0101m jaunumus par programmu, \u012bpa\u0161us pied\u0101v\u0101jumus un svar\u012bgus pazi\u0146ojumus! M\u0113s rakst\u012bsim reizi vai p\u0101ris m\u0113nes\u012b (un, tuvojoties festiv\u0101la norisei, nedaudz bie\u017e\u0101k). Ja p\u0101rdom\u0101si, no \u0161\u012bs v\u0113stkopas vienm\u0113r var\u0113si atteikties, spie\u017eot uz saites v\u0113stu\u013cu apak\u0161\u0101.<\/p>\n","list_lv_text":"latviski","list_en_text":"angliski (reiz\u0113m)","e-mail_placeholder_text":"J\u016bsu e-pasta adrese","button_text":"Pierakst\u012bties","custom_title_-_success":"Gatavs!","pre_list_name_text_-_success":"Esat pierakst\u012bjies","description_-_success":"<p>Paldies, ka izv\u0113l\u0113j\u0101ties sa\u0146emt m\u016bsu zi\u0146as. Ik pa laikam sa\u0146emsiet m\u016bsu sagatavotas v\u0113stules, kas apkopo galven\u0101s zi\u0146as par festiv\u0101la norisi un gaid\u0101mo programmu. Regul\u0101r\u0101kiem jaunumiem varat pierakst\u012bties m\u016bsu soci\u0101lo t\u012bklu profilos!<\/p>\n","button_text_-_success":"Paldies","custom_title_-_error":"Ak, n\u0113!","description_-_error":"<p>Kaut kas nog\u0101ja greizi, l\u016bdzam m\u0113\u0123in\u0101t v\u0113lreiz! Ja \u0161\u0137iet, ka esat iestidzis, nekav\u0113jieties rakst\u012bt uz <a href=\"mailto:vestkopas@rigaiff.lv\">vestkopas@rigaiff.lv<\/a>.<\/p>\n","custom_title_-_email_sent":"Gandr\u012bz gatavs\u2026","custom_title_-_email_sent_to":"L\u016bdzu, p\u0101rbaudiet savu elektronisko pastkasti un apstipriniet pierakstu. Ja nevarat atrast e-pastu, p\u0101rbaudiet m\u0113stu\u013cu un rekl\u0101mu pastkastes (rekomend\u0113jam v\u0113stuli atz\u012bm\u0113t k\u0101 v\u0113lamu un pievienot s\u016bt\u012bt\u0101ju kontaktiem, lai izvair\u012btos no t\u0101 n\u0101kotn\u0113). E-pasts nos\u016bt\u012bts uz {email}.","validation_success":"Viss k\u0101rt\u012bb\u0101","from_email":"vestkopas@rigaiff.lv","from_name":"R\u012bgas Starptautiskais kino festiv\u0101ls","from_subject":"V\u0113stkopas pieraksta apstiprin\u0101\u0161ana","lv_campaign_title":"Festiv\u0101la v\u0113stkopa latviski","en_campaign_title":"Festiv\u0101la v\u0113stkopa angliski","button_text_-__email_sent":"P\u0101rbaudiet pastkast\u012bti!","button_text_-_open_call":"Pieteikties","opencall_campaign_title":"V\u0113stkopu pieraksts","from_subject_-_opencall":"V\u0113stkopas pieraksta apstiprin\u0101\u0161ana","button_text_-_kino_klubs":"Sa\u0146emt Kino kluba jaunumus","kino_klubs_campaign_title":"Kino kluba v\u0113stkopa","from_subject_-_kino_klubs":"Kino kluba v\u0113stkopas pieraksta apstiprin\u0101\u0161ana","name_placeholder_text":"V\u0101rds","surname_placeholder_text":"Uzv\u0101rds","organization_placeholder_text":"Organiz\u0101cija","button_text_-_media":"Pierakst\u012bties","media_list_lv_text":"latviski","media_list_en_text":"angliski","media_list_ru_text":"krieviski (reiz\u0113m)","media_lv_campaign_title":"Pazi\u0146ojumi medijiem latviski","media_en_campaign_title":"Pazi\u0146ojumi medijiem angliski","media_ru_campaign_title":"Pazi\u0146ojumi medijiem krieviski (reiz\u0113m)","from_subject_-_media":"Preses pazi\u0146ojumu pieraksta apstiprin\u0101\u0161ana","background_image_alternative":false,"f_logo_on_image_text":"","f_logo_on_image_image":false,"opencall_checkbox_title":"Konkursu uzsaukumi (angliski)","industry_checkbox_title":"Kino nozarei (angliski)","open_call_&_industry_description":"<p>M\u016bsu kino nozares profesion\u0101\u013cu un konkursu uzsaukumu v\u0113stkopas (ang\u013cu valod\u0101) ne\u013caus palaist gar\u0101m b\u016btisk\u0101kos pazi\u0146ojumus un svar\u012bgus pieteikumu iesnieg\u0161anas termi\u0146u atg\u0101din\u0101jumus.<\/p>\n","featured_gallery":false,"overlay_frame_en":false,"overlay_frame_lv":false},"_links":{"self":[{"href":"https:\/\/rigaiff.lv\/lv\/wp-json\/wp\/v2\/pages\/19294","targetHints":{"allow":["GET"]}}],"collection":[{"href":"https:\/\/rigaiff.lv\/lv\/wp-json\/wp\/v2\/pages"}],"about":[{"href":"https:\/\/rigaiff.lv\/lv\/wp-json\/wp\/v2\/types\/page"}],"author":[{"embeddable":true,"href":"https:\/\/rigaiff.lv\/lv\/wp-json\/wp\/v2\/users\/1"}],"replies":[{"embeddable":true,"href":"https:\/\/rigaiff.lv\/lv\/wp-json\/wp\/v2\/comments?post=19294"}],"version-history":[{"count":3,"href":"https:\/\/rigaiff.lv\/lv\/wp-json\/wp\/v2\/pages\/19294\/revisions"}],"predecessor-version":[{"id":34716,"href":"https:\/\/rigaiff.lv\/lv\/wp-json\/wp\/v2\/pages\/19294\/revisions\/34716"}],"wp:attachment":[{"href":"https:\/\/rigaiff.lv\/lv\/wp-json\/wp\/v2\/media?parent=19294"}],"curies":[{"name":"wp","href":"https:\/\/api.w.org\/{rel}","templated":true}]}}