{"id":19306,"date":"2021-02-27T09:47:00","date_gmt":"2021-02-27T07:47:00","guid":{"rendered":"https:\/\/rigaiff.lv\/?page_id=19306"},"modified":"2026-03-31T14:37:33","modified_gmt":"2026-03-31T11:37:33","slug":"prakse","status":"publish","type":"page","link":"https:\/\/rigaiff.lv\/lv\/prakse\/","title":{"rendered":"Prakse"},"content":{"rendered":"","protected":false},"excerpt":{"rendered":"","protected":false},"author":1,"featured_media":29886,"parent":0,"menu_order":0,"comment_status":"closed","ping_status":"closed","template":"internship.php","meta":{"_acf_changed":false,"inline_featured_image":false,"footnotes":"1"},"class_list":["post-19306","page","type-page","status-publish","has-post-thumbnail","hentry"],"acf":{"custom_heading":"Iesp\u0113ja apliecin\u0101t un nostiprin\u0101t profesion\u0101l\u0101s iema\u0146as starptautisk\u0101 kult\u016bras notikum\u0101","intro_text":"<p>M\u0101c\u012bbu prakse        <sup><a href=\"#footnote_1\">1<\/a><\/sup>\n     festiv\u0101la komand\u0101 dod iesp\u0113ju vair\u0101ku m\u0113ne\u0161u garum\u0101 nostiprin\u0101t prasmes, kas nepiecie\u0161amas starptautiska kult\u016bras notikuma veido\u0161an\u0101 (un apg\u016bt jaunas). \u0160\u012bs prasmes ietver festiv\u0101la z\u012bmola un t\u0101 da\u017e\u0101do notikumu un nori\u0161u publisko komunik\u0101ciju, kuratoru un koordinatoru darbu, viesm\u012bl\u012bbas un auditorijas servisu u.c. prasmes. Ja v\u0113lies praktiski p\u0101rbaud\u012bt savas prasmes un att\u012bst\u012bt t\u0101s profesion\u0101l\u0101 vid\u0113, aicin\u0101m iepaz\u012bties ar zem\u0101k aprakst\u012btaj\u0101m prakses iesp\u0113j\u0101m. Pieteik\u0161an\u0101s ir atv\u0113rta l\u012bdz 28. marta plkst 23.59. Pieteikumi tiks izskat\u012bti un uz tiem atbild\u0113ts pirmaj\u0101 apr\u012b\u013ca ned\u0113\u013c\u0101. Ar izv\u0113l\u0113tajiem kandid\u0101tiem tiks organiz\u0113ta prakses vad\u012bt\u0101ja intervija. Jaut\u0101jumu gad\u012bjum\u0101 aicin\u0101m rakst\u012bt uz <a href=\"mailto:prakse@rigaiff.lv\">prakse@rigaiff.lv<\/a>.<\/p>\n","mid_heading":"Prakses jomas","expandable_blocks":[{"heading":"Festiv\u0101la komunik\u0101cijas departaments","description":"<p>Festiv\u0101la komunik\u0101cija aptver festiv\u0101la strat\u0113\u0123ijas, rekl\u0101mas un publisko attiec\u012bbu vajadz\u012bbas \u2013 t\u012bmek\u013ca vietnes izstr\u0101di un uztur\u0113\u0161anu, satura izstr\u0101di tradicion\u0101lajiem un maz\u0101k tradicion\u0101liem medijiem, soci\u0101lo t\u012bklu strat\u0113\u0123ijas un satura izveidi. \u0160\u0101da pieredze \u013cauj iepaz\u012bt visu ar z\u012bmola komunik\u0101ciju saist\u012bto procesu pl\u0101no\u0161anu un izpildi.<\/p>\n","heading_2":"Iesp\u0113jas un nepiecie\u0161am\u0101s prasmes","periods":[{"period":"Apr\u012blis \u2013 j\u016blijs","comment":"Att\u0101lin\u0101ts darbs, pirmais izv\u0113les periods","description":""},{"period":"Augusts \u2013 oktobris","comment":"Att\u0101lin\u0101ts darbs, otrais izv\u0113les periods","description":"<p>Abi periodi paredz l\u012bdzv\u0113rt\u012bgas iesaistes iesp\u0113jas da\u017e\u0101dos festiv\u0101la sezonas komunik\u0101cijas posmos. Praks\u0113 iesp\u0113jams pielietot \u0161\u0101d\u0101s prasmes (dodot priek\u0161roku to apvienojumam):<\/p>\n<ul>\n<li>satura public\u0113\u0161ana un administr\u0113\u0161ana komunik\u0101cijas platform\u0101s, darbs ar platformu anal\u012btiku (soct\u012bkli, v\u0113stkopas, t\u012bmek\u013ca vietne);<\/li>\n<li>teksta sagatavo\u0161ana, korekt\u016bra un noform\u0113\u0161ana latvie\u0161u un ang\u013cu valod\u0101 (<em>copywrite<\/em>, pazi\u0146ojumi medijiem, soci\u0101lo t\u012bklu komunik\u0101cija);<\/li>\n<li>inform\u0101cijas anal\u012bze un apkopo\u0161ana, iek\u0161\u0113j\u0101s komunik\u0101cijas nodro\u0161in\u0101\u0161ana;<\/li>\n<li>audiovizu\u0101lie materi\u0101li (video mont\u0101\u017ea un titr\u0113\u0161ana, anim\u0101cija, fotogr\u0101fija), dizains un maket\u0113\u0161ana (druka, digit\u0101l\u0101 vide)<\/li>\n<\/ul>\n"}]},{"heading":"Programmas departaments","description":"<p>Starptautiska kinofestiv\u0101la programmas sagatavo\u0161an\u0101 un nodo\u0161an\u0101 auditorijai centr\u0101la loma ir kuratoru darbam. Kuratori nosaka programmas sada\u013cu aprises un veic apjom\u012bgu darbu sazinoties ar nozares p\u0101rst\u0101vjiem un sadarb\u012bbas partneriem vis\u0101 pasaul\u0113, nodro\u0161ina auditorijas piesaisti. \u0160ogad festiv\u0101l\u0101 iesp\u0113jams pieteikties praksei pal\u012bgiem vair\u0101ku filmu programmas sada\u013cu izveid\u0113 vai papla\u0161in\u0101t\u0101s realit\u0101tes sada\u013cas RIGA IFF GOES XR \u012bsteno\u0161an\u0101.<\/p>\n","heading_2":"Iesp\u0113jas un nepiecie\u0161am\u0101s prasmes","periods":[{"period":"Apr\u012blis \u2013 j\u016blijs","comment":"Att\u0101lin\u0101tais darbs, pal\u012bdz\u012bba RIGA IFF GOES XR organiz\u0113\u0161an\u0101","description":"<p>\u0160\u012b prakses poz\u012bcija ietver l\u012bdzdal\u012bbu komunik\u0101cij\u0101 ar RIGA IFF GOES XR sadarb\u012bbas partneriem \u2013 instit\u016bciju p\u0101rst\u0101vjiem un potenci\u0101lajiem dal\u012bbniekiem Zieme\u013cvalst\u012bs \u2013 un auditorijas piesaist\u0113. Nepiecie\u0161ama teicama vai \u013coti laba rakst\u012btprasme latvie\u0161u un ang\u013cu valod\u0101, attap\u012bba inform\u0101cijas atlas\u0113, anal\u012bz\u0113 un apkopo\u0161an\u0101.<\/p>\n"},{"period":"Apr\u012blis \u2013 j\u016blijs","comment":"Att\u0101lin\u0101tais darbs, pal\u012bdz\u012bba BALTIC MUSIC VIDEO konkursa kuratoru darb\u0101","description":""},{"period":"Augusts \u2013 oktobris","comment":"Att\u0101lin\u0101tais darbs, pal\u012bdz\u012bba filmu kuratoru darb\u0101 (da\u017e\u0101das sada\u013cas)","description":"<p>Kuratoru uzdevumus iesp\u0113jams veikt divos periodos un to veik\u0161anai nepiecie\u0161ama izgl\u012bt\u012bba (v\u0113lama ar\u012b pieredze) filmu nozar\u0113 un darb\u0101 ar filmu pamatinform\u0101ciju, publicit\u0101tes materi\u0101liem u.tml. Sazi\u0146\u0101 j\u0101pielieto rakst\u012btprasme un sarunvaloda (latvie\u0161u un ang\u013cu valoda \u2013 teicam\u0101 vai \u013coti lab\u0101 l\u012bmen\u012b, v\u0113lamas prasmes ar\u012b krievu valod\u0101). J\u0101veic skrupuloza inform\u0101cijas apkopo\u0161ana un papildin\u0101\u0161ana. \u0160\u012b pieredze \u013cauj iepaz\u012bt filmas dz\u012bves ciklu starp t\u0101s izveidi un izr\u0101d\u012b\u0161anu kino festiv\u0101l\u0101, tie\u0161\u0101 veid\u0101 saskaroties gan ar filmu studij\u0101m un to izplat\u012bt\u0101jiem, gan kinofestiv\u0101la darba procesu.<\/p>\n"}]},{"heading":"Viesu serviss","description":"<p>Festiv\u0101la noris\u0113 liela loma ir kl\u0101tienes un tie\u0161saistes viesu \u2013 \u017e\u016brijas, re\u017eisoru, producentu \u2013 koordin\u0113\u0161anai. Tas ietver sazi\u0146as nodro\u0161in\u0101\u0161anu organiz\u0113jot to dal\u012bbu, ce\u013co\u0161anu un izmitin\u0101\u0161anu, k\u0101 ar\u012b person\u012bgo festiv\u0101la grafiku sast\u0101d\u012b\u0161anu un uzraudz\u012b\u0161anu. \u0160\u012b pieredze ir iesp\u0113ja, cita starp\u0101, nostiprin\u0101t kult\u016bras mened\u017ementa prasmes.<\/p>\n","heading_2":"Iesp\u0113jas un nepiecie\u0161am\u0101s prasmes","periods":[{"period":"Augusts \u2013 oktobris","comment":"Att\u0101lin\u0101tais darbs, sazi\u0146a ar festiv\u0101la \u012bsfilmu sada\u013cas SHORT RIGA dal\u012bbniekiem","description":"<p>Nepiecie\u0161ama rakst\u012bbas un sarunvalodas prasmes latvie\u0161u un ang\u013cu valod\u0101 (teicam\u0101 vai \u013coti lab\u0101 l\u012bmen\u012b). J\u0101b\u016bt pieredzei darb\u0101 ar inform\u0101cijas apkopo\u0161anu un administr\u0113\u0161anu.<\/p>\n"}]},{"heading":"Auditorijas serviss","description":"<p>Festiv\u0101la auditorijas sasnieg\u0161anai un papla\u0161in\u0101\u0161anai nepiecie\u0161ama datu un atsauksmju anal\u012bze, k\u0101 ar\u012b veiksm\u012bgs serviss gan fiziskaj\u0101, gan digit\u0101laj\u0101 vid\u0113. \u0160\u012b pieredze \u013cauj iepaz\u012bties ar infrastrukt\u016bras sagatavo\u0161anas darbiem (un \u0161\u012b procesa sl\u0113ptajiem zem\u016bdens akme\u0146iem) liela m\u0113roga, daudz\u0161\u0137aut\u0146ainam notikumam ar hibr\u012bdu norisi \u2013 kl\u0101tien\u0113 un tie\u0161saist\u0113.<\/p>\n","heading_2":"Iesp\u0113jas un nepiecie\u0161am\u0101s prasmes","periods":[{"period":"Apr\u012blis \u2013 j\u016blijs","comment":"Att\u0101lin\u0101ts darbs","description":""},{"period":"Augusts \u2013 oktobris","comment":"Att\u0101lin\u0101ts darbs, dal\u012bba kl\u0101tien\u0113 14.-24. oktobr\u012b","description":"<p>Nepiecie\u0161ama prasme darb\u0101 ar lielu datu apjomu un t\u0101 anal\u012bzi (apmekl\u0113juma statistika un tendences). Iesp\u0113ja apg\u016bt da\u017e\u0101du festiv\u0101la vad\u012bbas r\u012bku p\u0101rvald\u012bbu, to izmanto\u0161anas instrukciju sast\u0101d\u012b\u0161anu un bie\u017e\u0101k uzdoto jaut\u0101jumu apstr\u0101di. Izv\u0113loties otro periodu, kl\u0101tien\u0113 j\u0101pal\u012bdz nodro\u0161in\u0101t inform\u0101cijas un atbalsta centru darba vad\u012b\u0161ana.<\/p>\n"}]}],"footnotes":[{"number":"1","text":"<p>Prakse ir pieejama studentiem profesion\u0101l\u0101s izgl\u012bt\u012bbas iest\u0101d\u0113 ar prakses programmu. To to sl\u0113dz k\u0101 tr\u012bspus\u0113ju l\u012bgumu par m\u0101c\u012bbu praksi starp praktikantu, profesion\u0101l\u0101s izgl\u012bt\u012bbas iest\u0101di un prakses vietu (sk. <a href=\"https:\/\/likumi.lv\/ta\/id\/344976-prakses-organizesanaskartiba-profesionalas-izglitibas-programmas\">Ministru kabineta noteikumi Nr. 481<\/a>). Par sav\u0101m iesp\u0113j\u0101m pilnveidot prasmes k\u0101d\u0101 no min\u0113taj\u0101m jom\u0101m \u0101rpus m\u0101c\u012bbu prakses (piem\u0113ram, veicot br\u012bvpr\u0101t\u012bgo darbu) uzzini vair\u0101k, rakstot uz <a href=\"mailto:prakse@rigaiff.lv\">prakse@rigaiff.lv<\/a>!<\/p>\n"}],"custom_featured_image":{"ID":44981,"id":44981,"title":"KRI08808","filename":"KRI08808-scaled.jpg","filesize":967369,"url":"https:\/\/rigaiff.lv\/wp-content\/uploads\/2026\/03\/KRI08808-scaled.jpg","link":"https:\/\/rigaiff.lv\/wp-content\/uploads\/2026\/03\/KRI08808-scaled.jpg","alt":"","author":"21","description":"","caption":"","name":"9ec4997c9d244033aff4a2a1d94f2c2b","status":"inherit","uploaded_to":44980,"date":"2026-03-30 14:23:40","modified":"2026-03-31 06:22:55","menu_order":0,"mime_type":"image\/jpeg","type":"image","subtype":"jpeg","icon":"https:\/\/rigaiff.lv\/wp-includes\/images\/media\/default.png","width":2560,"height":1706,"sizes":{"thumbnail":"https:\/\/rigaiff.lv\/wp-content\/uploads\/2026\/03\/KRI08808-150x150.jpg","thumbnail-width":150,"thumbnail-height":150,"medium":"https:\/\/rigaiff.lv\/wp-content\/uploads\/2026\/03\/KRI08808-250x167.jpg","medium-width":250,"medium-height":167,"medium_large":"https:\/\/rigaiff.lv\/wp-content\/uploads\/2026\/03\/KRI08808-768x512.jpg","medium_large-width":768,"medium_large-height":512,"large":"https:\/\/rigaiff.lv\/wp-content\/uploads\/2026\/03\/KRI08808-1500x1000.jpg","large-width":900,"large-height":600,"1536x1536":"https:\/\/rigaiff.lv\/wp-content\/uploads\/2026\/03\/KRI08808-1536x1024.jpg","1536x1536-width":1536,"1536x1536-height":1024,"2048x2048":"https:\/\/rigaiff.lv\/wp-content\/uploads\/2026\/03\/KRI08808-2048x1365.jpg","2048x2048-width":2048,"2048x2048-height":1365,"large1200":"https:\/\/rigaiff.lv\/wp-content\/uploads\/2026\/03\/KRI08808-1200x800.jpg","large1200-width":1200,"large1200-height":800,"large1800":"https:\/\/rigaiff.lv\/wp-content\/uploads\/2026\/03\/KRI08808-1800x1200.jpg","large1800-width":1800,"large1800-height":1200,"small":"https:\/\/rigaiff.lv\/wp-content\/uploads\/2026\/03\/KRI08808-120x80.jpg","small-width":120,"small-height":80,"uncompressed":"https:\/\/rigaiff.lv\/wp-content\/uploads\/2026\/03\/KRI08808-scaled.jpg","uncompressed-width":2560,"uncompressed-height":1706,"custom-size":"https:\/\/rigaiff.lv\/wp-content\/uploads\/2026\/03\/KRI08808-700x200.jpg","custom-size-width":700,"custom-size-height":200}},"buttons":[{"text":"Pieteikties","url":"https:\/\/forms.gle\/YifZSXtN8Rd5bhrH9","disabled":false,"soon":false,"black_arrow":true,"white_arrow":false,"show_films_2023_count":false}],"overlay_image":false,"overlay_image_svg_lv":false,"background_image":false,"vertical_compr":false,"horizontal_compr":false,"vertical_compr_lv":false,"horizontal_compr_lv":false,"copyright_compr":"","main_description":"<p>M\u0101kslas un kult\u016bras mened\u017ementa, k\u0101 ar\u012b citu rado\u0161o industriju studentiem prakse        <sup><a href=\"#footnote_1\">1<\/a><\/sup>\n     RIGA IFF komand\u0101 ir unik\u0101la iesp\u0113ja vair\u0101ku m\u0113ne\u0161u garum\u0101 apliecin\u0101t un att\u012bst\u012bt savas profesion\u0101l\u0101s prasmes vien\u0101 no iev\u0113rojam\u0101kajiem Baltijas kino notikumiem. Iesaiste festiv\u0101la programmas un komunik\u0101cijas departamentu noris\u0113s sniedz ar\u012b v\u0113rt\u012bgu starpdisciplin\u0101ro pieredzi un \u013cauj izzin\u0101t starptautiska kult\u016bras notikuma organiz\u0113\u0161anas aizkulises.<\/p>\n<p>Pieteik\u0161an\u0101s praksei ar RIGA IFF 2026 organiz\u0113\u0161anu saist\u012bt\u0101s jom\u0101s ir atv\u0113rta l\u012bdz 19. apr\u012b\u013ca plkst. 23.59. Jaut\u0101jumu gad\u012bjum\u0101 aicin\u0101m sazin\u0101ties, rakstot uz <a href=\"mailto:prakse@rigaiff.lv\">prakse@rigaiff.lv<\/a>.<\/p>\n","departments":[{"department_title":"Komunik\u0101cijas departaments","description":"<p>Prakse komunik\u0101cijas departament\u0101 \u013cauj iepaz\u012bt festiv\u0101la publisk\u0101s komunik\u0101cijas pl\u0101no\u0161anas un izpildes procesus, k\u0101 ar\u012b piedal\u012bties audiovizu\u0101l\u0101 satura izstr\u0101d\u0113 un p\u0101rvald\u012bb\u0101. Kandid\u0101tiem nepiecie\u0161ama iepriek\u0161\u0113ja pieredze izv\u0113l\u0113taj\u0101 darb\u012bbas jom\u0101, k\u0101 ar\u012b teicamas vai \u013coti labas latvie\u0161u un ang\u013cu valodas prasmes. Izgl\u012bt\u012bba saist\u012bt\u0101 nozar\u0113 nav oblig\u0101ta, bet tiks uzskat\u012bta par priek\u0161roc\u012bbu. Paredzam\u0101 slodze \u2013 no 40 l\u012bdz 80 stund\u0101m m\u0113nes\u012b vismaz divu m\u0113ne\u0161u period\u0101; tuvojoties festiv\u0101lam, slodzes apm\u0113rs proporcion\u0101li pieaug.\u00a0<\/p>\n","vacancies":[{"title":"Audiovizu\u0101lo materi\u0101lu izstr\u0101de (j\u016blijs \u2013 oktobris)","excerpt":"<p>Video mont\u0101\u017ea un titr\u0113\u0161ana, piem\u0113ram, filmu rull\u012b\u0161u apstr\u0101de, anim\u0101cija vai fotogr\u0101fa darbs.<\/p>\n"},{"title":"Satura public\u0113\u0161ana un administr\u0113\u0161ana (j\u016blijs \u2013 oktobris)","excerpt":"<p>Satura public\u0113\u0161ana festiv\u0101la t\u012bmek\u013ca vietn\u0113 un soci\u0101lo t\u012bklu kontos, v\u0113stkopu un pazi\u0146ojumu sagatavo\u0161ana un izs\u016bt\u012b\u0161ana.<\/p>\n"},{"title":"Dizains un maket\u0113\u0161ana (j\u016blijs \u2013 oktobris)","excerpt":"<p>Digit\u0101lo materi\u0101lu sagatavo\u0161ana vai darbs pie m\u0101jaslapas dizaina uzlabojumiem, ar\u012b patst\u0101v\u012bga izp\u0113te un risin\u0101jumu izstr\u0101de.<\/p>\n"}]},{"department_title":"Programmas departaments","description":"<p>Prakse RIGA IFF programmas departament\u0101 ir iesp\u0113ja str\u0101d\u0101t cie\u0161\u0101 sadarb\u012bb\u0101 ar festiv\u0101la filmu programmas kuratoriem, kuru darbam ir centr\u0101l\u0101 loma publisk\u0101s programmas sagatavo\u0161an\u0101 un nodo\u0161an\u0101 auditorijai. Kandid\u0101tiem nepiecie\u0161ama iepriek\u0161\u0113ja pieredze darb\u0101 ar inform\u0101cijas apstr\u0101d\u0101\u0161anu un teicamas vai \u013coti labas latvie\u0161u un ang\u013cu valodas prasmes gan rakstveid\u0101, gan mutv\u0101rdos. Izgl\u012bt\u012bba saist\u012bt\u0101 nozar\u0113 nav oblig\u0101ta, bet tiks uzskat\u012bta par priek\u0161roc\u012bbu.\u00a0<\/p>\n","vacancies":[{"title":"Asist\u0113\u0161ana filmu programmas kuratoriem (augusts \u2013 oktobris)","excerpt":"<p>Filmu materi\u0101lu un inform\u0101cijas apkopo\u0161ana un organiz\u0113\u0161ana un citi administrat\u012bvie darbi, komunik\u0101cija ar filmu veidot\u0101jiem, \u017e\u016briju p\u0101rst\u0101vjiem un ekspertiem kl\u0101tien\u0113 festiv\u0101la norises laik\u0101.<\/p>\n"},{"title":"Festiv\u0101la filmu papildmateri\u0101lu sagatavo\u0161ana (j\u016bnijs \u2013 augusts)","excerpt":"<p>Publiskaj\u0101 telp\u0101 pieejam\u0101s inform\u0101cijas apkopo\u0161ana un programmas filmu papildino\u0161u materi\u0101lu sagatavo\u0161ana un nodo\u0161ana komunik\u0101cijas departamentam.<\/p>\n"}]}],"background_image_alternative":false,"f_logo_on_image_text":"","f_logo_on_image_image":false,"featured_gallery":false,"overlay_frame_en":false,"overlay_frame_lv":false},"_links":{"self":[{"href":"https:\/\/rigaiff.lv\/lv\/wp-json\/wp\/v2\/pages\/19306","targetHints":{"allow":["GET"]}}],"collection":[{"href":"https:\/\/rigaiff.lv\/lv\/wp-json\/wp\/v2\/pages"}],"about":[{"href":"https:\/\/rigaiff.lv\/lv\/wp-json\/wp\/v2\/types\/page"}],"author":[{"embeddable":true,"href":"https:\/\/rigaiff.lv\/lv\/wp-json\/wp\/v2\/users\/1"}],"replies":[{"embeddable":true,"href":"https:\/\/rigaiff.lv\/lv\/wp-json\/wp\/v2\/comments?post=19306"}],"version-history":[{"count":25,"href":"https:\/\/rigaiff.lv\/lv\/wp-json\/wp\/v2\/pages\/19306\/revisions"}],"predecessor-version":[{"id":44997,"href":"https:\/\/rigaiff.lv\/lv\/wp-json\/wp\/v2\/pages\/19306\/revisions\/44997"}],"wp:featuredmedia":[{"embeddable":true,"href":"https:\/\/rigaiff.lv\/lv\/wp-json\/wp\/v2\/media\/29886"}],"wp:attachment":[{"href":"https:\/\/rigaiff.lv\/lv\/wp-json\/wp\/v2\/media?parent=19306"}],"curies":[{"name":"wp","href":"https:\/\/api.w.org\/{rel}","templated":true}]}}