{"id":19475,"date":"2021-03-12T14:03:24","date_gmt":"2021-03-12T12:03:24","guid":{"rendered":"https:\/\/rigaiff.lv\/?page_id=19475"},"modified":"2021-05-26T11:55:29","modified_gmt":"2021-05-26T08:55:29","slug":"programme-2021","status":"publish","type":"page","link":"https:\/\/rigaiff.lv\/lv\/programme-2021\/","title":{"rendered":"Programma 2021"},"content":{"rendered":"<p><\/p>\n<p>R\u012bgas Starptautiskais kinofestiv\u0101ls (RIGA IFF), kas \u0161ogad norisin\u0101sies no 14. l\u012bdz 24. oktobrim, jau astoto reizi uz kop\u012bgu aktu\u0101lu, izmekl\u0113tu un kvalitat\u012bvu kinodarbu baud\u012b\u0161anu aicin\u0101s skat\u012bt\u0101jus un pa\u0161us kino veidot\u0101jus, turpinot k\u016br\u0113tas kino pieredzes veicin\u0101\u0161anu \u2013 k\u0101 galvaspils\u0113t\u0101, t\u0101 ar\u012b Latvijas re\u0123ionos.<\/p>\n<p>RIGA IFF filmu programm\u0101 laikmet\u012bgais kino tiekas ar klasiku un izaicino\u0161i debijas darbi ar festiv\u0101lu h\u012btiem, arvien mekl\u0113jot novatorisku kinovalodu un izteiksm\u012bgu autora rokrakstu.<\/p>\n<p><\/p>","protected":false},"excerpt":{"rendered":"<p><\/p>\n<p>R\u012bgas Starptautiskais kinofestiv\u0101ls (RIGA IFF), kas \u0161ogad norisin\u0101sies no 14. l\u012bdz 24. oktobrim, jau astoto reizi uz kop\u012bgu aktu\u0101lu, izmekl\u0113tu un kvalitat\u012bvu kinodarbu baud\u012b\u0161anu aicin\u0101s skat\u012bt\u0101jus un pa\u0161us kino veidot\u0101jus, turpinot k\u016br\u0113tas kino pieredzes veicin\u0101\u0161anu \u2013 k\u0101 galvaspils\u0113t\u0101, t\u0101 ar\u012b Latvijas re\u0123ionos.<\/p>\n<p>RIGA IFF filmu programm\u0101 laikmet\u012bgais kino tiekas ar klasiku un izaicino\u0161i debijas darbi ar festiv\u0101lu h\u012btiem, arvien mekl\u0113jot novatorisku kinovalodu un izteiksm\u012bgu autora rokrakstu.<\/p>\n<p><\/p>","protected":false},"author":1,"featured_media":0,"parent":0,"menu_order":0,"comment_status":"closed","ping_status":"closed","template":"programme-2021.php","meta":{"_acf_changed":false,"inline_featured_image":false,"footnotes":""},"class_list":["post-19475","page","type-page","status-publish","hentry"],"acf":{"blocks":false,"custom_title":"Laiks ir vienm\u0113r.","description":"<p>RIGA IFF filmu programm\u0101 laikmet\u012bgais kino tiekas ar klasiku un izaicino\u0161i debijas darbi ar festiv\u0101lu h\u012btiem, arvien mekl\u0113jot novatorisku kinovalodu un izteiksm\u012bgu autora rokrakstu.<\/p>\n","custom_title_above_programme":"Programma"},"_links":{"self":[{"href":"https:\/\/rigaiff.lv\/lv\/wp-json\/wp\/v2\/pages\/19475","targetHints":{"allow":["GET"]}}],"collection":[{"href":"https:\/\/rigaiff.lv\/lv\/wp-json\/wp\/v2\/pages"}],"about":[{"href":"https:\/\/rigaiff.lv\/lv\/wp-json\/wp\/v2\/types\/page"}],"author":[{"embeddable":true,"href":"https:\/\/rigaiff.lv\/lv\/wp-json\/wp\/v2\/users\/1"}],"replies":[{"embeddable":true,"href":"https:\/\/rigaiff.lv\/lv\/wp-json\/wp\/v2\/comments?post=19475"}],"version-history":[{"count":0,"href":"https:\/\/rigaiff.lv\/lv\/wp-json\/wp\/v2\/pages\/19475\/revisions"}],"wp:attachment":[{"href":"https:\/\/rigaiff.lv\/lv\/wp-json\/wp\/v2\/media?parent=19475"}],"curies":[{"name":"wp","href":"https:\/\/api.w.org\/{rel}","templated":true}]}}