{"id":20322,"date":"2021-05-31T12:19:07","date_gmt":"2021-05-31T09:19:07","guid":{"rendered":"https:\/\/rigaiff.lv\/?page_id=20322"},"modified":"2021-09-21T16:29:30","modified_gmt":"2021-09-21T13:29:30","slug":"checkout","status":"publish","type":"page","link":"https:\/\/rigaiff.lv\/lv\/checkout\/","title":{"rendered":"PIRKUMS"},"content":{"rendered":"","protected":false},"excerpt":{"rendered":"","protected":false},"author":1,"featured_media":0,"parent":0,"menu_order":0,"comment_status":"closed","ping_status":"closed","template":"checkout_2021.php","meta":{"_acf_changed":false,"inline_featured_image":false,"footnotes":""},"class_list":["post-20322","page","type-page","status-publish","hentry"],"acf":{"notice":"<p><strong>Uzman\u012bbu:<\/strong> R\u016bp\u0113joties par visu festiv\u0101la apmekl\u0113t\u0101ju dro\u0161\u012bbu, RIGA IFF kl\u0101tienes seansus un pas\u0101kumus b\u016bs iesp\u0113jams apmekl\u0113t tikai ar der\u012bgu COVID-19 p\u0101rslimo\u0161anas vai vakcin\u0101cijas sertifik\u0101tu (atbilsto\u0161i sp\u0113k\u0101 eso\u0161ajiem normat\u012bvajiem aktiem), uzr\u0101dot der\u012bgu personu apliecino\u0161u dokumentu. P\u0101rbaude tiks veikta pie ieejas pas\u0101kumu norises viet\u0101s.<\/p>\n","notice_label_top":"<p>Inform\u0101cija par epidemiolo\u0123isko dro\u0161\u012bbu festiv\u0101l\u0101 <strong>zem\u0101k<\/strong>.<\/p>\n","notice_label_top_online":"<p>Tie\u0161saistes seansu skat\u012b\u0161an\u0101s ir iesp\u0113jama tikai <strong>Latvijas teritorij\u0101<\/strong>!<\/p>\n","notice_online":""},"_links":{"self":[{"href":"https:\/\/rigaiff.lv\/lv\/wp-json\/wp\/v2\/pages\/20322","targetHints":{"allow":["GET"]}}],"collection":[{"href":"https:\/\/rigaiff.lv\/lv\/wp-json\/wp\/v2\/pages"}],"about":[{"href":"https:\/\/rigaiff.lv\/lv\/wp-json\/wp\/v2\/types\/page"}],"author":[{"embeddable":true,"href":"https:\/\/rigaiff.lv\/lv\/wp-json\/wp\/v2\/users\/1"}],"replies":[{"embeddable":true,"href":"https:\/\/rigaiff.lv\/lv\/wp-json\/wp\/v2\/comments?post=20322"}],"version-history":[{"count":0,"href":"https:\/\/rigaiff.lv\/lv\/wp-json\/wp\/v2\/pages\/20322\/revisions"}],"wp:attachment":[{"href":"https:\/\/rigaiff.lv\/lv\/wp-json\/wp\/v2\/media?parent=20322"}],"curies":[{"name":"wp","href":"https:\/\/api.w.org\/{rel}","templated":true}]}}