{"id":23390,"date":"2021-10-12T13:34:25","date_gmt":"2021-10-12T10:34:25","guid":{"rendered":"https:\/\/rigaiff.lv\/?page_id=23390"},"modified":"2021-10-12T17:42:30","modified_gmt":"2021-10-12T14:42:30","slug":"pieejamiba-latvijas-nacionalaja-biblioteka","status":"publish","type":"page","link":"https:\/\/rigaiff.lv\/lv\/pieejamiba-latvijas-nacionalaja-biblioteka\/","title":{"rendered":"Pieejam\u012bba Latvijas Nacion\u0101laj\u0101 bibliot\u0113k\u0101"},"content":{"rendered":"<p><\/p>\n<p><strong>LATVIJAS NACION\u0100L\u0100 BIBLIOT\u0112KAS ZIEDO\u0145A Z\u0100LE, M\u016aKUSALAS IELA 3<\/strong><\/p>\n<p>Latvijas Nacion\u0101l\u0101s bibliot\u0113kas \u0113ka \u2013 visas las\u012btavas, pas\u0101kumu telpas un pakalpojumi ir pieejami ikvienam apmekl\u0113t\u0101jam, ar\u012b cilv\u0113kiem ar invalidit\u0101ti , tai skait\u0101 cilv\u0113kiem ar kust\u012bbu ierobe\u017eojumiem. V\u0101jredz\u012bgos un neredz\u012bgos cilv\u0113kus bibliot\u0113k\u0101 var pavad\u012bt vi\u0146u su\u0146i-pavado\u0146i. Papildu inform\u0101cija par LNB telpu pieejam\u012bbu <a href=\"https:\/\/www.lnb.lv\/lv\/par-biblioteku\/bibliotekas-pieejamiba-cilvekiem-ar-ipasam-vajadzibam\" target=\"_blank\" rel=\"noopener\">\u0160EIT<\/a>.<\/p>\n<p>Katr\u0101 st\u0101v\u0101 ir labier\u012bc\u012bbas, kas piem\u0113rotas cilv\u0113kiem ar kust\u012bbu trauc\u0113jumiem. Ar to izvietojumu iesp\u0113jams iepaz\u012bties LNB st\u0101vu pl\u0101nos <a href=\"https:\/\/www.lnb.lv\/lv\/par-biblioteku\/stavu-plani\" target=\"_blank\" rel=\"noopener\">\u0160EIT<\/a>.<\/p>\n<p><b>AUTO NOVIETO\u0160ANA UN PIEK\u013b\u016aSTAM\u012aBA<\/b><\/p>\n<p>Apmekl\u0113t\u0101jiem ar invalidit\u0101ti ir iesp\u0113ja bezmaksas novietot savu automa\u0161\u012bnu pie LNB dienesta ieejas (Valguma ielas pus\u0113), kreisaj\u0101 pus\u0113 aiz barjeras. Pirms bibliot\u0113kas apmekl\u0113juma, l\u016bdzam sazin\u0101ties ar LNB Klientu apkalpo\u0161anas centru (telefona numuri +371 67806135, +371 25627640), nosaucot ma\u0161\u012bnas numuru, k\u0101 ar\u012b inform\u0113jot par dienu un laiku, kad pl\u0101nojat apmekl\u0113t bibliot\u0113ku. Piebraucot pie barjeras, nepiecie\u0161ams zvan\u012bt uz telefona numuru +371 26655804.<\/p>\n<p><b>PAL\u012aDZ\u012aBA<\/b><\/p>\n<p>Apmekl\u0113t\u0101jiem ar redzes trauc\u0113jumiem un ierobe\u017eot\u0101m p\u0101rvieto\u0161an\u0101s sp\u0113j\u0101m pie LNB galven\u0101s ieejas durv\u012bm labaj\u0101 pus\u0113 pieejama pal\u012bdz\u012bbas izsaukuma poga. To nospie\u017eot, var sazin\u0101ties ar LNB Klientu apkalpo\u0161anas centra darbiniekiem, kuri pal\u012bdz\u0113s iek\u013c\u016bt bibliot\u0113k\u0101 un nepiecie\u0161am\u012bbas gad\u012bjum\u0101 asist\u0113s p\u0101rvietojoties pa bibliot\u0113ku.<\/p>\n<p>LNB \u0101trij\u0101 atrad\u012bsies RIGA IFF z\u0101les administratori, kuri var\u0113s atbild\u0113t uz apmekl\u0113t\u0101ju jaut\u0101jumiem vai \u2013 ja nepiecie\u0161ams \u2013 sniegt pal\u012bdz\u012bbu. Nepiecie\u0161am\u012bbas gad\u012bjum\u0101 var v\u0113rsties ar\u012b festiv\u0101la inform\u0101cijas centr\u0101, kas b\u016bs izvietots LNB \u0101trij\u0101.<\/p>\n<p><b>ZIEDO\u0145A Z\u0100LES PIEEJAM\u012aBA<\/b><\/p>\n<p>RIGA IFF programma \u201cArchitect&#8217;s Cut\u201d norisin\u0101sies LNB \u201cZiedo\u0146a z\u0101l\u0113\u201d. Z\u0101l\u0113 var nok\u013c\u016bt gan personas rati\u0146kr\u0113slos, gan ar\u012b personas ar dzirdes vai redzes apgr\u016btin\u0101jumiem.\u00a0<\/p>\n<p><\/p>","protected":false},"excerpt":{"rendered":"<p><\/p>\n<p>LATVIJAS NACION\u0100L\u0100 BIBLIOT\u0112KAS ZIEDO\u0145A Z\u0100LE, M\u016aKUSALAS IELA 3<\/p>\n<p>Latvijas Nacion\u0101l\u0101s bibliot\u0113kas \u0113ka \u2013 visas las\u012btavas, pas\u0101kumu telpas un pakalpojumi ir pieejami ikvienam apmekl\u0113t\u0101jam, ar\u012b cilv\u0113kiem ar invalidit\u0101ti , tai skait\u0101 cilv\u0113kiem ar kust\u012bbu ierobe\u017eojumiem. V\u0101jredz\u012bgos un neredz\u012bgos cilv\u0113kus bibliot\u0113k\u0101 var pavad\u012bt vi\u0146u su\u0146i-pavado\u0146i. Papildu inform\u0101cija par LNB telpu pieejam\u012bbu <a href=\"https:\/\/www.lnb.lv\/lv\/par-biblioteku\/bibliotekas-pieejamiba-cilvekiem-ar-ipasam-vajadzibam\" target=\"_blank\" rel=\"noopener\">\u0160EIT<\/a>.<\/p>\n<p>Katr\u0101 st\u0101v\u0101 ir labier\u012bc\u012bbas, kas piem\u0113rotas cilv\u0113kiem ar kust\u012bbu trauc\u0113jumiem. Ar to izvietojumu iesp\u0113jams iepaz\u012bties LNB st\u0101vu pl\u0101nos <a href=\"https:\/\/www.lnb.lv\/lv\/par-biblioteku\/stavu-plani\" target=\"_blank\" rel=\"noopener\">\u0160EIT<\/a>.<\/p>\n<p>AUTO NOVIETO\u0160ANA UN PIEK\u013b\u016aSTAM\u012aBA<\/p>\n<p>Apmekl\u0113t\u0101jiem ar invalidit\u0101ti ir iesp\u0113ja bezmaksas novietot savu automa\u0161\u012bnu pie LNB dienesta ieejas (Valguma ielas pus\u0113), kreisaj\u0101 pus\u0113 aiz barjeras. Pirms bibliot\u0113kas apmekl\u0113juma, l\u016bdzam sazin\u0101ties ar LNB Klientu apkalpo\u0161anas centru (telefona numuri +371 67806135, +371 25627640), nosaucot ma\u0161\u012bnas numuru, k\u0101 ar\u012b inform\u0113jot par dienu un laiku, kad pl\u0101nojat apmekl\u0113t bibliot\u0113ku. Piebraucot pie barjeras, nepiecie\u0161ams zvan\u012bt uz telefona numuru +371 26655804.<\/p>\n<p>PAL\u012aDZ\u012aBA<\/p>\n<p>Apmekl\u0113t\u0101jiem ar redzes trauc\u0113jumiem un ierobe\u017eot\u0101m p\u0101rvieto\u0161an\u0101s sp\u0113j\u0101m pie LNB galven\u0101s ieejas durv\u012bm labaj\u0101 pus\u0113 pieejama pal\u012bdz\u012bbas izsaukuma poga. To nospie\u017eot, var sazin\u0101ties ar LNB Klientu apkalpo\u0161anas centra darbiniekiem, kuri pal\u012bdz\u0113s iek\u013c\u016bt bibliot\u0113k\u0101 un nepiecie\u0161am\u012bbas gad\u012bjum\u0101 asist\u0113s p\u0101rvietojotiespa bibliot\u0113ku.<\/p>","protected":false},"author":2,"featured_media":0,"parent":0,"menu_order":0,"comment_status":"closed","ping_status":"closed","template":"blank_accessibility_template.php","meta":{"_acf_changed":false,"inline_featured_image":false,"footnotes":""},"class_list":["post-23390","page","type-page","status-publish","hentry"],"acf":[],"_links":{"self":[{"href":"https:\/\/rigaiff.lv\/lv\/wp-json\/wp\/v2\/pages\/23390","targetHints":{"allow":["GET"]}}],"collection":[{"href":"https:\/\/rigaiff.lv\/lv\/wp-json\/wp\/v2\/pages"}],"about":[{"href":"https:\/\/rigaiff.lv\/lv\/wp-json\/wp\/v2\/types\/page"}],"author":[{"embeddable":true,"href":"https:\/\/rigaiff.lv\/lv\/wp-json\/wp\/v2\/users\/2"}],"replies":[{"embeddable":true,"href":"https:\/\/rigaiff.lv\/lv\/wp-json\/wp\/v2\/comments?post=23390"}],"version-history":[{"count":0,"href":"https:\/\/rigaiff.lv\/lv\/wp-json\/wp\/v2\/pages\/23390\/revisions"}],"wp:attachment":[{"href":"https:\/\/rigaiff.lv\/lv\/wp-json\/wp\/v2\/media?parent=23390"}],"curies":[{"name":"wp","href":"https:\/\/api.w.org\/{rel}","templated":true}]}}