{"id":24711,"date":"2022-04-11T18:51:47","date_gmt":"2022-04-11T15:51:47","guid":{"rendered":"https:\/\/rigaiff.lv\/?page_id=24711"},"modified":"2022-04-12T16:11:05","modified_gmt":"2022-04-12T13:11:05","slug":"par-riga-iff-online","status":"publish","type":"page","link":"https:\/\/rigaiff.lv\/lv\/online\/par-riga-iff-online\/","title":{"rendered":"Par RIGA IFF Online"},"content":{"rendered":"<p><\/p>\n<p>The mission of RIGA IFF is to create an internationally recognised cinema event that promotes Riga, enriches the northern European cultural space, and advocates for the development of an intelligent, open and active society.<\/p>\n<p>The Riga International Film Festival was established in 2014, and has quickly become one of Latvia\u2019s premier cultural events. It is a celebration of cinema that introduces the international film industry to the current body of work coming out of the Baltic Sea region and the Nordic countries, and in turn, introduces local audiences to the latest happenings in world cinema. The festival advances public interest in current events taking place in the contemporary cinema landscape, and encourages dialogue between viewers and filmmakers.<\/p>\n<p>In the RIGA IFF programme, contemporary cinema meets the classics, and assertive debut works mingle with festival hits. Moreover, the industry section of the festival provides a platform for film professionals from around the world in which to develop sustainable collaborations as well as discuss the future challenges facing the world of film.<\/p>\n<p>The professional jury presiding over the festival\u2019s international competitions for feature-length films, short films and music videos salutes uniquely expressive filmmakers and works that communicate new trends and advances in the language of cinema.<\/p>\n                    <div class=\"row justify-content-center buttonrow shortcode_buttonrow\">\n\n                \n                    <div class=\"w-auto shortcode_buttonrow_single_wrap\">\n                                                    <a href=\"\/lv\/online\/skatisanas-instrukcija\/\" class=\" black_arrow\"><div class=\"ticketbox_intickets\">\n\n                                        Lieto\u0161anas instrukcija\n                                    <\/div><\/a>\n\n                    <\/div>\n                            <\/div>\n\n        \n    \n<p><\/p>","protected":false},"excerpt":{"rendered":"<p><\/p>\n<p>The mission of RIGA IFF is to create an internationally recognised cinema event that promotes Riga, enriches the northern European cultural space, and advocates for the development of an intelligent, open and active society.<\/p>\n<p>The Riga International Film Festival was established in 2014, and has quickly become one of Latvia\u2019s premier cultural events. It is a celebration of cinema that introduces the international film industry to the current body of work coming out of the Baltic Sea region and the Nordic countries, and in turn, introduces local audiences to the latest happenings in world cinema. The festival advances public interest in current events taking place in the contemporary cinema landscape, and encourages dialogue between viewers and filmmakers.<\/p>\n<p>In the RIGA IFF programme, contemporary cinema meets the classics, and assertive debut works mingle with festival hits. Moreover, the industry section of the festival provides a platform for film professionals from around the world in which to develop sustainable collaborations as well as discuss the future challenges facing the world of film.<\/p>\n<p>The professional jury presiding over the festival\u2019s international competitions for feature-length films, short films and music videos salutes uniquely expressive filmmakers and works that communicate new trends and advancesin the language of cinema.<\/p>","protected":false},"author":1,"featured_media":0,"parent":24668,"menu_order":0,"comment_status":"closed","ping_status":"closed","template":"online_page_template.php","meta":{"_acf_changed":false,"inline_featured_image":false,"footnotes":""},"class_list":["post-24711","page","type-page","status-publish","hentry"],"acf":{"buttons":[{"text":"Lieto\u0161anas instrukcija","url":"\/lv\/online\/skatisanas-instrukcija\/","disabled":false,"soon":false,"black_arrow":true,"white_arrow":false,"show_films_2023_count":false}],"custom_title":"\u012apa\u0161a filmu izlase tie\u0161saist\u0113","custom_title_above_films":"Jaun\u0101k\u0101s filmas"},"_links":{"self":[{"href":"https:\/\/rigaiff.lv\/lv\/wp-json\/wp\/v2\/pages\/24711","targetHints":{"allow":["GET"]}}],"collection":[{"href":"https:\/\/rigaiff.lv\/lv\/wp-json\/wp\/v2\/pages"}],"about":[{"href":"https:\/\/rigaiff.lv\/lv\/wp-json\/wp\/v2\/types\/page"}],"author":[{"embeddable":true,"href":"https:\/\/rigaiff.lv\/lv\/wp-json\/wp\/v2\/users\/1"}],"replies":[{"embeddable":true,"href":"https:\/\/rigaiff.lv\/lv\/wp-json\/wp\/v2\/comments?post=24711"}],"version-history":[{"count":0,"href":"https:\/\/rigaiff.lv\/lv\/wp-json\/wp\/v2\/pages\/24711\/revisions"}],"up":[{"embeddable":true,"href":"https:\/\/rigaiff.lv\/lv\/wp-json\/wp\/v2\/pages\/24668"}],"wp:attachment":[{"href":"https:\/\/rigaiff.lv\/lv\/wp-json\/wp\/v2\/media?parent=24711"}],"curies":[{"name":"wp","href":"https:\/\/api.w.org\/{rel}","templated":true}]}}