{"id":30560,"date":"2023-06-04T15:55:52","date_gmt":"2023-06-04T12:55:52","guid":{"rendered":"https:\/\/rigaiff.lv\/?page_id=30560"},"modified":"2026-01-07T16:11:03","modified_gmt":"2026-01-07T14:11:03","slug":"tickets-4","status":"publish","type":"page","link":"https:\/\/rigaiff.lv\/lv\/tickets","title":{"rendered":"Bi\u013cetes &#038; abonementi"},"content":{"rendered":"","protected":false},"excerpt":{"rendered":"","protected":false},"author":1,"featured_media":0,"parent":0,"menu_order":0,"comment_status":"closed","ping_status":"closed","template":"tickets_2024.php","meta":{"_acf_changed":false,"inline_featured_image":false,"footnotes":""},"class_list":["post-30560","page","type-page","status-publish","hentry"],"acf":{"blocks":[{"title":"Bi\u013cetes","description":"","venues":[{"title":"Kinote\u0101tros R\u012bg\u0101","description_format":"rows","description":"","rows":[{"left":"Pamatseansi","right":"7,- \u20ac; 8,- \u20ac; 9,- \u20ac","info_text":""},{"left":"Cena ar atlaidi","right":"6,- \u20ac; 7,- \u20ac; 8,- \u20ac","info_text":"Atlaides cena pieejama: skol\u0113niem, studentiem, pension\u0101riem, person\u0101m ar 1., 2. un 3. grupas invalidit\u0101ti, Latvijas Kinematogr\u0101fistu savien\u012bbas biedriem"},{"left":"Pavado\u0146iem","right":"0\u20ac","info_text":"Cilv\u0113ku ar 1. un 2. grupas invalidit\u0101ti pavado\u0146iem ieeja bez maksas."},{"left":"KIDS\u2019 REEL seansi","right":"6,- \u20ac","info_text":""},{"left":"KIDS\u2019 REEL \u0123imenei","right":"20,- \u20ac","info_text":"Bi\u013cete der\u012bga seansa apmekl\u0113jumam 4 person\u0101m"}]}],"bs_id":"","custom_button_text":"Pirkt","custom_button_url":"https:\/\/rigaiff.lv\/calendar","button_style":"no_button","button_icon":"ticket","overlay_image_svg_en":false,"overlay_image_svg_lv":false,"background_image":{"ID":41162,"id":41162,"title":"TICKETS \u2013 Cover 7x10","filename":"TICKETS-\u2013-Cover-7x10-1.png","filesize":718669,"url":"https:\/\/rigaiff.lv\/wp-content\/uploads\/2025\/06\/TICKETS-\u2013-Cover-7x10-1.png","link":"https:\/\/rigaiff.lv\/wp-content\/uploads\/2025\/06\/TICKETS-\u2013-Cover-7x10-1.png","alt":"","author":"2","description":"","caption":"","name":"9314e50cb0a04046820e59502f1784d0","status":"inherit","uploaded_to":30560,"date":"2025-06-12 12:27:54","modified":"2025-06-12 12:27:54","menu_order":0,"mime_type":"image\/png","type":"image","subtype":"png","icon":"https:\/\/rigaiff.lv\/wp-includes\/images\/media\/default.png","width":1088,"height":1551,"sizes":{"thumbnail":"https:\/\/rigaiff.lv\/wp-content\/uploads\/2025\/06\/TICKETS-\u2013-Cover-7x10-1-150x150.png","thumbnail-width":150,"thumbnail-height":150,"medium":"https:\/\/rigaiff.lv\/wp-content\/uploads\/2025\/06\/TICKETS-\u2013-Cover-7x10-1-250x356.png","medium-width":211,"medium-height":300,"medium_large":"https:\/\/rigaiff.lv\/wp-content\/uploads\/2025\/06\/TICKETS-\u2013-Cover-7x10-1-768x1095.png","medium_large-width":768,"medium_large-height":1095,"large":"https:\/\/rigaiff.lv\/wp-content\/uploads\/2025\/06\/TICKETS-\u2013-Cover-7x10-1.png","large-width":842,"large-height":1200,"1536x1536":"https:\/\/rigaiff.lv\/wp-content\/uploads\/2025\/06\/TICKETS-\u2013-Cover-7x10-1-1077x1536.png","1536x1536-width":1077,"1536x1536-height":1536,"2048x2048":"https:\/\/rigaiff.lv\/wp-content\/uploads\/2025\/06\/TICKETS-\u2013-Cover-7x10-1.png","2048x2048-width":1088,"2048x2048-height":1551,"large1200":"https:\/\/rigaiff.lv\/wp-content\/uploads\/2025\/06\/TICKETS-\u2013-Cover-7x10-1.png","large1200-width":1088,"large1200-height":1551,"large1800":"https:\/\/rigaiff.lv\/wp-content\/uploads\/2025\/06\/TICKETS-\u2013-Cover-7x10-1.png","large1800-width":1088,"large1800-height":1551,"small":"https:\/\/rigaiff.lv\/wp-content\/uploads\/2025\/06\/TICKETS-\u2013-Cover-7x10-1-120x171.png","small-width":120,"small-height":171,"uncompressed":"https:\/\/rigaiff.lv\/wp-content\/uploads\/2025\/06\/TICKETS-\u2013-Cover-7x10-1.png","uncompressed-width":1088,"uncompressed-height":1551,"custom-size":"https:\/\/rigaiff.lv\/wp-content\/uploads\/2025\/06\/TICKETS-\u2013-Cover-7x10-1-700x200.png","custom-size-width":700,"custom-size-height":200}}},{"title":"4 bi\u013ce\u0161u komplekts","description":"<p>Rezerv\u0113 4 bi\u013cetes uz festiv\u0101la seansiem (iz\u0146emot atkl\u0101\u0161anas vakaru un apbalvo\u0161anas ceremoniju), t. sk. vair\u0101kas bi\u013cetes uz vienu seansu.<\/p>\n<p>4 bi\u013ce\u0161u komplektu lieto\u0161anas noteikumi <span style=\"text-decoration: underline;\"><a href=\"https:\/\/rigaiff.lv\/bilesu-komplektu-un-abonementu-lietosanas-instrukcijas\/\">\u0160EIT<\/a><\/span>.<\/p>\n","venues":[{"title":"Kinote\u0101tros R\u012bg\u0101","description_format":"text_area","description":"","rows":[{"left":"Pamatseansi","right":"7,- \u20ac; 8,- \u20ac; 9,- \u20ac","info_text":""},{"left":"Cena ar atlaidi","right":"6,- \u20ac; 7,- \u20ac; 8,- \u20ac","info_text":"Atlaides cena pieejama: skol\u0113niem, studentiem, pension\u0101riem, person\u0101m ar 1., 2. un 3. grupas invalidit\u0101ti, Latvijas Kinematogr\u0101fistu savien\u012bbas biedriem"},{"left":"Pavado\u0146iem","right":"0\u20ac","info_text":"Cilv\u0113ku ar 1. un 2. grupas invalidit\u0101ti pavado\u0146iem ieeja bez maksas."},{"left":"KIDS\u2019 REEL seansi","right":"6,- \u20ac","info_text":""},{"left":"KIDS\u2019 REEL \u0123imenei","right":"20,- \u20ac","info_text":"Bi\u013cete der\u012bga seansa apmekl\u0113jumam 4 person\u0101m"}]}],"bs_id":"480900","custom_button_text":"Tirdzniec\u012bba nosl\u0113gusies","custom_button_url":"","button_style":"ended","button_icon":"ticket","overlay_image_svg_en":false,"overlay_image_svg_lv":false,"background_image":{"ID":41158,"id":41158,"title":"FOUR TICKET PACK \u2013 Cover 7x10","filename":"FOUR-TICKET-PACK-\u2013-Cover-7x10-1.png","filesize":585971,"url":"https:\/\/rigaiff.lv\/wp-content\/uploads\/2025\/06\/FOUR-TICKET-PACK-\u2013-Cover-7x10-1.png","link":"https:\/\/rigaiff.lv\/wp-content\/uploads\/2025\/06\/FOUR-TICKET-PACK-\u2013-Cover-7x10-1.png","alt":"","author":"2","description":"","caption":"","name":"2727be5d47234b408305c8eab264f513","status":"inherit","uploaded_to":30560,"date":"2025-06-12 12:27:27","modified":"2025-06-12 12:27:27","menu_order":0,"mime_type":"image\/png","type":"image","subtype":"png","icon":"https:\/\/rigaiff.lv\/wp-includes\/images\/media\/default.png","width":1088,"height":1551,"sizes":{"thumbnail":"https:\/\/rigaiff.lv\/wp-content\/uploads\/2025\/06\/FOUR-TICKET-PACK-\u2013-Cover-7x10-1-150x150.png","thumbnail-width":150,"thumbnail-height":150,"medium":"https:\/\/rigaiff.lv\/wp-content\/uploads\/2025\/06\/FOUR-TICKET-PACK-\u2013-Cover-7x10-1-250x356.png","medium-width":211,"medium-height":300,"medium_large":"https:\/\/rigaiff.lv\/wp-content\/uploads\/2025\/06\/FOUR-TICKET-PACK-\u2013-Cover-7x10-1-768x1095.png","medium_large-width":768,"medium_large-height":1095,"large":"https:\/\/rigaiff.lv\/wp-content\/uploads\/2025\/06\/FOUR-TICKET-PACK-\u2013-Cover-7x10-1.png","large-width":842,"large-height":1200,"1536x1536":"https:\/\/rigaiff.lv\/wp-content\/uploads\/2025\/06\/FOUR-TICKET-PACK-\u2013-Cover-7x10-1-1077x1536.png","1536x1536-width":1077,"1536x1536-height":1536,"2048x2048":"https:\/\/rigaiff.lv\/wp-content\/uploads\/2025\/06\/FOUR-TICKET-PACK-\u2013-Cover-7x10-1.png","2048x2048-width":1088,"2048x2048-height":1551,"large1200":"https:\/\/rigaiff.lv\/wp-content\/uploads\/2025\/06\/FOUR-TICKET-PACK-\u2013-Cover-7x10-1.png","large1200-width":1088,"large1200-height":1551,"large1800":"https:\/\/rigaiff.lv\/wp-content\/uploads\/2025\/06\/FOUR-TICKET-PACK-\u2013-Cover-7x10-1.png","large1800-width":1088,"large1800-height":1551,"small":"https:\/\/rigaiff.lv\/wp-content\/uploads\/2025\/06\/FOUR-TICKET-PACK-\u2013-Cover-7x10-1-120x171.png","small-width":120,"small-height":171,"uncompressed":"https:\/\/rigaiff.lv\/wp-content\/uploads\/2025\/06\/FOUR-TICKET-PACK-\u2013-Cover-7x10-1.png","uncompressed-width":1088,"uncompressed-height":1551,"custom-size":"https:\/\/rigaiff.lv\/wp-content\/uploads\/2025\/06\/FOUR-TICKET-PACK-\u2013-Cover-7x10-1-700x200.png","custom-size-width":700,"custom-size-height":200}}},{"title":"Festiv\u0101la abonements","description":"<p>Atsl\u0113ga uz visiem festiv\u0101la kl\u0101tienes seansiem \u2013 ieskaitot festiv\u0101la atkl\u0101\u0161anas vakaru.<\/p>\n<p>Festiv\u0101la abonementa lieto\u0161anas noteikumi <span style=\"text-decoration: underline;\"><a href=\"https:\/\/rigaiff.lv\/rigaiff-accreditations-terms-and-conditions\/\">\u0160EIT<\/a><\/span>.<\/p>\n","venues":[{"title":"Kinote\u0101tros R\u012bg\u0101","description_format":"text_area","description":"","rows":[{"left":"Pamatseansi","right":"7,- \u20ac; 8,- \u20ac; 9,- \u20ac","info_text":""},{"left":"Cena ar atlaidi","right":"6,- \u20ac; 7,- \u20ac; 8,- \u20ac","info_text":"Atlaides cena pieejama: skol\u0113niem, studentiem, pension\u0101riem, person\u0101m ar 1., 2. un 3. grupas invalidit\u0101ti, Latvijas Kinematogr\u0101fistu savien\u012bbas biedriem"},{"left":"Pavado\u0146iem","right":"0\u20ac","info_text":"Cilv\u0113ku ar 1. un 2. grupas invalidit\u0101ti pavado\u0146iem ieeja bez maksas."},{"left":"KIDS\u2019 REEL seansi","right":"6,- \u20ac","info_text":""},{"left":"KIDS\u2019 REEL \u0123imenei","right":"20,- \u20ac","info_text":"Bi\u013cete der\u012bga seansa apmekl\u0113jumam 4 person\u0101m"}]}],"bs_id":"475437","custom_button_text":"Tirdzniec\u012bba nosl\u0113gusies","custom_button_url":"","button_style":"ended","button_icon":"ticket","overlay_image_svg_en":false,"overlay_image_svg_lv":false,"background_image":{"ID":41156,"id":41156,"title":"FESTIVAL PASS \u2013 Cover 7x10","filename":"FESTIVAL-PASS-\u2013-Cover-7x10-1.png","filesize":683933,"url":"https:\/\/rigaiff.lv\/wp-content\/uploads\/2025\/06\/FESTIVAL-PASS-\u2013-Cover-7x10-1.png","link":"https:\/\/rigaiff.lv\/wp-content\/uploads\/2025\/06\/FESTIVAL-PASS-\u2013-Cover-7x10-1.png","alt":"","author":"2","description":"","caption":"","name":"50ee6b9294ea41ec8dcaeec4fea3b10a","status":"inherit","uploaded_to":30560,"date":"2025-06-12 12:27:14","modified":"2025-06-12 12:27:14","menu_order":0,"mime_type":"image\/png","type":"image","subtype":"png","icon":"https:\/\/rigaiff.lv\/wp-includes\/images\/media\/default.png","width":1088,"height":1551,"sizes":{"thumbnail":"https:\/\/rigaiff.lv\/wp-content\/uploads\/2025\/06\/FESTIVAL-PASS-\u2013-Cover-7x10-1-150x150.png","thumbnail-width":150,"thumbnail-height":150,"medium":"https:\/\/rigaiff.lv\/wp-content\/uploads\/2025\/06\/FESTIVAL-PASS-\u2013-Cover-7x10-1-250x356.png","medium-width":211,"medium-height":300,"medium_large":"https:\/\/rigaiff.lv\/wp-content\/uploads\/2025\/06\/FESTIVAL-PASS-\u2013-Cover-7x10-1-768x1095.png","medium_large-width":768,"medium_large-height":1095,"large":"https:\/\/rigaiff.lv\/wp-content\/uploads\/2025\/06\/FESTIVAL-PASS-\u2013-Cover-7x10-1.png","large-width":842,"large-height":1200,"1536x1536":"https:\/\/rigaiff.lv\/wp-content\/uploads\/2025\/06\/FESTIVAL-PASS-\u2013-Cover-7x10-1-1077x1536.png","1536x1536-width":1077,"1536x1536-height":1536,"2048x2048":"https:\/\/rigaiff.lv\/wp-content\/uploads\/2025\/06\/FESTIVAL-PASS-\u2013-Cover-7x10-1.png","2048x2048-width":1088,"2048x2048-height":1551,"large1200":"https:\/\/rigaiff.lv\/wp-content\/uploads\/2025\/06\/FESTIVAL-PASS-\u2013-Cover-7x10-1.png","large1200-width":1088,"large1200-height":1551,"large1800":"https:\/\/rigaiff.lv\/wp-content\/uploads\/2025\/06\/FESTIVAL-PASS-\u2013-Cover-7x10-1.png","large1800-width":1088,"large1800-height":1551,"small":"https:\/\/rigaiff.lv\/wp-content\/uploads\/2025\/06\/FESTIVAL-PASS-\u2013-Cover-7x10-1-120x171.png","small-width":120,"small-height":171,"uncompressed":"https:\/\/rigaiff.lv\/wp-content\/uploads\/2025\/06\/FESTIVAL-PASS-\u2013-Cover-7x10-1.png","uncompressed-width":1088,"uncompressed-height":1551,"custom-size":"https:\/\/rigaiff.lv\/wp-content\/uploads\/2025\/06\/FESTIVAL-PASS-\u2013-Cover-7x10-1-700x200.png","custom-size-width":700,"custom-size-height":200}}},{"title":"RIGA IFF FORUM sada\u013cas caurlaide","description":"<p>FORUM Pass caurlaide ir \u012bpa\u0161i paredz\u0113ta filmu nozares p\u0101rst\u0101vjiem, kuri v\u0113las apmekl\u0113t tikai RIGA IFF FORUM norises.<\/p>\n<p>Akredit\u0101ciju lieto\u0161anas noteikumi pieejami <a href=\"https:\/\/rigaiff.lv\/rigaiff-accreditations-terms-and-conditions\/\"><span style=\"text-decoration: underline;\">\u0160EIT<\/span><\/a>.<\/p>\n","venues":false,"bs_id":"","custom_button_text":"Pieteik\u0161an\u0101s sl\u0113gta","custom_button_url":"https:\/\/vp.eventival.com\/rigaiff\/2025\/accreditation","button_style":"ended","button_icon":"apply","overlay_image_svg_en":false,"overlay_image_svg_lv":false,"background_image":{"ID":41157,"id":41157,"title":"FORUM PASS \u2013 Cover 7x10","filename":"FORUM-PASS-\u2013-Cover-7x10-1.png","filesize":637713,"url":"https:\/\/rigaiff.lv\/wp-content\/uploads\/2025\/06\/FORUM-PASS-\u2013-Cover-7x10-1.png","link":"https:\/\/rigaiff.lv\/wp-content\/uploads\/2025\/06\/FORUM-PASS-\u2013-Cover-7x10-1.png","alt":"","author":"2","description":"","caption":"","name":"bb145765686f460996b75fb04a629fdc","status":"inherit","uploaded_to":30560,"date":"2025-06-12 12:27:21","modified":"2025-06-12 12:27:21","menu_order":0,"mime_type":"image\/png","type":"image","subtype":"png","icon":"https:\/\/rigaiff.lv\/wp-includes\/images\/media\/default.png","width":1088,"height":1551,"sizes":{"thumbnail":"https:\/\/rigaiff.lv\/wp-content\/uploads\/2025\/06\/FORUM-PASS-\u2013-Cover-7x10-1-150x150.png","thumbnail-width":150,"thumbnail-height":150,"medium":"https:\/\/rigaiff.lv\/wp-content\/uploads\/2025\/06\/FORUM-PASS-\u2013-Cover-7x10-1-250x356.png","medium-width":211,"medium-height":300,"medium_large":"https:\/\/rigaiff.lv\/wp-content\/uploads\/2025\/06\/FORUM-PASS-\u2013-Cover-7x10-1-768x1095.png","medium_large-width":768,"medium_large-height":1095,"large":"https:\/\/rigaiff.lv\/wp-content\/uploads\/2025\/06\/FORUM-PASS-\u2013-Cover-7x10-1.png","large-width":842,"large-height":1200,"1536x1536":"https:\/\/rigaiff.lv\/wp-content\/uploads\/2025\/06\/FORUM-PASS-\u2013-Cover-7x10-1-1077x1536.png","1536x1536-width":1077,"1536x1536-height":1536,"2048x2048":"https:\/\/rigaiff.lv\/wp-content\/uploads\/2025\/06\/FORUM-PASS-\u2013-Cover-7x10-1.png","2048x2048-width":1088,"2048x2048-height":1551,"large1200":"https:\/\/rigaiff.lv\/wp-content\/uploads\/2025\/06\/FORUM-PASS-\u2013-Cover-7x10-1.png","large1200-width":1088,"large1200-height":1551,"large1800":"https:\/\/rigaiff.lv\/wp-content\/uploads\/2025\/06\/FORUM-PASS-\u2013-Cover-7x10-1.png","large1800-width":1088,"large1800-height":1551,"small":"https:\/\/rigaiff.lv\/wp-content\/uploads\/2025\/06\/FORUM-PASS-\u2013-Cover-7x10-1-120x171.png","small-width":120,"small-height":171,"uncompressed":"https:\/\/rigaiff.lv\/wp-content\/uploads\/2025\/06\/FORUM-PASS-\u2013-Cover-7x10-1.png","uncompressed-width":1088,"uncompressed-height":1551,"custom-size":"https:\/\/rigaiff.lv\/wp-content\/uploads\/2025\/06\/FORUM-PASS-\u2013-Cover-7x10-1-700x200.png","custom-size-width":700,"custom-size-height":200}}},{"title":"Festiv\u0101la un Forum sada\u013cas caurlaide","description":"<p>Festiv\u0101la un RIGA IFF FORUM sada\u013cas caurlaide ir \u012bpa\u0161i paredz\u0113ta filmu nozares p\u0101rst\u0101vjiem un sniedz iesp\u0113ju apmekl\u0113t teju visus RIGA IFF publiskos filmu seansus un nozares pas\u0101kumus.<\/p>\n<p>Akredit\u0101ciju lieto\u0161anas noteikumi pieejami <span style=\"text-decoration: underline;\"><a href=\"https:\/\/rigaiff.lv\/rigaiff-accreditations-terms-and-conditions\/\">\u0160EIT<\/a><\/span>.<\/p>\n","venues":false,"bs_id":"","custom_button_text":"Pieteik\u0161an\u0101s sl\u0113gta","custom_button_url":"https:\/\/vp.eventival.com\/rigaiff\/2025\/accreditation","button_style":"ended","button_icon":"apply","overlay_image_svg_en":false,"overlay_image_svg_lv":false,"background_image":{"ID":41155,"id":41155,"title":"FESTIVAL AND FORUM \u2013 Cover 7x10","filename":"FESTIVAL-AND-FORUM-\u2013-Cover-7x10-1.png","filesize":578541,"url":"https:\/\/rigaiff.lv\/wp-content\/uploads\/2025\/06\/FESTIVAL-AND-FORUM-\u2013-Cover-7x10-1.png","link":"https:\/\/rigaiff.lv\/wp-content\/uploads\/2025\/06\/FESTIVAL-AND-FORUM-\u2013-Cover-7x10-1.png","alt":"","author":"2","description":"","caption":"","name":"35a08e3bc70d42a1a510bf1966024183","status":"inherit","uploaded_to":30560,"date":"2025-06-12 12:27:00","modified":"2025-06-12 12:27:00","menu_order":0,"mime_type":"image\/png","type":"image","subtype":"png","icon":"https:\/\/rigaiff.lv\/wp-includes\/images\/media\/default.png","width":1088,"height":1551,"sizes":{"thumbnail":"https:\/\/rigaiff.lv\/wp-content\/uploads\/2025\/06\/FESTIVAL-AND-FORUM-\u2013-Cover-7x10-1-150x150.png","thumbnail-width":150,"thumbnail-height":150,"medium":"https:\/\/rigaiff.lv\/wp-content\/uploads\/2025\/06\/FESTIVAL-AND-FORUM-\u2013-Cover-7x10-1-250x356.png","medium-width":211,"medium-height":300,"medium_large":"https:\/\/rigaiff.lv\/wp-content\/uploads\/2025\/06\/FESTIVAL-AND-FORUM-\u2013-Cover-7x10-1-768x1095.png","medium_large-width":768,"medium_large-height":1095,"large":"https:\/\/rigaiff.lv\/wp-content\/uploads\/2025\/06\/FESTIVAL-AND-FORUM-\u2013-Cover-7x10-1.png","large-width":842,"large-height":1200,"1536x1536":"https:\/\/rigaiff.lv\/wp-content\/uploads\/2025\/06\/FESTIVAL-AND-FORUM-\u2013-Cover-7x10-1-1077x1536.png","1536x1536-width":1077,"1536x1536-height":1536,"2048x2048":"https:\/\/rigaiff.lv\/wp-content\/uploads\/2025\/06\/FESTIVAL-AND-FORUM-\u2013-Cover-7x10-1.png","2048x2048-width":1088,"2048x2048-height":1551,"large1200":"https:\/\/rigaiff.lv\/wp-content\/uploads\/2025\/06\/FESTIVAL-AND-FORUM-\u2013-Cover-7x10-1.png","large1200-width":1088,"large1200-height":1551,"large1800":"https:\/\/rigaiff.lv\/wp-content\/uploads\/2025\/06\/FESTIVAL-AND-FORUM-\u2013-Cover-7x10-1.png","large1800-width":1088,"large1800-height":1551,"small":"https:\/\/rigaiff.lv\/wp-content\/uploads\/2025\/06\/FESTIVAL-AND-FORUM-\u2013-Cover-7x10-1-120x171.png","small-width":120,"small-height":171,"uncompressed":"https:\/\/rigaiff.lv\/wp-content\/uploads\/2025\/06\/FESTIVAL-AND-FORUM-\u2013-Cover-7x10-1.png","uncompressed-width":1088,"uncompressed-height":1551,"custom-size":"https:\/\/rigaiff.lv\/wp-content\/uploads\/2025\/06\/FESTIVAL-AND-FORUM-\u2013-Cover-7x10-1-700x200.png","custom-size-width":700,"custom-size-height":200}}},{"title":"Mediju caurlaide","description":"<p>Mediju caurlaide nodro\u0161ina iesp\u0113ju apmekl\u0113t jebkuru festiv\u0101la seansu, iz\u0146emot festiv\u0101la atkl\u0101\u0161anas un nosl\u0113guma vakaru.<\/p>\n","venues":false,"bs_id":"","custom_button_text":"Pieteik\u0161an\u0101s sl\u0113gta","custom_button_url":"https:\/\/docs.google.com\/forms\/d\/e\/1FAIpQLSeJdNGgeKCJtkILVstbcxqrPDq3YZjRB4WH28RyqsOE6h0-kA\/viewform","button_style":"ended","button_icon":"apply","overlay_image_svg_en":false,"overlay_image_svg_lv":false,"background_image":{"ID":41159,"id":41159,"title":"MEDIA PASS \u2013 Cover 7x10","filename":"MEDIA-PASS-\u2013-Cover-7x10-1.png","filesize":636576,"url":"https:\/\/rigaiff.lv\/wp-content\/uploads\/2025\/06\/MEDIA-PASS-\u2013-Cover-7x10-1.png","link":"https:\/\/rigaiff.lv\/wp-content\/uploads\/2025\/06\/MEDIA-PASS-\u2013-Cover-7x10-1.png","alt":"","author":"2","description":"","caption":"","name":"7e71bae8f9484464ba974f0940e18b07","status":"inherit","uploaded_to":30560,"date":"2025-06-12 12:27:34","modified":"2025-06-12 12:27:34","menu_order":0,"mime_type":"image\/png","type":"image","subtype":"png","icon":"https:\/\/rigaiff.lv\/wp-includes\/images\/media\/default.png","width":1088,"height":1551,"sizes":{"thumbnail":"https:\/\/rigaiff.lv\/wp-content\/uploads\/2025\/06\/MEDIA-PASS-\u2013-Cover-7x10-1-150x150.png","thumbnail-width":150,"thumbnail-height":150,"medium":"https:\/\/rigaiff.lv\/wp-content\/uploads\/2025\/06\/MEDIA-PASS-\u2013-Cover-7x10-1-250x356.png","medium-width":211,"medium-height":300,"medium_large":"https:\/\/rigaiff.lv\/wp-content\/uploads\/2025\/06\/MEDIA-PASS-\u2013-Cover-7x10-1-768x1095.png","medium_large-width":768,"medium_large-height":1095,"large":"https:\/\/rigaiff.lv\/wp-content\/uploads\/2025\/06\/MEDIA-PASS-\u2013-Cover-7x10-1.png","large-width":842,"large-height":1200,"1536x1536":"https:\/\/rigaiff.lv\/wp-content\/uploads\/2025\/06\/MEDIA-PASS-\u2013-Cover-7x10-1-1077x1536.png","1536x1536-width":1077,"1536x1536-height":1536,"2048x2048":"https:\/\/rigaiff.lv\/wp-content\/uploads\/2025\/06\/MEDIA-PASS-\u2013-Cover-7x10-1.png","2048x2048-width":1088,"2048x2048-height":1551,"large1200":"https:\/\/rigaiff.lv\/wp-content\/uploads\/2025\/06\/MEDIA-PASS-\u2013-Cover-7x10-1.png","large1200-width":1088,"large1200-height":1551,"large1800":"https:\/\/rigaiff.lv\/wp-content\/uploads\/2025\/06\/MEDIA-PASS-\u2013-Cover-7x10-1.png","large1800-width":1088,"large1800-height":1551,"small":"https:\/\/rigaiff.lv\/wp-content\/uploads\/2025\/06\/MEDIA-PASS-\u2013-Cover-7x10-1-120x171.png","small-width":120,"small-height":171,"uncompressed":"https:\/\/rigaiff.lv\/wp-content\/uploads\/2025\/06\/MEDIA-PASS-\u2013-Cover-7x10-1.png","uncompressed-width":1088,"uncompressed-height":1551,"custom-size":"https:\/\/rigaiff.lv\/wp-content\/uploads\/2025\/06\/MEDIA-PASS-\u2013-Cover-7x10-1-700x200.png","custom-size-width":700,"custom-size-height":200}}}],"eb_rows":[{"title":"Komplekti un abonementi","description":"Apmekl\u0113 seansus par \u012bpa\u0161i draudz\u012bgu cenu","subtitle":"Der\u012bgs RIGA IFF 2026","coming_soon":true}],"eb_rows_copy":[{"title":"Festiv\u0101la suven\u012bri","description":"merch.rigaiff.lv","subtitle":"Visu gadu plak\u0101ti, \u012bpa\u0161i krekli, d\u017eemperi un cepures","button_text":"Atv\u0113rt","coming_soon":false}],"heading_content":""},"_links":{"self":[{"href":"https:\/\/rigaiff.lv\/lv\/wp-json\/wp\/v2\/pages\/30560","targetHints":{"allow":["GET"]}}],"collection":[{"href":"https:\/\/rigaiff.lv\/lv\/wp-json\/wp\/v2\/pages"}],"about":[{"href":"https:\/\/rigaiff.lv\/lv\/wp-json\/wp\/v2\/types\/page"}],"author":[{"embeddable":true,"href":"https:\/\/rigaiff.lv\/lv\/wp-json\/wp\/v2\/users\/1"}],"replies":[{"embeddable":true,"href":"https:\/\/rigaiff.lv\/lv\/wp-json\/wp\/v2\/comments?post=30560"}],"version-history":[{"count":75,"href":"https:\/\/rigaiff.lv\/lv\/wp-json\/wp\/v2\/pages\/30560\/revisions"}],"predecessor-version":[{"id":44266,"href":"https:\/\/rigaiff.lv\/lv\/wp-json\/wp\/v2\/pages\/30560\/revisions\/44266"}],"wp:attachment":[{"href":"https:\/\/rigaiff.lv\/lv\/wp-json\/wp\/v2\/media?parent=30560"}],"curies":[{"name":"wp","href":"https:\/\/api.w.org\/{rel}","templated":true}]}}