{"id":33808,"date":"2023-10-03T19:45:46","date_gmt":"2023-10-03T16:45:46","guid":{"rendered":"https:\/\/rigaiff.lv\/?page_id=33808"},"modified":"2023-10-05T19:31:43","modified_gmt":"2023-10-05T16:31:43","slug":"gids","status":"publish","type":"page","link":"https:\/\/rigaiff.lv\/lv\/gids-2023\/","title":{"rendered":"Festiv\u0101la gids"},"content":{"rendered":"<p><\/p>\n<p>Festiv\u0101la programma ir pla\u0161a un daudz\u0161\u0137aut\u0146aina! Lai pal\u012bdz\u0113tu taj\u0101 orient\u0113ties un garant\u0113tu, ka gar\u0101m nepasl\u012bd k\u0101ds sp\u012bdeklis, esam sagatavoju\u0161i da\u017e\u0101dus programmas \u0161\u0137\u0113rsgriezumus. \u0160\u012bs izlases filmu seansus un da\u017e\u0101das norises apkopo p\u0113c ieteicam\u0101 auditorijas vecuma, tematikas un cit\u0101m vienojo\u0161\u0101m iez\u012bm\u0113m. Vienkopus atrodami ar\u012b seansi, kuros uz auditorijas jaut\u0101jumiem kl\u0101tien\u0113 atbild\u0113s kino veidot\u0101ji vai kurus papildin\u0101s diskusijas.<\/p>\n<p><\/p>","protected":false},"excerpt":{"rendered":"<p><\/p>\n<p>Festiv\u0101la programma ir pla\u0161a un daudz\u0161\u0137aut\u0146aina! Lai pal\u012bdz\u0113tu taj\u0101 orient\u0113ties un garant\u0113tu, ka gar\u0101m nepasl\u012bd k\u0101ds sp\u012bdeklis, esam sagatavoju\u0161i da\u017e\u0101dus programmas \u0161\u0137\u0113rsgriezumus. \u0160\u012bs izlases filmu seansus un da\u017e\u0101das norises apkopo p\u0113c ieteicam\u0101 auditorijas vecuma, tematikas un cit\u0101m vienojo\u0161\u0101m iez\u012bm\u0113m. Vienkopus atrodami ar\u012b seansi, kuros uz auditorijas jaut\u0101jumiem kl\u0101tien\u0113 atbild\u0113s kino veidot\u0101ji vai kurus papildin\u0101s diskusijas.<\/p>\n<p><\/p>","protected":false},"author":1,"featured_media":0,"parent":0,"menu_order":0,"comment_status":"closed","ping_status":"closed","template":"guide_parent.php","meta":{"_acf_changed":false,"inline_featured_image":false,"footnotes":""},"class_list":["post-33808","page","type-page","status-publish","hentry"],"acf":[],"_links":{"self":[{"href":"https:\/\/rigaiff.lv\/lv\/wp-json\/wp\/v2\/pages\/33808","targetHints":{"allow":["GET"]}}],"collection":[{"href":"https:\/\/rigaiff.lv\/lv\/wp-json\/wp\/v2\/pages"}],"about":[{"href":"https:\/\/rigaiff.lv\/lv\/wp-json\/wp\/v2\/types\/page"}],"author":[{"embeddable":true,"href":"https:\/\/rigaiff.lv\/lv\/wp-json\/wp\/v2\/users\/1"}],"replies":[{"embeddable":true,"href":"https:\/\/rigaiff.lv\/lv\/wp-json\/wp\/v2\/comments?post=33808"}],"version-history":[{"count":0,"href":"https:\/\/rigaiff.lv\/lv\/wp-json\/wp\/v2\/pages\/33808\/revisions"}],"wp:attachment":[{"href":"https:\/\/rigaiff.lv\/lv\/wp-json\/wp\/v2\/media?parent=33808"}],"curies":[{"name":"wp","href":"https:\/\/api.w.org\/{rel}","templated":true}]}}