{"id":33882,"date":"2023-10-05T18:50:34","date_gmt":"2023-10-05T15:50:34","guid":{"rendered":"https:\/\/rigaiff.lv\/?page_id=33882"},"modified":"2023-10-06T15:29:12","modified_gmt":"2023-10-06T12:29:12","slug":"sinhronais-tulkojums-latviski","status":"publish","type":"page","link":"https:\/\/rigaiff.lv\/lv\/gids\/sinhronais-tulkojums-latviski\/","title":{"rendered":"Sinhronais tulkojums latviski"},"content":{"rendered":"","protected":false},"excerpt":{"rendered":"","protected":false},"author":1,"featured_media":0,"parent":33808,"menu_order":0,"comment_status":"closed","ping_status":"closed","template":"selection_template.php","meta":{"_acf_changed":false,"inline_featured_image":false,"footnotes":""},"class_list":["post-33882","page","type-page","status-publish","hentry"],"acf":{"logo":"https:\/\/rigaiff.lv\/wp-content\/uploads\/2023\/04\/STR8420.jpg","logo_url":"","title":"Sinhronais tulkojums latviski","tagline":"<p>Filmas, kuru kl\u0101tienes seansos tiek nodro\u0161in\u0101ts sinhronais tulkojums latvie\u0161u valod\u0101. \u0160ie seansi ir \u012bpa\u0161i piem\u0113roti person\u0101m ar da\u017e\u0101diem redzes apgr\u016btin\u0101jumiem.<\/p>\n","films":[30623,32109,32204,32210,30639,32003,32011,31419,32250,32425,32335,32491,32515,32535,30384,30386,30388,30391]},"_links":{"self":[{"href":"https:\/\/rigaiff.lv\/lv\/wp-json\/wp\/v2\/pages\/33882","targetHints":{"allow":["GET"]}}],"collection":[{"href":"https:\/\/rigaiff.lv\/lv\/wp-json\/wp\/v2\/pages"}],"about":[{"href":"https:\/\/rigaiff.lv\/lv\/wp-json\/wp\/v2\/types\/page"}],"author":[{"embeddable":true,"href":"https:\/\/rigaiff.lv\/lv\/wp-json\/wp\/v2\/users\/1"}],"replies":[{"embeddable":true,"href":"https:\/\/rigaiff.lv\/lv\/wp-json\/wp\/v2\/comments?post=33882"}],"version-history":[{"count":0,"href":"https:\/\/rigaiff.lv\/lv\/wp-json\/wp\/v2\/pages\/33882\/revisions"}],"up":[{"embeddable":true,"href":"https:\/\/rigaiff.lv\/lv\/wp-json\/wp\/v2\/pages\/33808"}],"wp:attachment":[{"href":"https:\/\/rigaiff.lv\/lv\/wp-json\/wp\/v2\/media?parent=33882"}],"curies":[{"name":"wp","href":"https:\/\/api.w.org\/{rel}","templated":true}]}}