{"id":33884,"date":"2023-10-05T18:58:04","date_gmt":"2023-10-05T15:58:04","guid":{"rendered":"https:\/\/rigaiff.lv\/?page_id=33884"},"modified":"2023-10-06T15:28:44","modified_gmt":"2023-10-06T12:28:44","slug":"ierunatas-vai-dubletas-latviski","status":"publish","type":"page","link":"https:\/\/rigaiff.lv\/lv\/gids\/ierunatas-vai-dubletas-latviski\/","title":{"rendered":"Ierun\u0101tas vai dubl\u0113tas latviski"},"content":{"rendered":"","protected":false},"excerpt":{"rendered":"","protected":false},"author":1,"featured_media":0,"parent":33808,"menu_order":0,"comment_status":"closed","ping_status":"closed","template":"selection_template.php","meta":{"_acf_changed":false,"inline_featured_image":false,"footnotes":""},"class_list":["post-33884","page","type-page","status-publish","hentry"],"acf":{"logo":"https:\/\/rigaiff.lv\/wp-content\/uploads\/2023\/10\/STR9159.jpg","logo_url":"","title":"Ierun\u0101tas vai dubl\u0113tas latviski","tagline":"<p>Filmas, kas ir ierun\u0101tas vai dubl\u0113tas latvie\u0161u valod\u0101. \u012apa\u0161i piem\u0113rotas maz\u0101kajiem kino skat\u012bt\u0101jiem.<\/p>\n","films":[32049]},"_links":{"self":[{"href":"https:\/\/rigaiff.lv\/lv\/wp-json\/wp\/v2\/pages\/33884","targetHints":{"allow":["GET"]}}],"collection":[{"href":"https:\/\/rigaiff.lv\/lv\/wp-json\/wp\/v2\/pages"}],"about":[{"href":"https:\/\/rigaiff.lv\/lv\/wp-json\/wp\/v2\/types\/page"}],"author":[{"embeddable":true,"href":"https:\/\/rigaiff.lv\/lv\/wp-json\/wp\/v2\/users\/1"}],"replies":[{"embeddable":true,"href":"https:\/\/rigaiff.lv\/lv\/wp-json\/wp\/v2\/comments?post=33884"}],"version-history":[{"count":0,"href":"https:\/\/rigaiff.lv\/lv\/wp-json\/wp\/v2\/pages\/33884\/revisions"}],"up":[{"embeddable":true,"href":"https:\/\/rigaiff.lv\/lv\/wp-json\/wp\/v2\/pages\/33808"}],"wp:attachment":[{"href":"https:\/\/rigaiff.lv\/lv\/wp-json\/wp\/v2\/media?parent=33884"}],"curies":[{"name":"wp","href":"https:\/\/api.w.org\/{rel}","templated":true}]}}