{"id":33886,"date":"2023-10-05T19:06:06","date_gmt":"2023-10-05T16:06:06","guid":{"rendered":"https:\/\/rigaiff.lv\/?page_id=33886"},"modified":"2023-10-09T11:10:36","modified_gmt":"2023-10-09T08:10:36","slug":"aprakstosie-titri-latviski","status":"publish","type":"page","link":"https:\/\/rigaiff.lv\/lv\/gids\/aprakstosie-titri-latviski\/","title":{"rendered":"Apraksto\u0161ie titri latviski"},"content":{"rendered":"","protected":false},"excerpt":{"rendered":"","protected":false},"author":1,"featured_media":0,"parent":33808,"menu_order":0,"comment_status":"closed","ping_status":"closed","template":"selection_template.php","meta":{"_acf_changed":false,"inline_featured_image":false,"footnotes":""},"class_list":["post-33886","page","type-page","status-publish","hentry"],"acf":{"logo":"https:\/\/rigaiff.lv\/wp-content\/uploads\/2023\/10\/STR7274.jpg","logo_url":"","title":"Apraksto\u0161ie titri latviski","tagline":"<p><!--td {border: 1px solid #cccccc;}br {mso-data-placement:same-cell;}-->Filmas, kuru kl\u0101tienes un\/vai tie\u0161saistes seansos tiek nodro\u0161in\u0101ti apraksto\u0161ie titri latvie\u0161u valod\u0101. \u0160ie seansi ir \u012bpa\u0161i piem\u0113roti person\u0101m ar da\u017e\u0101diem dzirdes apgr\u016btin\u0101jumiem.<\/p>\n","films":[30545,32515]},"_links":{"self":[{"href":"https:\/\/rigaiff.lv\/lv\/wp-json\/wp\/v2\/pages\/33886","targetHints":{"allow":["GET"]}}],"collection":[{"href":"https:\/\/rigaiff.lv\/lv\/wp-json\/wp\/v2\/pages"}],"about":[{"href":"https:\/\/rigaiff.lv\/lv\/wp-json\/wp\/v2\/types\/page"}],"author":[{"embeddable":true,"href":"https:\/\/rigaiff.lv\/lv\/wp-json\/wp\/v2\/users\/1"}],"replies":[{"embeddable":true,"href":"https:\/\/rigaiff.lv\/lv\/wp-json\/wp\/v2\/comments?post=33886"}],"version-history":[{"count":0,"href":"https:\/\/rigaiff.lv\/lv\/wp-json\/wp\/v2\/pages\/33886\/revisions"}],"up":[{"embeddable":true,"href":"https:\/\/rigaiff.lv\/lv\/wp-json\/wp\/v2\/pages\/33808"}],"wp:attachment":[{"href":"https:\/\/rigaiff.lv\/lv\/wp-json\/wp\/v2\/media?parent=33886"}],"curies":[{"name":"wp","href":"https:\/\/api.w.org\/{rel}","templated":true}]}}