{"id":33910,"date":"2023-10-05T20:04:20","date_gmt":"2023-10-05T17:04:20","guid":{"rendered":"https:\/\/rigaiff.lv\/?page_id=33910"},"modified":"2023-10-06T15:43:06","modified_gmt":"2023-10-06T12:43:06","slug":"sarezgitas-sievietes","status":"publish","type":"page","link":"https:\/\/rigaiff.lv\/lv\/gids\/sarezgitas-sievietes\/","title":{"rendered":"Sare\u017e\u0123\u012bt\u0101s sievietes"},"content":{"rendered":"","protected":false},"excerpt":{"rendered":"","protected":false},"author":21,"featured_media":0,"parent":33808,"menu_order":0,"comment_status":"closed","ping_status":"closed","template":"selection_template.php","meta":{"_acf_changed":false,"inline_featured_image":false,"footnotes":""},"class_list":["post-33910","page","type-page","status-publish","hentry"],"acf":{"logo":"https:\/\/rigaiff.lv\/wp-content\/uploads\/2023\/09\/01_\u00a9Kinescope-Film-_-Christopher-Behrmann_Main-Still_web.png","logo_url":"","title":"Sare\u017e\u0123\u012bt\u0101s sievietes","tagline":"<p><!--td {border: 1px solid #cccccc;}br {mso-data-placement:same-cell;}-->Sp\u0113c\u012bgu sievie\u0161u raksturu izlase, kas ne vienm\u0113r atspogu\u013co gaid\u012bto sievi\u0161\u0137\u012bgo iztur\u0113\u0161anos. Vi\u0146as nesmaid\u012bs, neuzved\u012bsies &#8220;k\u0101 pien\u0101kas&#8221; un neb\u016bs tikai t\u0113ls, kas rad\u012bts tikai, lai att\u012bst\u012btu v\u012brie\u0161a st\u0101stu. Izlases filmu varones v\u0113lreiz apliecina D\u017eeinas Gudolas pausto: &#8220;Nevajag daudz, lai tevi uzskat\u012btu par sare\u017e\u0123\u012btu sievieti. Tie\u0161i t\u0101p\u0113c m\u016bsu ir tik daudz&#8221;<\/p>\n","films":[30623,30545,32003,31419,30399,32515,31238]},"_links":{"self":[{"href":"https:\/\/rigaiff.lv\/lv\/wp-json\/wp\/v2\/pages\/33910","targetHints":{"allow":["GET"]}}],"collection":[{"href":"https:\/\/rigaiff.lv\/lv\/wp-json\/wp\/v2\/pages"}],"about":[{"href":"https:\/\/rigaiff.lv\/lv\/wp-json\/wp\/v2\/types\/page"}],"author":[{"embeddable":true,"href":"https:\/\/rigaiff.lv\/lv\/wp-json\/wp\/v2\/users\/21"}],"replies":[{"embeddable":true,"href":"https:\/\/rigaiff.lv\/lv\/wp-json\/wp\/v2\/comments?post=33910"}],"version-history":[{"count":0,"href":"https:\/\/rigaiff.lv\/lv\/wp-json\/wp\/v2\/pages\/33910\/revisions"}],"up":[{"embeddable":true,"href":"https:\/\/rigaiff.lv\/lv\/wp-json\/wp\/v2\/pages\/33808"}],"wp:attachment":[{"href":"https:\/\/rigaiff.lv\/lv\/wp-json\/wp\/v2\/media?parent=33910"}],"curies":[{"name":"wp","href":"https:\/\/api.w.org\/{rel}","templated":true}]}}