{"id":33945,"date":"2023-10-06T18:08:12","date_gmt":"2023-10-06T15:08:12","guid":{"rendered":"https:\/\/rigaiff.lv\/?page_id=33945"},"modified":"2023-10-10T01:34:37","modified_gmt":"2023-10-09T22:34:37","slug":"ipasas-norises","status":"publish","type":"page","link":"https:\/\/rigaiff.lv\/lv\/gids\/ipasas-norises\/","title":{"rendered":"\u012apa\u0161\u0101s norises"},"content":{"rendered":"","protected":false},"excerpt":{"rendered":"","protected":false},"author":21,"featured_media":0,"parent":33808,"menu_order":0,"comment_status":"closed","ping_status":"closed","template":"selection_template.php","meta":{"_acf_changed":false,"inline_featured_image":false,"footnotes":""},"class_list":["post-33945","page","type-page","status-publish","hentry"],"acf":{"logo":"https:\/\/rigaiff.lv\/wp-content\/uploads\/2023\/03\/STR7533.jpg","logo_url":"","title":"\u012apa\u0161\u0101s norises","tagline":"<p><!--td {border: 1px solid #cccccc;}br {mso-data-placement:same-cell;}-->RIGA IFF desmitaj\u0101 sezon\u0101 pla\u0161o filmu programmu papildina ar\u012b citas publisk\u0101s norises \u2013 muzik\u0101li p\u0101rsteigumi, gr\u0101matu atv\u0113r\u0161anas sv\u0113tki, nozares p\u0101rst\u0101vju veidotas lekcijas un pirmo reizi festiv\u0101la past\u0101v\u0113\u0161anas v\u0113stur\u0113 \u2013 publikai pieejama apbalvo\u0161anas ceremonija.<\/p>\n","films":[33684,33341,32137,33686,34061]},"_links":{"self":[{"href":"https:\/\/rigaiff.lv\/lv\/wp-json\/wp\/v2\/pages\/33945","targetHints":{"allow":["GET"]}}],"collection":[{"href":"https:\/\/rigaiff.lv\/lv\/wp-json\/wp\/v2\/pages"}],"about":[{"href":"https:\/\/rigaiff.lv\/lv\/wp-json\/wp\/v2\/types\/page"}],"author":[{"embeddable":true,"href":"https:\/\/rigaiff.lv\/lv\/wp-json\/wp\/v2\/users\/21"}],"replies":[{"embeddable":true,"href":"https:\/\/rigaiff.lv\/lv\/wp-json\/wp\/v2\/comments?post=33945"}],"version-history":[{"count":0,"href":"https:\/\/rigaiff.lv\/lv\/wp-json\/wp\/v2\/pages\/33945\/revisions"}],"up":[{"embeddable":true,"href":"https:\/\/rigaiff.lv\/lv\/wp-json\/wp\/v2\/pages\/33808"}],"wp:attachment":[{"href":"https:\/\/rigaiff.lv\/lv\/wp-json\/wp\/v2\/media?parent=33945"}],"curies":[{"name":"wp","href":"https:\/\/api.w.org\/{rel}","templated":true}]}}