{"id":33947,"date":"2023-10-06T18:21:51","date_gmt":"2023-10-06T15:21:51","guid":{"rendered":"https:\/\/rigaiff.lv\/?page_id=33947"},"modified":"2023-10-11T22:33:32","modified_gmt":"2023-10-11T19:33:32","slug":"radosas-komandas-qa","status":"publish","type":"page","link":"https:\/\/rigaiff.lv\/lv\/gids\/radosas-komandas-qa\/","title":{"rendered":"Rado\u0161\u0101s komandas Q&#038;A"},"content":{"rendered":"","protected":false},"excerpt":{"rendered":"","protected":false},"author":21,"featured_media":0,"parent":33808,"menu_order":0,"comment_status":"closed","ping_status":"closed","template":"selection_template.php","meta":{"_acf_changed":false,"inline_featured_image":false,"footnotes":""},"class_list":["post-33947","page","type-page","status-publish","hentry"],"acf":{"logo":"https:\/\/rigaiff.lv\/wp-content\/uploads\/2023\/10\/STR6549.jpg","logo_url":"","title":"Rado\u0161\u0101s komandas Q&A","tagline":"<p><!--td {border: 1px solid #cccccc;}br {mso-data-placement:same-cell;}-->Viena no kinofestiv\u0101la seansu unik\u0101laj\u0101m iez\u012bm\u0113m, kas \u0161o skat\u012b\u0161an\u0101s pieredzi at\u0161\u0137ir no ikdienas kino apmekl\u0113juma, ir iesp\u0113ja satikt filmu rado\u0161\u0101s komandas un uzzin\u0101t vair\u0101k par darbu tap\u0161anas procesu. Izlas\u0113 apkopotas filmas, p\u0113c kuru seansiem iesak\u0101m nesteigties prom, bet gan iek\u0101rtoties s\u0113dviet\u0101 un piedal\u012bties jaut\u0101jumu un atbil\u017eu sesij\u0101s ar darbu veidot\u0101jiem.<\/p>\n","films":[30487,32250,32535,31598,31600,31602,31604,29699]},"_links":{"self":[{"href":"https:\/\/rigaiff.lv\/lv\/wp-json\/wp\/v2\/pages\/33947","targetHints":{"allow":["GET"]}}],"collection":[{"href":"https:\/\/rigaiff.lv\/lv\/wp-json\/wp\/v2\/pages"}],"about":[{"href":"https:\/\/rigaiff.lv\/lv\/wp-json\/wp\/v2\/types\/page"}],"author":[{"embeddable":true,"href":"https:\/\/rigaiff.lv\/lv\/wp-json\/wp\/v2\/users\/21"}],"replies":[{"embeddable":true,"href":"https:\/\/rigaiff.lv\/lv\/wp-json\/wp\/v2\/comments?post=33947"}],"version-history":[{"count":0,"href":"https:\/\/rigaiff.lv\/lv\/wp-json\/wp\/v2\/pages\/33947\/revisions"}],"up":[{"embeddable":true,"href":"https:\/\/rigaiff.lv\/lv\/wp-json\/wp\/v2\/pages\/33808"}],"wp:attachment":[{"href":"https:\/\/rigaiff.lv\/lv\/wp-json\/wp\/v2\/media?parent=33947"}],"curies":[{"name":"wp","href":"https:\/\/api.w.org\/{rel}","templated":true}]}}