{"id":33951,"date":"2023-10-09T15:01:51","date_gmt":"2023-10-09T12:01:51","guid":{"rendered":"https:\/\/rigaiff.lv\/?page_id=33951"},"modified":"2023-10-20T15:09:55","modified_gmt":"2023-10-20T12:09:55","slug":"sarunas-pie-liela-ekrana","status":"publish","type":"page","link":"https:\/\/rigaiff.lv\/lv\/gids\/sarunas-pie-liela-ekrana\/","title":{"rendered":"Sarunas pie liel\u0101 ekr\u0101na"},"content":{"rendered":"","protected":false},"excerpt":{"rendered":"","protected":false},"author":21,"featured_media":0,"parent":33808,"menu_order":0,"comment_status":"closed","ping_status":"closed","template":"selection_template.php","meta":{"_acf_changed":false,"inline_featured_image":false,"footnotes":""},"class_list":["post-33951","page","type-page","status-publish","hentry"],"acf":{"logo":"https:\/\/rigaiff.lv\/wp-content\/uploads\/2023\/10\/STR1037.jpg","logo_url":"","title":"Sarunas pie liel\u0101 ekr\u0101na","tagline":"<p><!--td {border: 1px solid #cccccc;}br {mso-data-placement:same-cell;}-->RIGA IFF sadarb\u012bb\u0101 ar sabiedrisko attiec\u012bbu a\u0123ent\u016bru \u201cGolin Riga\u201d organiz\u0113 pane\u013cdiskusiju ciklu \u201cSarunas pie liel\u0101 ekr\u0101na\u201d, lai aktualiz\u0113tu m\u0101kslas, \u012bpa\u0161i \u2013 kino, potenci\u0101lu uzs\u0101kt sarunas par sabiedriski noz\u012bm\u012bgiem tematiem. Diskusiju cikla m\u0113r\u0137is ir ne tikai apspriest filmas un to saturu, bet ar\u012b v\u0113rt\u0113t kinematogr\u0101fisko darbu atspogu\u013cotos tematus saist\u012bb\u0101 ar filmas notikumiem Latvijas sabiedr\u012bb\u0101. Filmu anal\u012bze un atv\u0113rta diskusija sniegs ieguld\u012bjumu aktu\u0101lu jaut\u0101jumu risin\u0101\u0161an\u0101 un sabiedr\u012bbas iek\u013caut\u012bbas veicin\u0101\u0161an\u0101.<\/p>\n<p data-testid=\"a93jmYmfCXbCZEURn4M5N\">Festiv\u0101la laik\u0101 diskusiju cikla ietvaros paredz\u0113tas diskusijas p\u0113c desmit film\u0101m.<\/p>\n<p data-testid=\"a93jmYmfCXbCZEURn4M5N\">13. oktobr\u012b, plkst. 19:00 kinote\u0101tra &#8220;Splendid Palace&#8221; Mazaj\u0101 z\u0101l\u0113 notiks seanss filmai \u201c<a href=\"https:\/\/rigaiff.lv\/lv\/films-2023\/totems\/\" target=\"_blank\" rel=\"noopener\">Tot\u0113ms<\/a>\u201d, p\u0113c kura norisin\u0101sies diskusija \u201cN\u0101ve. Tava un mana? M\u016bsu?\u201d, kas tapusi sadarb\u012bb\u0101 ar nodibin\u0101jumu \u201cHospiss LV\u201d. Diskusij\u0101 piedal\u012bsies antropolo\u0123e Ilze Mileiko, nodibin\u0101juma \u201cHospiss LV\u201d Valdes locekle Ilze Zosule un kapel\u0101ne Agnese Megne.<\/p>\n<p data-testid=\"a93jmYmfCXbCZEURn4M5N\">14. oktobr\u012b, plkst. 18.30 kinote\u0101tra &#8220;Splendid Palace&#8221; Mazaj\u0101 z\u0101l\u0113 notiks seanss filmai \u201c<a href=\"http:\/\/rigaiff.lv\/films-2023\/milestiba-un-skirsanas\" target=\"_blank\" rel=\"noopener\">M\u012blest\u012bba un \u0161\u0137ir\u0161an\u0101s<\/a>\u201d, bet p\u0113c t\u0101 norisin\u0101sies diskusija \u201c\u0160\u0137ir\u0161an\u0101s emocion\u0101l\u0101 higi\u0113na\u201d, kas tapusi sadarb\u012bb\u0101 ar Zviedrijas v\u0113stniec\u012bbu. Diskusij\u0101 piedal\u012bsies biedr\u012bbas \u201cT\u0113vi\u201d nodarb\u012bbu vad\u012bt\u0101js Gatis Smidrovskis, filmas re\u017eisore Moda N\u012bkandere, k\u0101 ar\u012b dokument\u0101l\u0101s filmas galvenie varo\u0146i \u2013 Johans Kristiansons un L\u0113na Karlsone. Diskusija notiek ang\u013cu valod\u0101.<\/p>\n<p data-testid=\"a93jmYmfCXbCZEURn4M5N\">14. oktobr\u012b, plkst. 20.30 kinote\u0101tra \u201cForum Cinemas\u201d 5. auditorij\u0101 notiks seanss filmai \u201c<a href=\"http:\/\/rigaiff.lv\/films-2023\/luka\" target=\"_blank\" rel=\"noopener\">Luka<\/a>\u201d, kam sekos norisin\u0101sies diskusija \u201cB\u016bt d\u017eekam. Spiediens? L\u0101sts?\u201d. Diskusij\u0101 piedal\u012bsies \u017eurn\u0101lists un zemessargs Gustavs Terzens, biedr\u012bbas \u201cAscendum\u201d valdes loceklis Gatis Vectir\u0101ns, psihoterapeits Art\u016brs Utin\u0101ns.<\/p>\n<p data-testid=\"a93jmYmfCXbCZEURn4M5N\">15. oktobr\u012b, plkst. 17.30 kinote\u0101tra \u201cForum Cinemas\u201d 2. auditorij\u0101 notiks seanss filmai \u201c<a href=\"http:\/\/rigaiff.lv\/films-2023\/cetri-mazi-pieaugusie\" target=\"_blank\" rel=\"noopener\">\u010cetri mazi pieaugu\u0161ie<\/a>\u201d, bet p\u0113c t\u0101 norisin\u0101sies diskusija \u201cAttiec\u012bbas 2.0: Kas ir \u0123imene?\u201d. Diskusij\u0101 piedal\u012bsies \u0101rste psihoterapeite Agija Tomme, modes stiliste Indra Salcevi\u010da un psiholo\u0123e Krist\u012bne Balode.<\/p>\n<p data-testid=\"a93jmYmfCXbCZEURn4M5N\">16. oktobr\u012b, plkst. 18.00 kinote\u0101tra &#8220;Splendid Palace&#8221; Mazaj\u0101 z\u0101l\u0113 notiks seanss filmai \u201c<a href=\"http:\/\/rigaiff.lv\/films-2023\/club-zero\" target=\"_blank\" rel=\"noopener\">Club Zero<\/a>\u201d, kam sekos diskusija \u201cSekot vai atsekot. T\u0101ds nebija jaut\u0101jums?\u201d. Diskusij\u0101 piedal\u012bsies psihiatre Rita Kuz\u0146ecova, satura veidot\u0101js Raimonds Leja, B\u0113rnu un jaunie\u0161u psihisk\u0101s vesel\u012bbas centra vad\u012bt\u0101js, b\u0113rnu psihiatrs \u0145ikita Bezborodovs.<\/p>\n<p data-testid=\"a93jmYmfCXbCZEURn4M5N\">17. oktobr\u012b, plkst. 18.00 kinote\u0101tra &#8220;Splendid Palace&#8221; Mazaj\u0101 z\u0101l\u0113 notiks seanss filmai \u201c<a href=\"http:\/\/rigaiff.lv\/films-2023\/lidz-nakts-beigam\" target=\"_blank\" rel=\"noopener\">L\u012bdz nakts beig\u0101m<\/a>\u201d, ko turpin\u0101s diskusija \u201cPie\u0146emt cit\u0101do. Kas ir \u201cpie\u0146emt\u201d? Kas ir \u201ccit\u0101dais\u201d?\u201d, kas tapusi sadarb\u012bb\u0101 ar p\u0113tniekiem no &#8220;Norstat Latvija&#8221;. \u00a0Diskusij\u0101 piedal\u012bsies Biedr\u012bbas &#8220;Skalbes&#8221; valdes priek\u0161s\u0113d\u0113t\u0101js Raivo Vilc\u0101ns, soci\u0101lantropologs Kl\u0101vs Sedlenieks, Collex biznesa att\u012bst\u012bbas direktors, RSU doktorants Deniss Aleksandrs \u0160eve\u013covs un p\u0113t\u012bjumu komp\u0101nijas AS &#8220;Norstat Latvija&#8221; vad\u012bt\u0101ja Linda Ezera.<\/p>\n<p data-testid=\"a93jmYmfCXbCZEURn4M5N\">18. oktobr\u012b, plkst. 18.00 kinote\u0101tra &#8220;Splendid Palace&#8221; Mazaj\u0101 z\u0101l\u0113 notiks seanss filmai \u201c<a href=\"http:\/\/rigaiff.lv\/films-2023\/melnas-pirts-masiba\" target=\"_blank\" rel=\"noopener\">Meln\u0101s pirts m\u0101s\u012bba<\/a>\u201d, bet p\u0113c t\u0101 sekos diskusija \u201c\u0136erme\u0146a atmi\u0146a. Sievi\u0161\u0137\u012bba un ritu\u0101ls\u201d. Diskusij\u0101 piedal\u012bsies \u017eurn\u0101lu Lilita un Lilit Look galven\u0101 redaktore, dr\u0101mas terapeite Krist\u012bne Rudzinska, rakstniece Inga Grencberga, \u00a0pirtniece Santa Matveja un \u0161amane Inin Nini.<\/p>\n<p data-testid=\"a93jmYmfCXbCZEURn4M5N\">20. oktobr\u012b, plkst. 19.00 kinote\u0101tra \u201cForum Cinemas\u201d 2. auditorij\u0101 notiks seanss filmai \u201c<a href=\"http:\/\/rigaiff.lv\/films-2023\/laujiet-upei-plust\" target=\"_blank\" rel=\"noopener\">\u013baujiet upei pl\u016bst<\/a>\u201d, bet p\u0113c t\u0101 norisin\u0101sies diskusija \u201cUnivers\u0101li specifiskais: Maz\u0101 cin\u012b\u0161a un liel\u0101 vezuma v\u0113sture un laikmeta gars\u201d Diskusij\u0101 piedal\u012bsies NATO Strat\u0113\u0123isk\u0101s komunik\u0101cijas izcil\u012bbas centra (Stratcom) vec\u0101kais eksperts Tomass Pildegovi\u010ds, Golin Riga strat\u0113\u0123iskais konsultants Elviss Zants, R\u012bgas Stradi\u0146a universit\u0101tes asoci\u0113t\u0101 profesore Ilva Skulte, TV3 raid\u012bjumu vad\u012bt\u0101ja Krist\u012bne Garkl\u0101va.<\/p>\n<p data-testid=\"a93jmYmfCXbCZEURn4M5N\">21. oktobr\u012b, plkst. 16.00 kinote\u0101tra &#8220;Splendid Palace&#8221; Mazaj\u0101 z\u0101l\u0113 notiks <a href=\"https:\/\/rigaiff.lv\/lv\/screenings-2023\/roja-andersona-isfilmu-un-reklamu-izlase\/\" target=\"_blank\" rel=\"noopener\">Roja Andersona \u012bsfilmu un rekl\u0101mu seanss<\/a>, kam sekos diskusija \u201cRekl\u0101mas l\u0101sts \u2013 rekl\u0101mas m\u0101ksla\u201d. Diskusij\u0101 piedal\u012bsies rado\u0161\u0101 direktore un re\u017eisore Una Rozenbauma, Golin Riga rado\u0161\u0101 direktore Anete \u0136estere, re\u017eisors Roberts Ku\u013cenko, McCann Riga partneris un rado\u0161ais direktors Valters Jon\u0101ts.<\/p>\n<p data-testid=\"a93jmYmfCXbCZEURn4M5N\">22. oktobr\u012b, plkst. 19.00 kinote\u0101tra &#8220;Splendid Palace&#8221; Lielaj\u0101 z\u0101l\u0113 notiks \u201c<a href=\"http:\/\/rigaiff.lv\/hogg\" target=\"_blank\" rel=\"noopener\">M\u016b\u017e\u012bg\u0101 meita<\/a>\u201d seanss, kam sekos diskusija \u201cM\u016bsu meitas \u2013 m\u016bsu m\u0101tes: XX mist\u0113rija un realit\u0101te \u0161odien\u201d. Diskusij\u0101 piedal\u012bsies psiholo\u0123e, biedr\u012bbas \u201cSkalbes\u201d valdes locekle Santa Laimi\u0146a, rakstniece Dace Ruk\u0161\u0101ne, psiholo\u0123e Di\u0101na Zande un psihoterapeite Ginta Ratniece.<\/p>\n","films":[30454,31238,32491,30623,32335]},"_links":{"self":[{"href":"https:\/\/rigaiff.lv\/lv\/wp-json\/wp\/v2\/pages\/33951","targetHints":{"allow":["GET"]}}],"collection":[{"href":"https:\/\/rigaiff.lv\/lv\/wp-json\/wp\/v2\/pages"}],"about":[{"href":"https:\/\/rigaiff.lv\/lv\/wp-json\/wp\/v2\/types\/page"}],"author":[{"embeddable":true,"href":"https:\/\/rigaiff.lv\/lv\/wp-json\/wp\/v2\/users\/21"}],"replies":[{"embeddable":true,"href":"https:\/\/rigaiff.lv\/lv\/wp-json\/wp\/v2\/comments?post=33951"}],"version-history":[{"count":1,"href":"https:\/\/rigaiff.lv\/lv\/wp-json\/wp\/v2\/pages\/33951\/revisions"}],"predecessor-version":[{"id":34327,"href":"https:\/\/rigaiff.lv\/lv\/wp-json\/wp\/v2\/pages\/33951\/revisions\/34327"}],"up":[{"embeddable":true,"href":"https:\/\/rigaiff.lv\/lv\/wp-json\/wp\/v2\/pages\/33808"}],"wp:attachment":[{"href":"https:\/\/rigaiff.lv\/lv\/wp-json\/wp\/v2\/media?parent=33951"}],"curies":[{"name":"wp","href":"https:\/\/api.w.org\/{rel}","templated":true}]}}