{"id":34026,"date":"2023-10-08T17:33:23","date_gmt":"2023-10-08T14:33:23","guid":{"rendered":"https:\/\/rigaiff.lv\/?page_id=34026"},"modified":"2023-10-08T19:53:56","modified_gmt":"2023-10-08T16:53:56","slug":"kino-balvu-sezonas-jutis","status":"publish","type":"page","link":"https:\/\/rigaiff.lv\/lv\/gids\/kino-balvu-sezonas-jutis\/","title":{"rendered":"Kino balvu sezonas j\u016bt\u012bs"},"content":{"rendered":"","protected":false},"excerpt":{"rendered":"","protected":false},"author":21,"featured_media":0,"parent":33808,"menu_order":0,"comment_status":"closed","ping_status":"closed","template":"selection_template.php","meta":{"_acf_changed":false,"inline_featured_image":false,"footnotes":""},"class_list":["post-34026","page","type-page","status-publish","hentry"],"acf":{"logo":"https:\/\/rigaiff.lv\/wp-content\/uploads\/2023\/08\/05_PerfectDays_\u00a92023-MASTER-MIND-Ltd.jpg","logo_url":"","title":"Kino balvu sezonas j\u016bt\u012bs","tagline":"<p><!--td {border: 1px solid #cccccc;}br {mso-data-placement:same-cell;}-->\u0160ogad RIGA IFF programm\u0101 iek\u013cautas vair\u0101kas filmas, kas jau izvirz\u012btas Amerikas Kinoakad\u0113mijas balvai &#8220;Oskars&#8221; nomin\u0101cij\u0101 &#8220;Lab\u0101k\u0101 \u0101rzemju filma&#8221;. T\u0101pat netr\u016bkst ar\u012b filmu, kuras v\u0113l pirms ofici\u0101l\u0101s nomin\u0101ciju izzi\u0146o\u0161anas tiek uzskat\u012btas par \u0161\u012bs kino sezonas balvu cermoniju potenci\u0101laj\u0101m favor\u012bt\u0113m. Apbalvojumu sezonai tuvojoties, \u0161\u012b filmu izlase \u013cauj iepaz\u012bt jaun\u0101k\u0101s un aktu\u0101l\u0101k\u0101s starptautisk\u0101 kino v\u0113smas, kas cien\u012bgas c\u012bn\u012bties par presti\u017e\u0101kajiem kino pasaules apbalvojumiem.<\/p>\n","films":[32210,31332,31246,31234,30623,32003,32011,32220]},"_links":{"self":[{"href":"https:\/\/rigaiff.lv\/lv\/wp-json\/wp\/v2\/pages\/34026","targetHints":{"allow":["GET"]}}],"collection":[{"href":"https:\/\/rigaiff.lv\/lv\/wp-json\/wp\/v2\/pages"}],"about":[{"href":"https:\/\/rigaiff.lv\/lv\/wp-json\/wp\/v2\/types\/page"}],"author":[{"embeddable":true,"href":"https:\/\/rigaiff.lv\/lv\/wp-json\/wp\/v2\/users\/21"}],"replies":[{"embeddable":true,"href":"https:\/\/rigaiff.lv\/lv\/wp-json\/wp\/v2\/comments?post=34026"}],"version-history":[{"count":0,"href":"https:\/\/rigaiff.lv\/lv\/wp-json\/wp\/v2\/pages\/34026\/revisions"}],"up":[{"embeddable":true,"href":"https:\/\/rigaiff.lv\/lv\/wp-json\/wp\/v2\/pages\/33808"}],"wp:attachment":[{"href":"https:\/\/rigaiff.lv\/lv\/wp-json\/wp\/v2\/media?parent=34026"}],"curies":[{"name":"wp","href":"https:\/\/api.w.org\/{rel}","templated":true}]}}