{"id":34047,"date":"2023-10-09T16:06:41","date_gmt":"2023-10-09T13:06:41","guid":{"rendered":"https:\/\/rigaiff.lv\/?page_id=34047"},"modified":"2023-10-09T16:06:41","modified_gmt":"2023-10-09T13:06:41","slug":"skats-uz-arpasauli","status":"publish","type":"page","link":"https:\/\/rigaiff.lv\/lv\/gids\/skats-uz-arpasauli\/","title":{"rendered":"Skats uz \u0101rpasauli"},"content":{"rendered":"","protected":false},"excerpt":{"rendered":"","protected":false},"author":21,"featured_media":0,"parent":33808,"menu_order":0,"comment_status":"closed","ping_status":"closed","template":"selection_template.php","meta":{"_acf_changed":false,"inline_featured_image":false,"footnotes":""},"class_list":["post-34047","page","type-page","status-publish","hentry"],"acf":{"logo":"https:\/\/rigaiff.lv\/wp-content\/uploads\/2023\/09\/Photophobia_Still06.jpg","logo_url":"","title":"Skats uz \u0101rpasauli","tagline":"<p><!--td {border: 1px solid #cccccc;}br {mso-data-placement:same-cell;}-->Filmu izlase, kas izce\u013c audiovizu\u0101l\u0101 medija sniegto iesp\u0113ju papla\u0161in\u0101t izpratnes horizontus un iepaz\u012bt pasaules da\u017e\u0101d\u012bbu no kinoz\u0101les s\u0113dvietas \u0113rtuma. \u0160\u012bs filmas aicina skat\u012bt\u0101jus izzin\u0101t cilv\u0113ces main\u012bg\u0101s sejas, sabiedr\u012bbu v\u0113stures un politikas labirintos, k\u0101 ar\u012b cilv\u0113ka dabas bag\u0101t\u012bbu un sare\u017e\u0123\u012bjumus,, papla\u0161inot izpratni par pasaules daudz\u0161\u0137aut\u0146aino b\u016bt\u012bbu.<\/p>\n","films":[30623,32210,30612,31419,32515]},"_links":{"self":[{"href":"https:\/\/rigaiff.lv\/lv\/wp-json\/wp\/v2\/pages\/34047","targetHints":{"allow":["GET"]}}],"collection":[{"href":"https:\/\/rigaiff.lv\/lv\/wp-json\/wp\/v2\/pages"}],"about":[{"href":"https:\/\/rigaiff.lv\/lv\/wp-json\/wp\/v2\/types\/page"}],"author":[{"embeddable":true,"href":"https:\/\/rigaiff.lv\/lv\/wp-json\/wp\/v2\/users\/21"}],"replies":[{"embeddable":true,"href":"https:\/\/rigaiff.lv\/lv\/wp-json\/wp\/v2\/comments?post=34047"}],"version-history":[{"count":0,"href":"https:\/\/rigaiff.lv\/lv\/wp-json\/wp\/v2\/pages\/34047\/revisions"}],"up":[{"embeddable":true,"href":"https:\/\/rigaiff.lv\/lv\/wp-json\/wp\/v2\/pages\/33808"}],"wp:attachment":[{"href":"https:\/\/rigaiff.lv\/lv\/wp-json\/wp\/v2\/media?parent=34047"}],"curies":[{"name":"wp","href":"https:\/\/api.w.org\/{rel}","templated":true}]}}