{"id":34049,"date":"2023-10-09T16:09:25","date_gmt":"2023-10-09T13:09:25","guid":{"rendered":"https:\/\/rigaiff.lv\/?page_id=34049"},"modified":"2023-10-09T16:09:25","modified_gmt":"2023-10-09T13:09:25","slug":"uzmanibas-centra-zanrs","status":"publish","type":"page","link":"https:\/\/rigaiff.lv\/lv\/gids\/uzmanibas-centra-zanrs\/","title":{"rendered":"Uzman\u012bbas centr\u0101 \u017eanrs"},"content":{"rendered":"","protected":false},"excerpt":{"rendered":"","protected":false},"author":21,"featured_media":0,"parent":33808,"menu_order":0,"comment_status":"closed","ping_status":"closed","template":"selection_template.php","meta":{"_acf_changed":false,"inline_featured_image":false,"footnotes":""},"class_list":["post-34049","page","type-page","status-publish","hentry"],"acf":{"logo":"https:\/\/rigaiff.lv\/wp-content\/uploads\/2023\/05\/Dead-Man-1995_13.jpg","logo_url":"","title":"Uzman\u012bbas centr\u0101 \u017eanrs","tagline":"<p><!--td {border: 1px solid #cccccc;}br {mso-data-placement:same-cell;}-->\u017danra kino nekur nav pazudis! \u0160\u012b filmu izlase aptver kino darbus, kas prasm\u012bgi apsp\u0113l\u0113 visiem labi zin\u0101mos tropus vai, tie\u0161i pret\u0113ji, izlau\u017eas no konvencion\u0101lo \u017earnu r\u0101mjiem, atkl\u0101jot skat\u012bt\u0101jam nepieradin\u0101tu m\u0101ksliniecisk\u0101s izpausmes l\u012bdzek\u013cu lietojumu uz liel\u0101 ekr\u0101na. Kino piedz\u012bvojumi sniegsies no absurda kom\u0113dijas, kungfu filmas un antivesterna l\u012bdz pat kempa est\u0113tikai, krimin\u0101ldr\u0101mai un muzik\u0101lai gangsterfilmai.<\/p>\n","films":[31825,30591,31246,32250,32425,32491,30386,30388]},"_links":{"self":[{"href":"https:\/\/rigaiff.lv\/lv\/wp-json\/wp\/v2\/pages\/34049","targetHints":{"allow":["GET"]}}],"collection":[{"href":"https:\/\/rigaiff.lv\/lv\/wp-json\/wp\/v2\/pages"}],"about":[{"href":"https:\/\/rigaiff.lv\/lv\/wp-json\/wp\/v2\/types\/page"}],"author":[{"embeddable":true,"href":"https:\/\/rigaiff.lv\/lv\/wp-json\/wp\/v2\/users\/21"}],"replies":[{"embeddable":true,"href":"https:\/\/rigaiff.lv\/lv\/wp-json\/wp\/v2\/comments?post=34049"}],"version-history":[{"count":0,"href":"https:\/\/rigaiff.lv\/lv\/wp-json\/wp\/v2\/pages\/34049\/revisions"}],"up":[{"embeddable":true,"href":"https:\/\/rigaiff.lv\/lv\/wp-json\/wp\/v2\/pages\/33808"}],"wp:attachment":[{"href":"https:\/\/rigaiff.lv\/lv\/wp-json\/wp\/v2\/media?parent=34049"}],"curies":[{"name":"wp","href":"https:\/\/api.w.org\/{rel}","templated":true}]}}