{"id":34057,"date":"2023-10-10T01:16:32","date_gmt":"2023-10-09T22:16:32","guid":{"rendered":"https:\/\/rigaiff.lv\/?page_id=34057"},"modified":"2023-10-11T15:11:49","modified_gmt":"2023-10-11T12:11:49","slug":"mature-cinema","status":"publish","type":"page","link":"https:\/\/rigaiff.lv\/lv\/gids\/dzives-rudits-kino\/","title":{"rendered":"Dz\u012bves r\u016bd\u012bts kino"},"content":{"rendered":"","protected":false},"excerpt":{"rendered":"","protected":false},"author":21,"featured_media":0,"parent":33808,"menu_order":0,"comment_status":"closed","ping_status":"closed","template":"selection_template.php","meta":{"_acf_changed":false,"inline_featured_image":false,"footnotes":""},"class_list":["post-34057","page","type-page","status-publish","hentry"],"acf":{"logo":"https:\/\/rigaiff.lv\/wp-content\/uploads\/2023\/06\/157011-scaled.jpeg","logo_url":"","title":"Dz\u012bves r\u016bd\u012bts kino","tagline":"<p><!--td {border: 1px solid #cccccc;}br {mso-data-placement:same-cell;}-->\u0160aj\u0101 izlas\u0113 apkopoti p\u0101rdomas rosino\u0161i st\u0101sti, kas viegli sasaist\u0101s ar nobriedu\u0161u un pieredzes pilnu skat\u012bjumu uz pasauli, aicinot analiz\u0113t un p\u0101rdom\u0101t cilv\u0113ka dabas daudzpus\u012bbu.<\/p>\n","films":[31825,32204,32210,30639,31410,31244,30454,31415]},"_links":{"self":[{"href":"https:\/\/rigaiff.lv\/lv\/wp-json\/wp\/v2\/pages\/34057","targetHints":{"allow":["GET"]}}],"collection":[{"href":"https:\/\/rigaiff.lv\/lv\/wp-json\/wp\/v2\/pages"}],"about":[{"href":"https:\/\/rigaiff.lv\/lv\/wp-json\/wp\/v2\/types\/page"}],"author":[{"embeddable":true,"href":"https:\/\/rigaiff.lv\/lv\/wp-json\/wp\/v2\/users\/21"}],"replies":[{"embeddable":true,"href":"https:\/\/rigaiff.lv\/lv\/wp-json\/wp\/v2\/comments?post=34057"}],"version-history":[{"count":0,"href":"https:\/\/rigaiff.lv\/lv\/wp-json\/wp\/v2\/pages\/34057\/revisions"}],"up":[{"embeddable":true,"href":"https:\/\/rigaiff.lv\/lv\/wp-json\/wp\/v2\/pages\/33808"}],"wp:attachment":[{"href":"https:\/\/rigaiff.lv\/lv\/wp-json\/wp\/v2\/media?parent=34057"}],"curies":[{"name":"wp","href":"https:\/\/api.w.org\/{rel}","templated":true}]}}