{"id":34059,"date":"2023-10-10T01:21:51","date_gmt":"2023-10-09T22:21:51","guid":{"rendered":"https:\/\/rigaiff.lv\/?page_id=34059"},"modified":"2023-10-10T01:21:51","modified_gmt":"2023-10-09T22:21:51","slug":"jaunas-paaudzes-balsis","status":"publish","type":"page","link":"https:\/\/rigaiff.lv\/lv\/gids\/jaunas-paaudzes-balsis\/","title":{"rendered":"Jaun\u0101s paaudzes balsis"},"content":{"rendered":"","protected":false},"excerpt":{"rendered":"","protected":false},"author":21,"featured_media":0,"parent":33808,"menu_order":0,"comment_status":"closed","ping_status":"closed","template":"selection_template.php","meta":{"_acf_changed":false,"inline_featured_image":false,"footnotes":""},"class_list":["post-34059","page","type-page","status-publish","hentry"],"acf":{"logo":"https:\/\/rigaiff.lv\/wp-content\/uploads\/2023\/06\/Blue-Jean-Official-2nd-Still_Graded__3.15.1.png","logo_url":"","title":"Jaun\u0101s paaudzes balsis","tagline":"<p><!--td {border: 1px solid #cccccc;}br {mso-data-placement:same-cell;}-->Kino piedz\u012bvojumu izlase, kas savu t\u0113mu un si\u017eeta l\u012bniju d\u0113\u013c \u012bpa\u0161i interesanta un izprotama jaunie\u0161iem. \u0160\u012bs filmas izce\u013c person\u012bg\u0101s br\u012bv\u012bbas v\u0113rt\u012bbu, atkl\u0101j savstarp\u0113jo attiec\u012bbu vari\u0101cijas, ar vieglu sm\u012bnu apskata ar\u012b laikmeta modern\u0101s probl\u0113mas un \u013cauj nodoties po\u0113tiskas vientul\u012bbas valdzin\u0101jumam.<\/p>\n","films":[31230,30545,31236,31238,30487,32425,33341,30384]},"_links":{"self":[{"href":"https:\/\/rigaiff.lv\/lv\/wp-json\/wp\/v2\/pages\/34059","targetHints":{"allow":["GET"]}}],"collection":[{"href":"https:\/\/rigaiff.lv\/lv\/wp-json\/wp\/v2\/pages"}],"about":[{"href":"https:\/\/rigaiff.lv\/lv\/wp-json\/wp\/v2\/types\/page"}],"author":[{"embeddable":true,"href":"https:\/\/rigaiff.lv\/lv\/wp-json\/wp\/v2\/users\/21"}],"replies":[{"embeddable":true,"href":"https:\/\/rigaiff.lv\/lv\/wp-json\/wp\/v2\/comments?post=34059"}],"version-history":[{"count":0,"href":"https:\/\/rigaiff.lv\/lv\/wp-json\/wp\/v2\/pages\/34059\/revisions"}],"up":[{"embeddable":true,"href":"https:\/\/rigaiff.lv\/lv\/wp-json\/wp\/v2\/pages\/33808"}],"wp:attachment":[{"href":"https:\/\/rigaiff.lv\/lv\/wp-json\/wp\/v2\/media?parent=34059"}],"curies":[{"name":"wp","href":"https:\/\/api.w.org\/{rel}","templated":true}]}}