{"id":34238,"date":"2023-10-15T21:54:33","date_gmt":"2023-10-15T18:54:33","guid":{"rendered":"https:\/\/rigaiff.lv\/?page_id=34238"},"modified":"2025-08-27T13:39:50","modified_gmt":"2025-08-27T10:39:50","slug":"bilesu-komplektu-un-abonementu-lietosanas-instrukcijas","status":"publish","type":"page","link":"https:\/\/rigaiff.lv\/lv\/bilesu-komplektu-un-abonementu-lietosanas-instrukcijas\/","title":{"rendered":"Bi\u013ce\u0161u komplektu un abonementu lieto\u0161anas instrukcijas"},"content":{"rendered":"<p><\/p>\n<h2><strong>Festiv\u0101la abonements<\/strong><\/h2>\n<p>No 1. septembra re\u0123istr\u0113jiet savu Festiv\u0101la abonementu <a href=\"http:\/\/rigaiff.lv\/pass\" target=\"_blank\" rel=\"noopener noreferrer\" data-stringify-link=\"http:\/\/rigaiff.lv\/pass\" data-sk=\"tooltip_parent\">rigaiff.lv\/pass<\/a>, lai sa\u0146emtu pieeju RIGA IFF viesu port\u0101lam un pieteiktu savu akredit\u0101cijas karti, ko var\u0113siet sa\u0146emt no 16. oktobra RIGA IFF inform\u0101cijas centr\u0101.<\/p>\n<p>L\u012bdz akredit\u0101cijas kartes sa\u0146em\u0161anai, izmantojiet uz ieg\u0101d\u0101t\u0101 abonementa nor\u0101d\u012bto kodu lai iz\u0146emtu bi\u013cetes uz RIGA IFF filmu seansiem:<\/p>\n<ol>\n<li>Dodies uz\u00a0<a href=\"http:\/\/rigaiff.lv\/\" target=\"_blank\" rel=\"noopener noreferrer\" data-stringify-link=\"http:\/\/rigaiff.lv\" data-sk=\"tooltip_parent\">rigaiff.lv<\/a><\/li>\n<li>Izv\u0113lies seansu<\/li>\n<li>Spied \u201cPirkt\u201d<\/li>\n<li>Pirms bi\u013ce\u0161u skaita izv\u0113les, ievadi 9 z\u012bmju kodu akcijas koda lauk\u0101 un apstiprini to<\/li>\n<li>Izv\u0113lies bi\u013cetes tipu \u201cKomplekta bi\u013cete\u201d<\/li>\n<li>P\u0101rliecinies, ka pirkuma summa ir \u20ac 0,00<\/li>\n<li>Spied \u201cApmaks\u0101t\u201d<\/li>\n<li>Seansu bi\u013cetes sa\u0146emsi nor\u0101d\u012btaj\u0101 e-past\u0101<\/li>\n<\/ol>\n<p><b>NB!<\/b> Apmekl\u0113jot seansu, kop\u0101 ar bi\u013ceti b\u016bs j\u0101uzr\u0101da akredit\u0101cijas karte.<\/p>\n<p>Jaut\u0101jumu gad\u012bjum\u0101 sazinies ar <a href=\"mailto:support@rigaiff.lv\">support@rigaiff.lv<\/a>.<\/p>\n<h2><strong>Bi\u013ce\u0161u komplekti<\/strong><\/h2>\n<p>Lai iz\u0146emtu bi\u013cetes:<\/p>\n<ol>\n<li>Dodies uz\u00a0<a href=\"http:\/\/rigaiff.lv\/\" target=\"_blank\" rel=\"noopener noreferrer\" data-stringify-link=\"http:\/\/rigaiff.lv\" data-sk=\"tooltip_parent\">rigaiff.lv<\/a><\/li>\n<li>Izv\u0113lies seansu<\/li>\n<li>Spied \u201cPirkt\u201d<\/li>\n<li>Pirms bi\u013ce\u0161u skaita izv\u0113les, ievadi 9 z\u012bmju kodu akcijas koda lauk\u0101 un apstiprini to<\/li>\n<li>Izv\u0113lies bi\u013cetes tipu \u201cKomplekta bi\u013cete\u201d<\/li>\n<li>P\u0101rliecinies, ka pirkuma summa ir \u20ac 0,00<\/li>\n<li>Spied \u201cApmaks\u0101t\u201d<\/li>\n<li>Seansu bi\u013cetes sa\u0146emsi nor\u0101d\u012btaj\u0101 e-past\u0101<\/li>\n<\/ol>\n<p>Jaut\u0101jumu gad\u012bjum\u0101 sazinies ar <a href=\"mailto:support@rigaiff.lv\">support@rigaiff.lv<\/a>.<\/p>\n<p><\/p>","protected":false},"excerpt":{"rendered":"<p><\/p>\nFestiv\u0101la abonements\n<p>No 1. septembra re\u0123istr\u0113jiet savu Festiv\u0101la abonementu <a href=\"http:\/\/rigaiff.lv\/pass\" target=\"_blank\" rel=\"noopener noreferrer\" data-stringify-link=\"http:\/\/rigaiff.lv\/pass\" data-sk=\"tooltip_parent\">rigaiff.lv\/pass<\/a>, lai sa\u0146emtu pieeju RIGA IFF viesu port\u0101lam un pieteiktu savu akredit\u0101cijas karti, ko var\u0113siet sa\u0146emt no 16. oktobra RIGA IFF inform\u0101cijas centr\u0101.<\/p>\n<p>L\u012bdz akredit\u0101cijas kartes sa\u0146em\u0161anai, izmantojiet uz ieg\u0101d\u0101t\u0101 abonementa nor\u0101d\u012bto kodu lai iz\u0146emtu bi\u013cetes uz RIGA IFF filmu seansiem:<\/p>\n<ol>\n<li>Dodies uz\u00a0<a href=\"http:\/\/rigaiff.lv\/\" target=\"_blank\" rel=\"noopener noreferrer\" data-stringify-link=\"http:\/\/rigaiff.lv\" data-sk=\"tooltip_parent\">rigaiff.lv<\/a><\/li>\n<li>Izv\u0113lies seansu<\/li>\n<li>Spied \u201cPirkt\u201d<\/li>\n<li>Pirms bi\u013ce\u0161u skaita izv\u0113les, ievadi 9 z\u012bmju kodu akcijas koda lauk\u0101 un apstiprini to<\/li>\n<li>Izv\u0113lies bi\u013cetes tipu \u201cKomplekta bi\u013cete\u201d<\/li>\n<li>P\u0101rliecinies, ka pirkuma summa ir \u20ac 0,00<\/li>\n<li>Spied \u201cApmaks\u0101t\u201d<\/li>\n<li>Seansu bi\u013cetes sa\u0146emsi nor\u0101d\u012btaj\u0101 e-past\u0101<\/li>\n<\/ol>\n<p>NB! Apmekl\u0113jot seansu, kop\u0101 ar bi\u013ceti b\u016bs j\u0101uzr\u0101da akredit\u0101cijaskarte.<\/p>","protected":false},"author":2,"featured_media":0,"parent":0,"menu_order":0,"comment_status":"closed","ping_status":"closed","template":"template_bstrap.php","meta":{"_acf_changed":false,"inline_featured_image":false,"footnotes":""},"class_list":["post-34238","page","type-page","status-publish","hentry"],"acf":[],"_links":{"self":[{"href":"https:\/\/rigaiff.lv\/lv\/wp-json\/wp\/v2\/pages\/34238","targetHints":{"allow":["GET"]}}],"collection":[{"href":"https:\/\/rigaiff.lv\/lv\/wp-json\/wp\/v2\/pages"}],"about":[{"href":"https:\/\/rigaiff.lv\/lv\/wp-json\/wp\/v2\/types\/page"}],"author":[{"embeddable":true,"href":"https:\/\/rigaiff.lv\/lv\/wp-json\/wp\/v2\/users\/2"}],"replies":[{"embeddable":true,"href":"https:\/\/rigaiff.lv\/lv\/wp-json\/wp\/v2\/comments?post=34238"}],"version-history":[{"count":13,"href":"https:\/\/rigaiff.lv\/lv\/wp-json\/wp\/v2\/pages\/34238\/revisions"}],"predecessor-version":[{"id":42366,"href":"https:\/\/rigaiff.lv\/lv\/wp-json\/wp\/v2\/pages\/34238\/revisions\/42366"}],"wp:attachment":[{"href":"https:\/\/rigaiff.lv\/lv\/wp-json\/wp\/v2\/media?parent=34238"}],"curies":[{"name":"wp","href":"https:\/\/api.w.org\/{rel}","templated":true}]}}