{"id":34278,"date":"2023-10-16T20:32:06","date_gmt":"2023-10-16T17:32:06","guid":{"rendered":"https:\/\/rigaiff.lv\/?page_id=34278"},"modified":"2023-10-16T20:32:06","modified_gmt":"2023-10-16T17:32:06","slug":"apsleptie-dargakmeni","status":"publish","type":"page","link":"https:\/\/rigaiff.lv\/lv\/gids\/apsleptie-dargakmeni\/","title":{"rendered":"Apsl\u0113ptie d\u0101rgakme\u0146i"},"content":{"rendered":"","protected":false},"excerpt":{"rendered":"","protected":false},"author":21,"featured_media":0,"parent":33808,"menu_order":0,"comment_status":"closed","ping_status":"closed","template":"selection_template.php","meta":{"_acf_changed":false,"inline_featured_image":false,"footnotes":""},"class_list":["post-34278","page","type-page","status-publish","hentry"],"acf":{"logo":"https:\/\/rigaiff.lv\/wp-content\/uploads\/2023\/08\/the-eternal-daughter_9mIlGN.jpg","logo_url":"","title":"Apsl\u0113ptie d\u0101rgakme\u0146i","tagline":"","films":[31234,31232,30545,32210,32204,29699,30487,30639,30391,31228]},"_links":{"self":[{"href":"https:\/\/rigaiff.lv\/lv\/wp-json\/wp\/v2\/pages\/34278","targetHints":{"allow":["GET"]}}],"collection":[{"href":"https:\/\/rigaiff.lv\/lv\/wp-json\/wp\/v2\/pages"}],"about":[{"href":"https:\/\/rigaiff.lv\/lv\/wp-json\/wp\/v2\/types\/page"}],"author":[{"embeddable":true,"href":"https:\/\/rigaiff.lv\/lv\/wp-json\/wp\/v2\/users\/21"}],"replies":[{"embeddable":true,"href":"https:\/\/rigaiff.lv\/lv\/wp-json\/wp\/v2\/comments?post=34278"}],"version-history":[{"count":1,"href":"https:\/\/rigaiff.lv\/lv\/wp-json\/wp\/v2\/pages\/34278\/revisions"}],"predecessor-version":[{"id":34279,"href":"https:\/\/rigaiff.lv\/lv\/wp-json\/wp\/v2\/pages\/34278\/revisions\/34279"}],"up":[{"embeddable":true,"href":"https:\/\/rigaiff.lv\/lv\/wp-json\/wp\/v2\/pages\/33808"}],"wp:attachment":[{"href":"https:\/\/rigaiff.lv\/lv\/wp-json\/wp\/v2\/media?parent=34278"}],"curies":[{"name":"wp","href":"https:\/\/api.w.org\/{rel}","templated":true}]}}