{"id":34710,"date":"2024-01-25T20:43:07","date_gmt":"2024-01-25T18:43:07","guid":{"rendered":"https:\/\/rigaiff.lv\/?page_id=34710"},"modified":"2024-09-26T11:03:14","modified_gmt":"2024-09-26T08:03:14","slug":"forum-2024","status":"publish","type":"page","link":"https:\/\/rigaiff.lv\/lv\/forum-2024\/","title":{"rendered":"FORUM"},"content":{"rendered":"","protected":false},"excerpt":{"rendered":"","protected":false},"author":1,"featured_media":0,"parent":0,"menu_order":0,"comment_status":"closed","ping_status":"closed","template":"forum-2024.php","meta":{"_acf_changed":false,"inline_featured_image":false,"footnotes":""},"class_list":["post-34710","page","type-page","status-publish","hentry"],"acf":{"forum_sections_title":"","description_-_sections":"<p>The RIGA IFF FORUM programme includes a series of film industry events dedicated to both experienced industry professionals, as well as students and young filmmakers. Every year, RIGA IFF FORUM hosts a variety of lectures, discussions, presentations, meetings, and networking events. With a strong focus on creating new cooperations and strengthening existing ties, the festival\u2019s industry section encompasses short and feature film as well as series\u2019 production, and paves the way to creating partnerships.<\/p>\n","description":"","blocks":[{"section":36451,"background_image":{"ID":34459,"id":34459,"title":"_STR4146","filename":"STR4146.jpg","filesize":2822396,"url":"https:\/\/rigaiff.lv\/wp-content\/uploads\/2023\/10\/STR4146.jpg","link":"https:\/\/rigaiff.lv\/wp-content\/uploads\/2023\/10\/STR4146.jpg","alt":"","author":"21","description":"","caption":"","name":"030f854e402c4ef7a0e8153a56ee03ce","status":"inherit","uploaded_to":34457,"date":"2023-10-25 11:26:54","modified":"2023-10-25 11:26:54","menu_order":0,"mime_type":"image\/jpeg","type":"image","subtype":"jpeg","icon":"https:\/\/rigaiff.lv\/wp-includes\/images\/media\/default.png","width":2200,"height":1467,"sizes":{"thumbnail":"https:\/\/rigaiff.lv\/wp-content\/uploads\/2023\/10\/STR4146-150x150.jpg","thumbnail-width":150,"thumbnail-height":150,"medium":"https:\/\/rigaiff.lv\/wp-content\/uploads\/2023\/10\/STR4146-250x167.jpg","medium-width":250,"medium-height":167,"medium_large":"https:\/\/rigaiff.lv\/wp-content\/uploads\/2023\/10\/STR4146-768x512.jpg","medium_large-width":768,"medium_large-height":512,"large":"https:\/\/rigaiff.lv\/wp-content\/uploads\/2023\/10\/STR4146-1500x1000.jpg","large-width":900,"large-height":600,"1536x1536":"https:\/\/rigaiff.lv\/wp-content\/uploads\/2023\/10\/STR4146-1536x1024.jpg","1536x1536-width":1536,"1536x1536-height":1024,"2048x2048":"https:\/\/rigaiff.lv\/wp-content\/uploads\/2023\/10\/STR4146-2048x1366.jpg","2048x2048-width":2048,"2048x2048-height":1366,"large1200":"https:\/\/rigaiff.lv\/wp-content\/uploads\/2023\/10\/STR4146-1200x800.jpg","large1200-width":1200,"large1200-height":800,"large1800":"https:\/\/rigaiff.lv\/wp-content\/uploads\/2023\/10\/STR4146-1800x1200.jpg","large1800-width":1800,"large1800-height":1200,"small":"https:\/\/rigaiff.lv\/wp-content\/uploads\/2023\/10\/STR4146-120x80.jpg","small-width":120,"small-height":80,"uncompressed":"https:\/\/rigaiff.lv\/wp-content\/uploads\/2023\/10\/STR4146.jpg","uncompressed-width":2200,"uncompressed-height":1467,"custom-size":"https:\/\/rigaiff.lv\/wp-content\/uploads\/2023\/10\/STR4146-700x200.jpg","custom-size-width":700,"custom-size-height":200}},"overlay_image":"https:\/\/rigaiff.lv\/wp-content\/uploads\/2024\/03\/SHOWCASE_MAIN-2024-03-12-black.svg","overlay_frame_en":false,"custom_image_url":"https:\/\/rigaiff.lv\/lv\/forum-2024\/riga-iff-showcase\/","countries_radio":"list","countries":[{"value":"AL","label":"Albania (AL)"},{"value":"BA","label":"Bosnia and Herzegovina (BA)"},{"value":"BG","label":"Bulgaria (BG)"},{"value":"HR","label":"Croatia (HR)"},{"value":"CZ","label":"Czechia (CZ)"},{"value":"EE","label":"Estonia (EE)"},{"value":"GE","label":"Georgia (GE)"},{"value":"HU","label":"Hungary (HU)"},{"value":"LV","label":"Latvia (LV)"},{"value":"LT","label":"Lithuania (LT)"},{"value":"XK","label":"Kosovo (XK)"},{"value":"MD","label":"Moldova, Republic of (MD)"},{"value":"ME","label":"Montenegro (ME)"},{"value":"MK","label":"North Macedonia (MK)"},{"value":"PL","label":"Poland (PL)"},{"value":"RO","label":"Romania (RO)"},{"value":"RS","label":"Serbia (RS)"},{"value":"SK","label":"Slovakia (SK)"},{"value":"SI","label":"Slovenia (SI)"},{"value":"UA","label":"Ukraine (UA)"}],"custom_countries_info":"","runtime":"","submission_deadline":"Submission closed","production_date":"","description":"<p>&nbsp;<\/p>\n<p><strong>Market for upcoming feature films and series from Eastern and Central Europe<\/strong><\/p>\n<p>Selection committee of RIGA IFF Showcase hand-picks 10 to 15 film and series\u2019 projects that are pitched to an audience of international and local buyers as well as a jury. After the pitching session, one-to-one meetings take place, providing opportunity for project representatives to meet with potential partners, buyers and festival representatives.\u00a0<\/p>\n<p>Completed work submitted for industry screenings will also be evaluated by a selection committee.\u00a0<\/p>\n","title":"Read more","url":"https:\/\/rigaiff.lv\/lv\/forum-2024\/riga-iff-showcase\/"},{"section":36458,"background_image":{"ID":34480,"id":34480,"title":"DSC05753","filename":"DSC05753.jpg","filesize":4229625,"url":"https:\/\/rigaiff.lv\/wp-content\/uploads\/2023\/10\/DSC05753.jpg","link":"https:\/\/rigaiff.lv\/wp-content\/uploads\/2023\/10\/DSC05753.jpg","alt":"","author":"21","description":"","caption":"","name":"7639ae4e4f164a58a6a8c0a28ef81b10","status":"inherit","uploaded_to":34457,"date":"2023-10-25 21:18:27","modified":"2024-08-14 07:33:38","menu_order":0,"mime_type":"image\/jpeg","type":"image","subtype":"jpeg","icon":"https:\/\/rigaiff.lv\/wp-includes\/images\/media\/default.png","width":2200,"height":1469,"sizes":{"thumbnail":"https:\/\/rigaiff.lv\/wp-content\/uploads\/2023\/10\/DSC05753-150x150.jpg","thumbnail-width":150,"thumbnail-height":150,"medium":"https:\/\/rigaiff.lv\/wp-content\/uploads\/2023\/10\/DSC05753-250x167.jpg","medium-width":250,"medium-height":167,"medium_large":"https:\/\/rigaiff.lv\/wp-content\/uploads\/2023\/10\/DSC05753-768x513.jpg","medium_large-width":768,"medium_large-height":513,"large":"https:\/\/rigaiff.lv\/wp-content\/uploads\/2023\/10\/DSC05753-1500x1002.jpg","large-width":900,"large-height":601,"1536x1536":"https:\/\/rigaiff.lv\/wp-content\/uploads\/2023\/10\/DSC05753-1536x1026.jpg","1536x1536-width":1536,"1536x1536-height":1026,"2048x2048":"https:\/\/rigaiff.lv\/wp-content\/uploads\/2023\/10\/DSC05753-2048x1368.jpg","2048x2048-width":2048,"2048x2048-height":1368,"large1200":"https:\/\/rigaiff.lv\/wp-content\/uploads\/2023\/10\/DSC05753-1200x801.jpg","large1200-width":1200,"large1200-height":801,"large1800":"https:\/\/rigaiff.lv\/wp-content\/uploads\/2023\/10\/DSC05753-1800x1202.jpg","large1800-width":1800,"large1800-height":1202,"small":"https:\/\/rigaiff.lv\/wp-content\/uploads\/2023\/10\/DSC05753-120x80.jpg","small-width":120,"small-height":80,"uncompressed":"https:\/\/rigaiff.lv\/wp-content\/uploads\/2023\/10\/DSC05753.jpg","uncompressed-width":2200,"uncompressed-height":1469,"custom-size":"https:\/\/rigaiff.lv\/wp-content\/uploads\/2023\/10\/DSC05753-700x200.jpg","custom-size-width":700,"custom-size-height":200}},"overlay_image":"https:\/\/rigaiff.lv\/wp-content\/uploads\/2024\/03\/SRTS_MAIN-2024-03-12-black.svg","overlay_frame_en":false,"custom_image_url":"https:\/\/rigaiff.lv\/lv\/forum-2024\/short-riga-test-screenings\/","countries_radio":"list","countries":[{"value":"EE","label":"Estonia (EE)"},{"value":"LV","label":"Latvia (LV)"},{"value":"LT","label":"Lithuania (LT)"},{"value":"PT","label":"Portugal (PT)"}],"custom_countries_info":"","runtime":"Max. 30' (rough cuts up to 40')","submission_deadline":"Submission closed","production_date":"","description":"<p>&nbsp;<\/p>\n<p><strong>In-depth feedback for short films<\/strong><\/p>\n<p>The curators of SHORT RIGA Test Screenings select 10 to 14 promising short films that are split into two screenings held over two days. The films are evaluated by a commission of five experts that changes yearly so as to guarantee in-depth evaluations from different perspectives. The panel will have familiarised themselves with the projects in advance, but final feedback and evaluations will follow only after seeing the films on the big screen.<\/p>\n<p>The participants have access to on-site pitching training prior to their presentations.<\/p>\n","title":"Read more","url":"https:\/\/rigaiff.lv\/lv\/forum-2024\/short-riga-test-screenings\/"},{"section":37259,"background_image":false,"overlay_image":false,"overlay_frame_en":false,"custom_image_url":"https:\/\/rigaiff.lv\/lv\/forum-2024\/meet-the-festivals\/?info=description","countries_radio":"list","countries":[],"custom_countries_info":"","runtime":"","submission_deadline":"","production_date":"","description":"","title":"","url":""},{"section":39332,"background_image":false,"overlay_image":false,"overlay_frame_en":false,"custom_image_url":"","countries_radio":"list","countries":[],"custom_countries_info":"","runtime":"","submission_deadline":"","production_date":"","description":"","title":"","url":"https:\/\/rigaiff.lv\/lv\/forum-2024\/baltic-women-in-film-mentorship\/"}],"cta_button_text":"Explore our previous edition","cta_button_url":"\/lv\/forum-2024","competitions_2024":false,"forum_buttons":[{"title":"Events schedule","url":"\/lv\/forum-calendar"}],"custom_supporter_title":"","supporter":[{"supporter_select":{"ID":11172,"post_author":"2","post_date":"2019-09-07 10:05:44","post_date_gmt":"2019-09-07 07:05:44","post_content":"","post_title":"Nacion\u0101lais kino centrs","post_excerpt":"","post_status":"publish","comment_status":"closed","ping_status":"closed","post_password":"","post_name":"nacionalais-kino-centrs","to_ping":"","pinged":"","post_modified":"2025-06-11 14:13:04","post_modified_gmt":"2025-06-11 11:13:04","post_content_filtered":"","post_parent":0,"guid":"https:\/\/rigaiff.lv\/2020\/?post_type=supporters&#038;p=11172","menu_order":0,"post_type":"supporters","post_mime_type":"","comment_count":"0","filter":"raw","post_title_ml":"[:en]Nacion\u0101lais kino centrs (NKC)[:lv]Nacion\u0101lais kino centrs[:]","post_title_langs":{"en":true,"lv":true},"acf":{"logo":"https:\/\/rigaiff.lv\/wp-content\/uploads\/2019\/09\/Nacionalais-Kino-centrs-NKC-\u2013-Simple-Vertical-LV.svg","url":"http:\/\/nkc.gov.lv"}},"width_(px)":"120"},{"supporter_select":{"ID":27985,"post_author":"21","post_date":"2022-09-21 20:01:27","post_date_gmt":"2022-09-21 17:01:27","post_content":"","post_title":"MEDIA Desk Latvia","post_excerpt":"","post_status":"publish","comment_status":"closed","ping_status":"closed","post_password":"","post_name":"media-desk-latvia","to_ping":"","pinged":"","post_modified":"2022-09-22 10:12:59","post_modified_gmt":"2022-09-22 07:12:59","post_content_filtered":"","post_parent":0,"guid":"https:\/\/rigaiff.lv\/?post_type=supporters&#038;p=27985","menu_order":0,"post_type":"supporters","post_mime_type":"","comment_count":"0","filter":"raw","post_title_ml":"[:lv]MEDIA Desk Latvia[:]","post_title_langs":{"lv":true},"acf":{"logo":"https:\/\/rigaiff.lv\/wp-content\/uploads\/2022\/09\/MEDIA-birojs-Latvija-logo-2022.svg","url":"http:\/\/www.mediadesklatvia.eu\/"}},"width_(px)":"140"},{"supporter_select":{"ID":11178,"post_author":"2","post_date":"2019-09-07 11:13:15","post_date_gmt":"2019-09-07 08:13:15","post_content":"","post_title":"Latvijas Invest\u012bciju un att\u012bst\u012bbas a\u0123ent\u016bra (LIAA)","post_excerpt":"","post_status":"publish","comment_status":"closed","ping_status":"closed","post_password":"","post_name":"latvijas-investiciju-un-attistibas-agentura-liaa","to_ping":"","pinged":"","post_modified":"2024-09-16 21:59:19","post_modified_gmt":"2024-09-16 18:59:19","post_content_filtered":"","post_parent":0,"guid":"https:\/\/rigaiff.lv\/2020\/?post_type=supporters&#038;p=11178","menu_order":0,"post_type":"supporters","post_mime_type":"","comment_count":"0","filter":"raw","post_title_ml":"[:en]Investment and Development Agency of Latvia (LIAA)[:lv]Latvijas Invest\u012bciju un att\u012bst\u012bbas a\u0123ent\u016bra (LIAA)[:]","post_title_langs":{"en":true,"lv":true},"acf":{"logo":"https:\/\/rigaiff.lv\/wp-content\/uploads\/2019\/09\/LIAA-full-logo-black.svg","url":"http:\/\/www.liaa.gov.lv\/lv"}},"width_(px)":"320"},{"supporter_select":{"ID":32087,"post_author":"21","post_date":"2023-09-01 22:30:14","post_date_gmt":"2023-09-01 19:30:14","post_content":"","post_title":"BWiFM","post_excerpt":"","post_status":"publish","comment_status":"closed","ping_status":"closed","post_password":"","post_name":"bwifm","to_ping":"","pinged":"","post_modified":"2023-09-01 22:30:14","post_modified_gmt":"2023-09-01 19:30:14","post_content_filtered":"","post_parent":0,"guid":"https:\/\/rigaiff.lv\/?post_type=supporters&#038;p=32087","menu_order":0,"post_type":"supporters","post_mime_type":"","comment_count":"0","filter":"raw","post_title_ml":"[:en]BWiFM[:]","post_title_langs":{"en":true},"acf":{"logo":"https:\/\/rigaiff.lv\/wp-content\/uploads\/2023\/09\/BWIFM-logo.svg","url":"https:\/\/lithuanianshorts.com\/en\/baltic-women-in-film-mentorship\/"}},"width_(px)":"120"}]},"_links":{"self":[{"href":"https:\/\/rigaiff.lv\/lv\/wp-json\/wp\/v2\/pages\/34710","targetHints":{"allow":["GET"]}}],"collection":[{"href":"https:\/\/rigaiff.lv\/lv\/wp-json\/wp\/v2\/pages"}],"about":[{"href":"https:\/\/rigaiff.lv\/lv\/wp-json\/wp\/v2\/types\/page"}],"author":[{"embeddable":true,"href":"https:\/\/rigaiff.lv\/lv\/wp-json\/wp\/v2\/users\/1"}],"replies":[{"embeddable":true,"href":"https:\/\/rigaiff.lv\/lv\/wp-json\/wp\/v2\/comments?post=34710"}],"version-history":[{"count":46,"href":"https:\/\/rigaiff.lv\/lv\/wp-json\/wp\/v2\/pages\/34710\/revisions"}],"predecessor-version":[{"id":39349,"href":"https:\/\/rigaiff.lv\/lv\/wp-json\/wp\/v2\/pages\/34710\/revisions\/39349"}],"wp:attachment":[{"href":"https:\/\/rigaiff.lv\/lv\/wp-json\/wp\/v2\/media?parent=34710"}],"curies":[{"name":"wp","href":"https:\/\/api.w.org\/{rel}","templated":true}]}}