{"id":35396,"date":"2024-03-23T12:49:07","date_gmt":"2024-03-23T10:49:07","guid":{"rendered":"https:\/\/rigaiff.lv\/?page_id=35396"},"modified":"2024-05-21T14:22:34","modified_gmt":"2024-05-21T11:22:34","slug":"gados-jaunajai-auditorijai","status":"publish","type":"page","link":"https:\/\/rigaiff.lv\/lv\/online\/bernu-un-gimenes-filmas\/","title":{"rendered":"B\u0113rnu un \u0123imenes filmas"},"content":{"rendered":"","protected":false},"excerpt":{"rendered":"","protected":false},"author":1,"featured_media":35434,"parent":0,"menu_order":0,"comment_status":"closed","ping_status":"closed","template":"selection_template_online.php","meta":{"_acf_changed":false,"inline_featured_image":false,"footnotes":""},"class_list":["post-35396","page","type-page","status-publish","has-post-thumbnail","hentry"],"acf":{"logo":false,"logo_url":"","title":"","tagline":"<p>Pla\u0161aj\u0101 b\u0113rnu un \u0123imenes filmu izlas\u0113 apkopotas 16 izmekl\u0113tas un m\u0101kslinieciski augstv\u0113rt\u012bgas RIGA IFF Kolekcijas filmas \u2013 6 pilnmetr\u0101\u017eas un 10 \u012bsfilmas lieliem un maziem kino m\u012b\u013ciem. Ieguvu\u0161i skat\u012bt\u0101ju, kino kriti\u0137u un festiv\u0101lu \u017e\u016briju atzin\u012bbu Latvij\u0101 un pasaul\u0113, \u0161ie darbi nu turpina savu ce\u013cu pie skat\u012bt\u0101jiem vis\u0101 Latvij\u0101 festiv\u0101la tie\u0161saistes nomas platform\u0101.<\/p>\n","films":[35473,31421,32119,35470,27157,35467,31423,14126]},"_links":{"self":[{"href":"https:\/\/rigaiff.lv\/lv\/wp-json\/wp\/v2\/pages\/35396","targetHints":{"allow":["GET"]}}],"collection":[{"href":"https:\/\/rigaiff.lv\/lv\/wp-json\/wp\/v2\/pages"}],"about":[{"href":"https:\/\/rigaiff.lv\/lv\/wp-json\/wp\/v2\/types\/page"}],"author":[{"embeddable":true,"href":"https:\/\/rigaiff.lv\/lv\/wp-json\/wp\/v2\/users\/1"}],"replies":[{"embeddable":true,"href":"https:\/\/rigaiff.lv\/lv\/wp-json\/wp\/v2\/comments?post=35396"}],"version-history":[{"count":12,"href":"https:\/\/rigaiff.lv\/lv\/wp-json\/wp\/v2\/pages\/35396\/revisions"}],"predecessor-version":[{"id":35890,"href":"https:\/\/rigaiff.lv\/lv\/wp-json\/wp\/v2\/pages\/35396\/revisions\/35890"}],"wp:featuredmedia":[{"embeddable":true,"href":"https:\/\/rigaiff.lv\/lv\/wp-json\/wp\/v2\/media\/35434"}],"wp:attachment":[{"href":"https:\/\/rigaiff.lv\/lv\/wp-json\/wp\/v2\/media?parent=35396"}],"curies":[{"name":"wp","href":"https:\/\/api.w.org\/{rel}","templated":true}]}}