{"id":35610,"date":"2024-05-07T11:50:35","date_gmt":"2024-05-07T08:50:35","guid":{"rendered":"https:\/\/rigaiff.lv\/?page_id=35610"},"modified":"2024-06-20T12:00:58","modified_gmt":"2024-06-20T09:00:58","slug":"latvijas-filmas","status":"publish","type":"page","link":"https:\/\/rigaiff.lv\/lv\/latvijas-filmas\/","title":{"rendered":"Latvijas filmu izlase"},"content":{"rendered":"","protected":false},"excerpt":{"rendered":"","protected":false},"author":21,"featured_media":0,"parent":0,"menu_order":0,"comment_status":"closed","ping_status":"closed","template":"selection_template_online.php","meta":{"_acf_changed":false,"inline_featured_image":false,"footnotes":""},"class_list":["post-35610","page","type-page","status-publish","hentry"],"acf":{"logo":false,"logo_url":"","title":"","tagline":"<p>Latvijas filmu izlas\u0113 apkopotas izmekl\u0113tas un m\u0101kslinieciski augstv\u0113rt\u012bgas RIGA IFF Kolekcijas filmas, kas tapu\u0161as tepat, mums l\u012bdz\u0101s. \u0160eit satiekas pa\u0161m\u0101ju spilgt\u0101kie kino veikumi, kopprodukcij\u0101 tapu\u0161\u0101s filmas un viet\u0113jo kino veidot\u0101ju sadarb\u012bbas ar Baltijas, Eiropas un citu re\u0123ionu kino m\u0101ksliniekiem. Divpadsmit augstv\u0113rt\u012bgie kino darbi \u2013 aktierfilmas, dokument\u0101lais kino un vair\u0101kas anim\u0101cijas filmas b\u0113rniem un pieaugu\u0161ajiem \u2013 atkl\u0101j v\u0113stures l\u012bklo\u010dus un sabiedr\u012bbas \u0161\u0137autnes, portret\u0113 spilgtas person\u012bbas un iez\u012bm\u0113 Latvijas kino ainavu. Ieguvu\u0161i skat\u012bt\u0101ju, kino kriti\u0137u un festiv\u0101lu \u017e\u016briju atzin\u012bbu Latvij\u0101 un pasaul\u0113, \u0161ie darbi nu turpina savu ce\u013cu pie skat\u012bt\u0101jiem vis\u0101 Latvij\u0101 festiv\u0101la tie\u0161saistes nomas platform\u0101.<\/p>\n","films":[36639,35840,35834,35602,35786,29893,35770,35836,35838,23932,35473,35470,35467]},"_links":{"self":[{"href":"https:\/\/rigaiff.lv\/lv\/wp-json\/wp\/v2\/pages\/35610","targetHints":{"allow":["GET"]}}],"collection":[{"href":"https:\/\/rigaiff.lv\/lv\/wp-json\/wp\/v2\/pages"}],"about":[{"href":"https:\/\/rigaiff.lv\/lv\/wp-json\/wp\/v2\/types\/page"}],"author":[{"embeddable":true,"href":"https:\/\/rigaiff.lv\/lv\/wp-json\/wp\/v2\/users\/21"}],"replies":[{"embeddable":true,"href":"https:\/\/rigaiff.lv\/lv\/wp-json\/wp\/v2\/comments?post=35610"}],"version-history":[{"count":8,"href":"https:\/\/rigaiff.lv\/lv\/wp-json\/wp\/v2\/pages\/35610\/revisions"}],"predecessor-version":[{"id":36712,"href":"https:\/\/rigaiff.lv\/lv\/wp-json\/wp\/v2\/pages\/35610\/revisions\/36712"}],"wp:attachment":[{"href":"https:\/\/rigaiff.lv\/lv\/wp-json\/wp\/v2\/media?parent=35610"}],"curies":[{"name":"wp","href":"https:\/\/api.w.org\/{rel}","templated":true}]}}