{"id":35639,"date":"2024-05-16T19:06:10","date_gmt":"2024-05-16T16:06:10","guid":{"rendered":"https:\/\/rigaiff.lv\/?page_id=35639"},"modified":"2024-09-15T15:20:17","modified_gmt":"2024-09-15T12:20:17","slug":"films-2024","status":"publish","type":"page","link":"https:\/\/rigaiff.lv\/lv\/films-2024\/","title":{"rendered":"Filmas 2024"},"content":{"rendered":"<p><\/p>\n<p>Pilna festiv\u0101la filmu programma tiks public\u0113ta 17. septembr\u012b.<\/p>\n<p><\/p>","protected":false},"excerpt":{"rendered":"<p><\/p>\n<p>Pilna festiv\u0101la filmu programma tiks public\u0113ta 17. septembr\u012b.<\/p>\n<p><\/p>","protected":false},"author":1,"featured_media":0,"parent":0,"menu_order":0,"comment_status":"closed","ping_status":"closed","template":"films_2024_jsonswearch.php","meta":{"_acf_changed":false,"inline_featured_image":false,"footnotes":""},"class_list":["post-35639","page","type-page","status-publish","hentry"],"acf":[],"_links":{"self":[{"href":"https:\/\/rigaiff.lv\/lv\/wp-json\/wp\/v2\/pages\/35639","targetHints":{"allow":["GET"]}}],"collection":[{"href":"https:\/\/rigaiff.lv\/lv\/wp-json\/wp\/v2\/pages"}],"about":[{"href":"https:\/\/rigaiff.lv\/lv\/wp-json\/wp\/v2\/types\/page"}],"author":[{"embeddable":true,"href":"https:\/\/rigaiff.lv\/lv\/wp-json\/wp\/v2\/users\/1"}],"replies":[{"embeddable":true,"href":"https:\/\/rigaiff.lv\/lv\/wp-json\/wp\/v2\/comments?post=35639"}],"version-history":[{"count":3,"href":"https:\/\/rigaiff.lv\/lv\/wp-json\/wp\/v2\/pages\/35639\/revisions"}],"predecessor-version":[{"id":37190,"href":"https:\/\/rigaiff.lv\/lv\/wp-json\/wp\/v2\/pages\/35639\/revisions\/37190"}],"wp:attachment":[{"href":"https:\/\/rigaiff.lv\/lv\/wp-json\/wp\/v2\/media?parent=35639"}],"curies":[{"name":"wp","href":"https:\/\/api.w.org\/{rel}","templated":true}]}}