{"id":3646,"date":"2018-07-20T09:34:41","date_gmt":"2018-07-20T06:34:41","guid":{"rendered":"http:\/\/rigaiff.lv\/2018\/?page_id=3646"},"modified":"2025-10-27T19:11:20","modified_gmt":"2025-10-27T17:11:20","slug":"frontpage_b-2","status":"publish","type":"page","link":"https:\/\/rigaiff.lv\/lv\/","title":{"rendered":"Drosm\u012bgi kinematogr\u0101fiski piedz\u012bvojumi"},"content":{"rendered":"","protected":false},"excerpt":{"rendered":"","protected":false},"author":1,"featured_media":0,"parent":0,"menu_order":0,"comment_status":"closed","ping_status":"closed","template":"frontpage_2025_postfest.php","meta":{"_acf_changed":false,"inline_featured_image":false,"footnotes":""},"class_list":["post-3646","page","type-page","status-publish","hentry"],"acf":{"lottie_json_file":"https:\/\/rigaiff.lv\/wp-content\/uploads\/2023\/06\/OPENCALL.json","early_birds_films_title":"","early_birds_films":[42746,42748,42347,40959,42582,42787,41332,41327,41378],"early_birds_films_button_title":"Visas filmas","early_birds_description":"<p>Latvijas liel\u0101k\u0101s kino svin\u012bbas, R\u012bgas Starptautiskais kino festiv\u0101ls (RIGA IFF), no 16. l\u012bdz 26. oktobrim kino cien\u012bt\u0101jiem vair\u0101k nek\u0101 100 seansos pied\u0101v\u0101s drosm\u012bgus un svaigus autoru skat\u012bjumus no pasaules un Eiropas kinom\u0101kslas. Paral\u0113li norit\u0113s ar\u012b pas\u0101kumu programma kino nozares profesion\u0101\u013ciem, k\u0101 ar\u012b publisku pas\u0101kumu kopums pla\u0161\u0101kai sabiedr\u012bbai. Ar vadmot\u012bvu \u201cSEE. SHIFT. BECOME.\u201d jeb \u201cREDZI. MAINIES. P\u0100RTOPI.\u201d festiv\u0101la komanda \u0161ogad piev\u0113r\u0161as st\u0101voklim, k\u0101d\u0101 non\u0101k skat\u012bt\u0101js, \u013caujoties festiv\u0101la pied\u0101v\u0101tajiem kinematogr\u0101fiskiem piedz\u012bvojumiem.\u00a0<\/p>\n","early_birds_image_slider":false,"hero_mode":"embed","hero_image":{"ID":42328,"id":42328,"title":"centre of the spiral still 06","filename":"Made_Kirils_red_still.jpg","filesize":645844,"url":"https:\/\/rigaiff.lv\/wp-content\/uploads\/2025\/08\/Made_Kirils_red_still.jpg","link":"https:\/\/rigaiff.lv\/wp-content\/uploads\/2025\/08\/Made_Kirils_red_still.jpg","alt":"","author":"21","description":"","caption":"","name":"388cc4e9f36f4b9db9f20b9f25e219ee","status":"inherit","uploaded_to":3646,"date":"2025-08-22 22:59:22","modified":"2025-09-12 12:12:22","menu_order":0,"mime_type":"image\/jpeg","type":"image","subtype":"jpeg","icon":"https:\/\/rigaiff.lv\/wp-includes\/images\/media\/default.png","width":1918,"height":1036,"sizes":{"thumbnail":"https:\/\/rigaiff.lv\/wp-content\/uploads\/2025\/08\/Made_Kirils_red_still-150x150.jpg","thumbnail-width":150,"thumbnail-height":150,"medium":"https:\/\/rigaiff.lv\/wp-content\/uploads\/2025\/08\/Made_Kirils_red_still-250x135.jpg","medium-width":250,"medium-height":135,"medium_large":"https:\/\/rigaiff.lv\/wp-content\/uploads\/2025\/08\/Made_Kirils_red_still-768x415.jpg","medium_large-width":768,"medium_large-height":415,"large":"https:\/\/rigaiff.lv\/wp-content\/uploads\/2025\/08\/Made_Kirils_red_still-1500x810.jpg","large-width":900,"large-height":486,"1536x1536":"https:\/\/rigaiff.lv\/wp-content\/uploads\/2025\/08\/Made_Kirils_red_still-1536x830.jpg","1536x1536-width":1536,"1536x1536-height":830,"2048x2048":"https:\/\/rigaiff.lv\/wp-content\/uploads\/2025\/08\/Made_Kirils_red_still.jpg","2048x2048-width":1918,"2048x2048-height":1036,"large1200":"https:\/\/rigaiff.lv\/wp-content\/uploads\/2025\/08\/Made_Kirils_red_still-1200x648.jpg","large1200-width":1200,"large1200-height":648,"large1800":"https:\/\/rigaiff.lv\/wp-content\/uploads\/2025\/08\/Made_Kirils_red_still-1800x972.jpg","large1800-width":1800,"large1800-height":972,"small":"https:\/\/rigaiff.lv\/wp-content\/uploads\/2025\/08\/Made_Kirils_red_still-120x65.jpg","small-width":120,"small-height":65,"uncompressed":"https:\/\/rigaiff.lv\/wp-content\/uploads\/2025\/08\/Made_Kirils_red_still.jpg","uncompressed-width":1918,"uncompressed-height":1036,"custom-size":"https:\/\/rigaiff.lv\/wp-content\/uploads\/2025\/08\/Made_Kirils_red_still-700x200.jpg","custom-size-width":700,"custom-size-height":200}},"embed_url":"https:\/\/youtu.be\/m3Owm4OOCiY","hero_pre-heading":"Zi\u0146as","hero_heading":"Pieejamas pirm\u0101s bi\u013cetes uz RIGA IFF seansiem!","hero_url":"https:\/\/rigaiff.lv\/lv\/films-2025","early_birds_offer_title":"Bi\u013ce\u0161u komplekti un abonementi","news_selection":false,"early_birds_films_description":""},"_links":{"self":[{"href":"https:\/\/rigaiff.lv\/lv\/wp-json\/wp\/v2\/pages\/3646","targetHints":{"allow":["GET"]}}],"collection":[{"href":"https:\/\/rigaiff.lv\/lv\/wp-json\/wp\/v2\/pages"}],"about":[{"href":"https:\/\/rigaiff.lv\/lv\/wp-json\/wp\/v2\/types\/page"}],"author":[{"embeddable":true,"href":"https:\/\/rigaiff.lv\/lv\/wp-json\/wp\/v2\/users\/1"}],"replies":[{"embeddable":true,"href":"https:\/\/rigaiff.lv\/lv\/wp-json\/wp\/v2\/comments?post=3646"}],"version-history":[{"count":150,"href":"https:\/\/rigaiff.lv\/lv\/wp-json\/wp\/v2\/pages\/3646\/revisions"}],"predecessor-version":[{"id":44095,"href":"https:\/\/rigaiff.lv\/lv\/wp-json\/wp\/v2\/pages\/3646\/revisions\/44095"}],"wp:attachment":[{"href":"https:\/\/rigaiff.lv\/lv\/wp-json\/wp\/v2\/media?parent=3646"}],"curies":[{"name":"wp","href":"https:\/\/api.w.org\/{rel}","templated":true}]}}