{"id":3674,"date":"2018-07-24T12:40:02","date_gmt":"2018-07-24T09:40:02","guid":{"rendered":"http:\/\/rigaiff.lv\/2018\/?page_id=3674"},"modified":"2020-05-09T11:12:02","modified_gmt":"2020-05-09T08:12:02","slug":"programmes","status":"publish","type":"page","link":"https:\/\/rigaiff.lv\/lv\/programme-2018","title":{"rendered":"Programma 2018"},"content":{"rendered":"<p><span>RIGA IFF brings together the Latvian and European film industries, developing film culture and film literacy in the capital and in the country, while also raising the bar for the festival&#8217;s production and content value.<\/span><\/p>","protected":false},"excerpt":{"rendered":"<p>RIGA IFF brings together the Latvian and European film industries, developing film culture and film literacy in the capital and in the country, while also raising the bar for the festival&#8217;s production and content value.<\/p>","protected":false},"author":1,"featured_media":1894,"parent":0,"menu_order":0,"comment_status":"closed","ping_status":"closed","template":"programme-2018.php","meta":{"_acf_changed":false,"inline_featured_image":false,"footnotes":""},"class_list":["post-3674","page","type-page","status-publish","has-post-thumbnail","hentry"],"acf":{"title-leg":"Programma","description-leg":"<p>Patlaban tiek r\u016bp\u012bgi gatavota festiv\u0101la programma, un mums jau \u0161obr\u012bd ir padom\u0101 vair\u0101ki jaunin\u0101jumi.<br \/>\nPagaid\u0101m aicin\u0101m iel\u016bkoties iepriek\u0161\u0113jo gadu filmu programm\u0101s!<\/p>\n"},"_links":{"self":[{"href":"https:\/\/rigaiff.lv\/lv\/wp-json\/wp\/v2\/pages\/3674","targetHints":{"allow":["GET"]}}],"collection":[{"href":"https:\/\/rigaiff.lv\/lv\/wp-json\/wp\/v2\/pages"}],"about":[{"href":"https:\/\/rigaiff.lv\/lv\/wp-json\/wp\/v2\/types\/page"}],"author":[{"embeddable":true,"href":"https:\/\/rigaiff.lv\/lv\/wp-json\/wp\/v2\/users\/1"}],"replies":[{"embeddable":true,"href":"https:\/\/rigaiff.lv\/lv\/wp-json\/wp\/v2\/comments?post=3674"}],"version-history":[{"count":0,"href":"https:\/\/rigaiff.lv\/lv\/wp-json\/wp\/v2\/pages\/3674\/revisions"}],"wp:featuredmedia":[{"embeddable":true,"href":"https:\/\/rigaiff.lv\/lv\/wp-json\/wp\/v2\/media\/1894"}],"wp:attachment":[{"href":"https:\/\/rigaiff.lv\/lv\/wp-json\/wp\/v2\/media?parent=3674"}],"curies":[{"name":"wp","href":"https:\/\/api.w.org\/{rel}","templated":true}]}}