{"id":3792,"date":"2018-08-01T17:59:43","date_gmt":"2018-08-01T14:59:43","guid":{"rendered":"http:\/\/rigaiff.lv\/2018\/?page_id=3792"},"modified":"2026-03-18T14:34:19","modified_gmt":"2026-03-18T12:34:19","slug":"about-the-festival","status":"publish","type":"page","link":"https:\/\/rigaiff.lv\/lv\/about-the-festival\/","title":{"rendered":"Par festiv\u0101lu"},"content":{"rendered":"","protected":false},"excerpt":{"rendered":"","protected":false},"author":1,"featured_media":8790,"parent":0,"menu_order":0,"comment_status":"closed","ping_status":"closed","template":"about.php","meta":{"_acf_changed":false,"inline_featured_image":false,"footnotes":""},"class_list":["post-3792","page","type-page","status-publish","has-post-thumbnail","hentry"],"acf":{"about_the_festival_description":"<p>RIGA IFF misija ir veidot starptautiski atpaz\u012bstamu kino notikumu, kas populariz\u0113 R\u012bgas t\u0113lu, bag\u0101tina Zieme\u013ceiropas re\u0123iona kult\u016brtelpu un veicina inteli\u0123entas, atv\u0113rtas un akt\u012bvas sabiedr\u012bbas att\u012bst\u012bbu.<\/p>\n<p>R\u012bgas Starptautiskais kino festiv\u0101ls ir dibin\u0101ts 2014. gad\u0101 un \u012bs\u0101 laik\u0101 k\u013cuvis par vienu no v\u0113rien\u012bg\u0101kajiem kult\u016bras notikumiem Latvij\u0101. Tie ir ikgad\u0113ji kino sv\u0113tki, kas starptautisko kino industriju iepaz\u012bstina ar aktu\u0101liem autordarbiem no Baltijas j\u016bras re\u0123iona un Zieme\u013cvalst\u012bm un pa\u0161m\u0101ju kino skat\u012bt\u0101ju ar pasaules aktualit\u0101t\u0113m. Festiv\u0101ls sekm\u0113 sabiedr\u012bbas interesi par aktu\u0101laj\u0101m noris\u0113m m\u016bsdienu kino ainav\u0101 un rosina dialogu starp skat\u012bt\u0101jiem un filmu rad\u012bt\u0101jiem.<\/p>\n<p>RIGA IFF programm\u0101 laikmet\u012bgais kino tiekas ar klasiku, un izaicino\u0161as debijas filmas ar festiv\u0101lu h\u012btiem, savuk\u0101rt industrijas sada\u013ca pied\u0101v\u0101 platformu, kur satikties kino speci\u0101listiem no visas pasaules, lai att\u012bst\u012btu ilgtsp\u0113j\u012bgas sadarb\u012bbas un risin\u0101tu kino n\u0101kotnes izaicin\u0101jumus.<\/p>\n<p>Festiv\u0101la starptautiskajos pilnmetr\u0101\u017eas, \u012bsmetr\u0101\u017eas un m\u016bzikas video konkursos kino profesion\u0101\u013cu \u017e\u016brija mekl\u0113 izteiksm\u012bgu autora rokrakstu un darbus, kas v\u0113sta par jaunaj\u0101m tendenc\u0113m un p\u0101rmai\u0146\u0101m kinovalod\u0101.<\/p>\n","festival_contacts_title":"Kontakti","box_1":"<p><strong>Klientu atbalsta centrs<\/strong><br \/>\nJaut\u0101jumiem par norisi un ieg\u0101d\u0101taj\u0101m bi\u013cet\u0113m vai abonementiem<br \/>\n<a href=\"mailto:atbalsts@rigaiff.lv\">atbalsts@rigaiff.lv<\/a><\/p>\n","box_2":"<p><strong>Visp\u0101r\u012bga inform\u0101cija:<\/strong><br \/>\n<a href=\"mailto:info@rigaiff.lv\">info@rigaiff.lv<\/a><\/p>\n","box_3":"<p><strong>Presei:<\/strong><br \/>\n<a href=\"mailto:press@rigaiff.lv\">press@rigaiff.lv<\/a><\/p>\n","box_4":"<p><strong>Pasta adrese:<\/strong><br \/>\nBazn\u012bcas iela 8-20<br \/>\nR\u012bga, LV-1010<br \/>\nLatvija<\/p>\n","team_title":"","team_image":"https:\/\/rigaiff.lv\/wp-content\/uploads\/2020\/10\/STR6941-clean-web-crop.jpg","departments":[{"department_title":"VAD\u012aBA","members":[{"member_photo":{"ID":20680,"id":20680,"title":"_STR7307-Edit","filename":"STR7307-Edit.jpg","filesize":2218616,"url":"https:\/\/rigaiff.lv\/wp-content\/uploads\/2021\/07\/STR7307-Edit.jpg","link":"https:\/\/rigaiff.lv\/wp-content\/uploads\/2021\/07\/STR7307-Edit.jpg","alt":"","author":"2","description":"","caption":"","name":"_str7307-edit","status":"inherit","uploaded_to":3792,"date":"2021-07-09 11:58:06","modified":"2021-07-09 11:58:06","menu_order":0,"mime_type":"image\/jpeg","type":"image","subtype":"jpeg","icon":"https:\/\/rigaiff.lv\/wp-includes\/images\/media\/default.png","width":2500,"height":1668,"sizes":{"thumbnail":"https:\/\/rigaiff.lv\/wp-content\/uploads\/2021\/07\/STR7307-Edit-150x150.jpg","thumbnail-width":150,"thumbnail-height":150,"medium":"https:\/\/rigaiff.lv\/wp-content\/uploads\/2021\/07\/STR7307-Edit-250x167.jpg","medium-width":250,"medium-height":167,"medium_large":"https:\/\/rigaiff.lv\/wp-content\/uploads\/2021\/07\/STR7307-Edit-768x512.jpg","medium_large-width":768,"medium_large-height":512,"large":"https:\/\/rigaiff.lv\/wp-content\/uploads\/2021\/07\/STR7307-Edit-1500x1001.jpg","large-width":900,"large-height":601,"1536x1536":"https:\/\/rigaiff.lv\/wp-content\/uploads\/2021\/07\/STR7307-Edit-1536x1025.jpg","1536x1536-width":1536,"1536x1536-height":1025,"2048x2048":"https:\/\/rigaiff.lv\/wp-content\/uploads\/2021\/07\/STR7307-Edit-2048x1366.jpg","2048x2048-width":2048,"2048x2048-height":1366,"large1200":"https:\/\/rigaiff.lv\/wp-content\/uploads\/2021\/07\/STR7307-Edit-1200x801.jpg","large1200-width":1200,"large1200-height":801,"large1800":"https:\/\/rigaiff.lv\/wp-content\/uploads\/2021\/07\/STR7307-Edit.jpg","large1800-width":1800,"large1800-height":1201,"small":"https:\/\/rigaiff.lv\/wp-content\/uploads\/2021\/07\/STR7307-Edit-120x80.jpg","small-width":120,"small-height":80,"uncompressed":"https:\/\/rigaiff.lv\/wp-content\/uploads\/2021\/07\/STR7307-Edit.jpg","uncompressed-width":2500,"uncompressed-height":1668,"custom-size":"https:\/\/rigaiff.lv\/wp-content\/uploads\/2021\/07\/STR7307-Edit-700x200.jpg","custom-size-width":700,"custom-size-height":200}},"url_parameter":"liene","member":"<p><strong>Liene Treimane<\/strong><br \/>\nFestiv\u0101la vad\u012bt\u0101ja<br \/>\nValdes locekle<br \/>\n<a href=\"mailto:liene@rigaiff.lv\">liene@rigaiff.lv<\/a><\/p>\n"},{"member_photo":{"ID":30126,"id":30126,"title":"_STR7127-Edit","filename":"STR7127-Edit.jpg","filesize":2376069,"url":"https:\/\/rigaiff.lv\/wp-content\/uploads\/2023\/05\/STR7127-Edit.jpg","link":"https:\/\/rigaiff.lv\/wp-content\/uploads\/2023\/05\/STR7127-Edit.jpg","alt":"","author":"21","description":"","caption":"","name":"7250d15f0cb946eaa9f71a39f86f23c8","status":"inherit","uploaded_to":3792,"date":"2023-05-09 08:22:20","modified":"2023-05-09 08:22:20","menu_order":0,"mime_type":"image\/jpeg","type":"image","subtype":"jpeg","icon":"https:\/\/rigaiff.lv\/wp-includes\/images\/media\/default.png","width":2500,"height":1668,"sizes":{"thumbnail":"https:\/\/rigaiff.lv\/wp-content\/uploads\/2023\/05\/STR7127-Edit-150x150.jpg","thumbnail-width":150,"thumbnail-height":150,"medium":"https:\/\/rigaiff.lv\/wp-content\/uploads\/2023\/05\/STR7127-Edit-250x167.jpg","medium-width":250,"medium-height":167,"medium_large":"https:\/\/rigaiff.lv\/wp-content\/uploads\/2023\/05\/STR7127-Edit-768x512.jpg","medium_large-width":768,"medium_large-height":512,"large":"https:\/\/rigaiff.lv\/wp-content\/uploads\/2023\/05\/STR7127-Edit-1500x1001.jpg","large-width":900,"large-height":601,"1536x1536":"https:\/\/rigaiff.lv\/wp-content\/uploads\/2023\/05\/STR7127-Edit-1536x1025.jpg","1536x1536-width":1536,"1536x1536-height":1025,"2048x2048":"https:\/\/rigaiff.lv\/wp-content\/uploads\/2023\/05\/STR7127-Edit-2048x1366.jpg","2048x2048-width":2048,"2048x2048-height":1366,"large1200":"https:\/\/rigaiff.lv\/wp-content\/uploads\/2023\/05\/STR7127-Edit-1200x801.jpg","large1200-width":1200,"large1200-height":801,"large1800":"https:\/\/rigaiff.lv\/wp-content\/uploads\/2023\/05\/STR7127-Edit-1800x1201.jpg","large1800-width":1800,"large1800-height":1201,"small":"https:\/\/rigaiff.lv\/wp-content\/uploads\/2023\/05\/STR7127-Edit-120x80.jpg","small-width":120,"small-height":80,"uncompressed":"https:\/\/rigaiff.lv\/wp-content\/uploads\/2023\/05\/STR7127-Edit.jpg","uncompressed-width":2500,"uncompressed-height":1668,"custom-size":"https:\/\/rigaiff.lv\/wp-content\/uploads\/2023\/05\/STR7127-Edit-700x200.jpg","custom-size-width":700,"custom-size-height":200}},"url_parameter":"sonora","member":"<p><strong>Sonora Broka<\/strong><br \/>\nRado\u0161\u0101 direktore<br \/>\nFilmu programmas vad\u012bt\u0101ja<br \/>\n<a href=\"mailto:sonora@rigaiff.lv\">sonora@rigaiff.lv<\/a><\/p>\n"}]},{"department_title":"ADMINISTR\u0100CIJA \/ MENED\u017dMENTS","members":[{"member_photo":{"ID":30129,"id":30129,"title":"IMG_6807-2","filename":"IMG_6807-2-scaled.jpg","filesize":274531,"url":"https:\/\/rigaiff.lv\/wp-content\/uploads\/2023\/05\/IMG_6807-2-scaled.jpg","link":"https:\/\/rigaiff.lv\/wp-content\/uploads\/2023\/05\/IMG_6807-2-scaled.jpg","alt":"","author":"21","description":"","caption":"","name":"83d1e449ddc4407d8f9cae8416191dd7","status":"inherit","uploaded_to":3792,"date":"2023-05-09 08:23:02","modified":"2023-05-09 08:23:02","menu_order":0,"mime_type":"image\/jpeg","type":"image","subtype":"jpeg","icon":"https:\/\/rigaiff.lv\/wp-includes\/images\/media\/default.png","width":2560,"height":1707,"sizes":{"thumbnail":"https:\/\/rigaiff.lv\/wp-content\/uploads\/2023\/05\/IMG_6807-2-150x150.jpg","thumbnail-width":150,"thumbnail-height":150,"medium":"https:\/\/rigaiff.lv\/wp-content\/uploads\/2023\/05\/IMG_6807-2-250x167.jpg","medium-width":250,"medium-height":167,"medium_large":"https:\/\/rigaiff.lv\/wp-content\/uploads\/2023\/05\/IMG_6807-2-768x512.jpg","medium_large-width":768,"medium_large-height":512,"large":"https:\/\/rigaiff.lv\/wp-content\/uploads\/2023\/05\/IMG_6807-2-1500x1000.jpg","large-width":900,"large-height":600,"1536x1536":"https:\/\/rigaiff.lv\/wp-content\/uploads\/2023\/05\/IMG_6807-2-1536x1024.jpg","1536x1536-width":1536,"1536x1536-height":1024,"2048x2048":"https:\/\/rigaiff.lv\/wp-content\/uploads\/2023\/05\/IMG_6807-2-2048x1365.jpg","2048x2048-width":2048,"2048x2048-height":1365,"large1200":"https:\/\/rigaiff.lv\/wp-content\/uploads\/2023\/05\/IMG_6807-2-1200x800.jpg","large1200-width":1200,"large1200-height":800,"large1800":"https:\/\/rigaiff.lv\/wp-content\/uploads\/2023\/05\/IMG_6807-2-1800x1200.jpg","large1800-width":1800,"large1800-height":1200,"small":"https:\/\/rigaiff.lv\/wp-content\/uploads\/2023\/05\/IMG_6807-2-120x80.jpg","small-width":120,"small-height":80,"uncompressed":"https:\/\/rigaiff.lv\/wp-content\/uploads\/2023\/05\/IMG_6807-2-scaled.jpg","uncompressed-width":2560,"uncompressed-height":1707,"custom-size":"https:\/\/rigaiff.lv\/wp-content\/uploads\/2023\/05\/IMG_6807-2-700x200.jpg","custom-size-width":700,"custom-size-height":200}},"url_parameter":"marta","member":"<p><strong>Marta Lu\u012bza Treimane<br \/>\n<\/strong><!--td {border: 1px solid #cccccc;}br {mso-data-placement:same-cell;}-->Projektu koordinatore, filmu izplat\u012b\u0161anas mened\u017eere<br \/>\n<a href=\"mailto:marta@rigaiff.lv\">marta@rigaiff.lv<\/a><\/p>\n"},{"member_photo":false,"url_parameter":"","member":"<p><strong>El\u012bna Gr\u016bbe<\/strong><br \/>\nJuriste, lietvede<br \/>\n<a href=\"mailto:elina@rigaiff.lv\">elina@rigaiff.lv<\/a><\/p>\n"}]},{"department_title":"AUDITORIJAS & VIESU SERVISS","members":[{"member_photo":false,"url_parameter":"","member":"<p><strong>Kristafers Zei\u013cuks<\/strong><br \/>\nAuditorijas un viesu servisa vad\u012bt\u0101js<br \/>\n<a href=\"mailto:kristafers@rigaiff.lv\">kristafers@rigaiff.lv<\/a><\/p>\n"},{"member_photo":false,"url_parameter":"","member":"<p><b>Gr\u0113ta Greb\u017ee<br \/>\n<\/b>Auditorijas servisa mened\u017eere<\/p>\n"},{"member_photo":false,"url_parameter":"","member":"<p><b>Vita Valheima<br \/>\n<\/b>Viesu servisa mened\u017eere<br \/>\n<a href=\"mailto:vita@rigaiff.lv\">vita@rigaiff.lv<\/a><\/p>\n"},{"member_photo":false,"url_parameter":"","member":"<p><b>Jana \u0160iklova<br \/>\n<\/b>Viesu servisa koordinatore<\/p>\n"},{"member_photo":false,"url_parameter":"","member":"<p><strong>Daiga Liv\u010d\u0101ne<br \/>\n<\/strong>Br\u012bvpr\u0101t\u012bgo departamenta vad\u012bt\u0101ja<br \/>\n<a href=\"mailto:daiga@rigaiff.lv\">daiga@rigaiff.lv<\/a><\/p>\n"},{"member_photo":false,"url_parameter":"","member":"<p><!--td {border: 1px solid #cccccc;}br {mso-data-placement:same-cell;}--><strong>Kar\u012bna Ze\u013conka<\/strong><br \/>\nBr\u012bvpr\u0101t\u012bgo darba koordinatore un kinoz\u0101\u013cu administratoru mened\u017eere<\/p>\n"}]},{"department_title":"NORISE","members":[{"member_photo":false,"url_parameter":"","member":"<p><strong>Dita Birken\u0161teina<\/strong><br \/>\nNori\u0161u producente<br \/>\n<a href=\"mailto:dita@rigaiff.lv\">dita@rigaiff.lv<\/a><\/p>\n"},{"member_photo":false,"url_parameter":"","member":"<p><strong>J\u0101nis \u017dagari\u0146\u0161<\/strong><br \/>\nTehniskais producents<br \/>\n<a href=\"mailto:zagarins@rigaiff.lv\">zagarins@rigaiff.lv<\/a><\/p>\n"},{"member_photo":false,"url_parameter":"","member":"<p><strong>Aiva T\u0101lberga<\/strong><br \/>\nProducentu asistente<\/p>\n"},{"member_photo":false,"url_parameter":"","member":"<p><strong>Nikl\u0101vs \u0160\u016bpols<\/strong><br \/>\n<!--td {border: 1px solid #cccccc;}br {mso-data-placement:same-cell;}-->Tehnisk\u0101 producenta asistensts<\/p>\n"},{"member_photo":false,"url_parameter":"","member":"<p><strong>Sab\u012bne Veldre<\/strong><br \/>\nForum Cinemas seansu koordinatore<\/p>\n"}]},{"department_title":"PROGRAMMA","members":[{"member_photo":{"ID":30127,"id":30127,"title":"_STR7208","filename":"STR7208.jpg","filesize":2127979,"url":"https:\/\/rigaiff.lv\/wp-content\/uploads\/2023\/05\/STR7208.jpg","link":"https:\/\/rigaiff.lv\/wp-content\/uploads\/2023\/05\/STR7208.jpg","alt":"","author":"21","description":"","caption":"","name":"08b088b6282c4826b72260d32afa6d09","status":"inherit","uploaded_to":3792,"date":"2023-05-09 08:22:29","modified":"2023-05-09 08:22:29","menu_order":0,"mime_type":"image\/jpeg","type":"image","subtype":"jpeg","icon":"https:\/\/rigaiff.lv\/wp-includes\/images\/media\/default.png","width":2500,"height":1668,"sizes":{"thumbnail":"https:\/\/rigaiff.lv\/wp-content\/uploads\/2023\/05\/STR7208-150x150.jpg","thumbnail-width":150,"thumbnail-height":150,"medium":"https:\/\/rigaiff.lv\/wp-content\/uploads\/2023\/05\/STR7208-250x167.jpg","medium-width":250,"medium-height":167,"medium_large":"https:\/\/rigaiff.lv\/wp-content\/uploads\/2023\/05\/STR7208-768x512.jpg","medium_large-width":768,"medium_large-height":512,"large":"https:\/\/rigaiff.lv\/wp-content\/uploads\/2023\/05\/STR7208-1500x1001.jpg","large-width":900,"large-height":601,"1536x1536":"https:\/\/rigaiff.lv\/wp-content\/uploads\/2023\/05\/STR7208-1536x1025.jpg","1536x1536-width":1536,"1536x1536-height":1025,"2048x2048":"https:\/\/rigaiff.lv\/wp-content\/uploads\/2023\/05\/STR7208-2048x1366.jpg","2048x2048-width":2048,"2048x2048-height":1366,"large1200":"https:\/\/rigaiff.lv\/wp-content\/uploads\/2023\/05\/STR7208-1200x801.jpg","large1200-width":1200,"large1200-height":801,"large1800":"https:\/\/rigaiff.lv\/wp-content\/uploads\/2023\/05\/STR7208-1800x1201.jpg","large1800-width":1800,"large1800-height":1201,"small":"https:\/\/rigaiff.lv\/wp-content\/uploads\/2023\/05\/STR7208-120x80.jpg","small-width":120,"small-height":80,"uncompressed":"https:\/\/rigaiff.lv\/wp-content\/uploads\/2023\/05\/STR7208.jpg","uncompressed-width":2500,"uncompressed-height":1668,"custom-size":"https:\/\/rigaiff.lv\/wp-content\/uploads\/2023\/05\/STR7208-700x200.jpg","custom-size-width":700,"custom-size-height":200}},"url_parameter":"kristine","member":"<p><strong>Krist\u012bne Simsone<\/strong><br \/>\nRIGA IFF SHOWCASE vad\u012bt\u0101ja<br \/>\n<a href=\"mailto:kristine@rigaiff.lv\">kristine@rigaiff.lv<\/a><\/p>\n"},{"member_photo":{"ID":20682,"id":20682,"title":"_STR7259-Edit","filename":"STR7259-Edit.jpg","filesize":2412424,"url":"https:\/\/rigaiff.lv\/wp-content\/uploads\/2021\/07\/STR7259-Edit.jpg","link":"https:\/\/rigaiff.lv\/wp-content\/uploads\/2021\/07\/STR7259-Edit.jpg","alt":"","author":"2","description":"","caption":"","name":"_str7259-edit","status":"inherit","uploaded_to":3792,"date":"2021-07-12 07:50:45","modified":"2021-07-12 07:50:45","menu_order":0,"mime_type":"image\/jpeg","type":"image","subtype":"jpeg","icon":"https:\/\/rigaiff.lv\/wp-includes\/images\/media\/default.png","width":2500,"height":1668,"sizes":{"thumbnail":"https:\/\/rigaiff.lv\/wp-content\/uploads\/2021\/07\/STR7259-Edit-150x150.jpg","thumbnail-width":150,"thumbnail-height":150,"medium":"https:\/\/rigaiff.lv\/wp-content\/uploads\/2021\/07\/STR7259-Edit-250x167.jpg","medium-width":250,"medium-height":167,"medium_large":"https:\/\/rigaiff.lv\/wp-content\/uploads\/2021\/07\/STR7259-Edit-768x512.jpg","medium_large-width":768,"medium_large-height":512,"large":"https:\/\/rigaiff.lv\/wp-content\/uploads\/2021\/07\/STR7259-Edit-1500x1001.jpg","large-width":900,"large-height":601,"1536x1536":"https:\/\/rigaiff.lv\/wp-content\/uploads\/2021\/07\/STR7259-Edit-1536x1025.jpg","1536x1536-width":1536,"1536x1536-height":1025,"2048x2048":"https:\/\/rigaiff.lv\/wp-content\/uploads\/2021\/07\/STR7259-Edit-2048x1366.jpg","2048x2048-width":2048,"2048x2048-height":1366,"large1200":"https:\/\/rigaiff.lv\/wp-content\/uploads\/2021\/07\/STR7259-Edit-1200x801.jpg","large1200-width":1200,"large1200-height":801,"large1800":"https:\/\/rigaiff.lv\/wp-content\/uploads\/2021\/07\/STR7259-Edit.jpg","large1800-width":1800,"large1800-height":1201,"small":"https:\/\/rigaiff.lv\/wp-content\/uploads\/2021\/07\/STR7259-Edit-120x80.jpg","small-width":120,"small-height":80,"uncompressed":"https:\/\/rigaiff.lv\/wp-content\/uploads\/2021\/07\/STR7259-Edit.jpg","uncompressed-width":2500,"uncompressed-height":1668,"custom-size":"https:\/\/rigaiff.lv\/wp-content\/uploads\/2021\/07\/STR7259-Edit-700x200.jpg","custom-size-width":700,"custom-size-height":200}},"url_parameter":"lauma","member":"<p><strong>Lauma Kaudz\u012bte<\/strong><br \/>\nRIGA IFF \u012bsfilmu programmas un SHORT RIGA Test Screenings vad\u012bt\u0101ja<br \/>\n<a href=\"mailto:lauma@rigaiff.lv\">lauma@rigaiff.lv<\/a><\/p>\n"},{"member_photo":{"ID":30131,"id":30131,"title":"Portrait Leo TIFF BW","filename":"Portrait-Leo-TIFF-BW.jpg","filesize":2014877,"url":"https:\/\/rigaiff.lv\/wp-content\/uploads\/2023\/05\/Portrait-Leo-TIFF-BW.jpg","link":"https:\/\/rigaiff.lv\/wp-content\/uploads\/2023\/05\/Portrait-Leo-TIFF-BW.jpg","alt":"","author":"21","description":"","caption":"","name":"6b033f80302440cfb978d0b0aa242086","status":"inherit","uploaded_to":3792,"date":"2023-05-09 08:23:25","modified":"2023-05-09 08:23:25","menu_order":0,"mime_type":"image\/jpeg","type":"image","subtype":"jpeg","icon":"https:\/\/rigaiff.lv\/wp-includes\/images\/media\/default.png","width":2107,"height":2107,"sizes":{"thumbnail":"https:\/\/rigaiff.lv\/wp-content\/uploads\/2023\/05\/Portrait-Leo-TIFF-BW-150x150.jpg","thumbnail-width":150,"thumbnail-height":150,"medium":"https:\/\/rigaiff.lv\/wp-content\/uploads\/2023\/05\/Portrait-Leo-TIFF-BW-250x250.jpg","medium-width":250,"medium-height":250,"medium_large":"https:\/\/rigaiff.lv\/wp-content\/uploads\/2023\/05\/Portrait-Leo-TIFF-BW-768x768.jpg","medium_large-width":768,"medium_large-height":768,"large":"https:\/\/rigaiff.lv\/wp-content\/uploads\/2023\/05\/Portrait-Leo-TIFF-BW-1500x1500.jpg","large-width":900,"large-height":900,"1536x1536":"https:\/\/rigaiff.lv\/wp-content\/uploads\/2023\/05\/Portrait-Leo-TIFF-BW-1536x1536.jpg","1536x1536-width":1536,"1536x1536-height":1536,"2048x2048":"https:\/\/rigaiff.lv\/wp-content\/uploads\/2023\/05\/Portrait-Leo-TIFF-BW-2048x2048.jpg","2048x2048-width":2048,"2048x2048-height":2048,"large1200":"https:\/\/rigaiff.lv\/wp-content\/uploads\/2023\/05\/Portrait-Leo-TIFF-BW-1200x1200.jpg","large1200-width":1200,"large1200-height":1200,"large1800":"https:\/\/rigaiff.lv\/wp-content\/uploads\/2023\/05\/Portrait-Leo-TIFF-BW-1800x1800.jpg","large1800-width":1800,"large1800-height":1800,"small":"https:\/\/rigaiff.lv\/wp-content\/uploads\/2023\/05\/Portrait-Leo-TIFF-BW-120x120.jpg","small-width":120,"small-height":120,"uncompressed":"https:\/\/rigaiff.lv\/wp-content\/uploads\/2023\/05\/Portrait-Leo-TIFF-BW.jpg","uncompressed-width":2107,"uncompressed-height":2107,"custom-size":"https:\/\/rigaiff.lv\/wp-content\/uploads\/2023\/05\/Portrait-Leo-TIFF-BW-700x200.jpg","custom-size-width":700,"custom-size-height":200}},"url_parameter":"leo","member":"<p><strong>Leo Soesanto<\/strong><br \/>\nRIGA IFF \u012bsfilmu konkursu kurators<br \/>\n<a href=\"mailto:leo@rigaiff.lv\">leo@rigaiff.lv<\/a><\/p>\n"},{"member_photo":false,"url_parameter":"","member":"<p><!--td {border: 1px solid #cccccc;}br {mso-data-placement:same-cell;}--><strong>Lenka Tyrp\u00e1kov\u00e1<br \/>\n<\/strong>SHORT RIGA Test Screenings kuratore<br \/>\n<a href=\"mailto:lenka@rigaiff.lv\">lenka@rigaiff.lv<\/a><\/p>\n"},{"member_photo":false,"url_parameter":"","member":"<p><strong>\u017danete Skarule<\/strong><br \/>\nBaltic Music Video konkursa kuratore<\/p>\n"},{"member_photo":{"ID":30132,"id":30132,"title":"D\u0101rta_foto autors Ivars Krasts","filename":"Darta_foto-autors-Ivars-Krasts-scaled-e1683621180881.jpg","filesize":517662,"url":"https:\/\/rigaiff.lv\/wp-content\/uploads\/2023\/05\/Darta_foto-autors-Ivars-Krasts-scaled-e1683621180881.jpg","link":"https:\/\/rigaiff.lv\/wp-content\/uploads\/2023\/05\/Darta_foto-autors-Ivars-Krasts-scaled-e1683621180881.jpg","alt":"","author":"21","description":"","caption":"","name":"54b64be9812c4736b25cdada70b68b36","status":"inherit","uploaded_to":3792,"date":"2023-05-09 08:24:53","modified":"2023-05-09 08:24:53","menu_order":0,"mime_type":"image\/jpeg","type":"image","subtype":"jpeg","icon":"https:\/\/rigaiff.lv\/wp-includes\/images\/media\/default.png","width":1707,"height":1952,"sizes":{"thumbnail":"https:\/\/rigaiff.lv\/wp-content\/uploads\/2023\/05\/Darta_foto-autors-Ivars-Krasts-scaled-e1683621180881-150x150.jpg","thumbnail-width":150,"thumbnail-height":150,"medium":"https:\/\/rigaiff.lv\/wp-content\/uploads\/2023\/05\/Darta_foto-autors-Ivars-Krasts-scaled-e1683621180881-250x286.jpg","medium-width":250,"medium-height":286,"medium_large":"https:\/\/rigaiff.lv\/wp-content\/uploads\/2023\/05\/Darta_foto-autors-Ivars-Krasts-scaled-e1683621180881-768x878.jpg","medium_large-width":768,"medium_large-height":878,"large":"https:\/\/rigaiff.lv\/wp-content\/uploads\/2023\/05\/Darta_foto-autors-Ivars-Krasts-scaled-e1683621180881-1500x1715.jpg","large-width":900,"large-height":1029,"1536x1536":"https:\/\/rigaiff.lv\/wp-content\/uploads\/2023\/05\/Darta_foto-autors-Ivars-Krasts-scaled-e1683621180881-1343x1536.jpg","1536x1536-width":1343,"1536x1536-height":1536,"2048x2048":"https:\/\/rigaiff.lv\/wp-content\/uploads\/2023\/05\/Darta_foto-autors-Ivars-Krasts-1365x2048.jpg","2048x2048-width":1365,"2048x2048-height":2048,"large1200":"https:\/\/rigaiff.lv\/wp-content\/uploads\/2023\/05\/Darta_foto-autors-Ivars-Krasts-scaled-e1683621180881-1200x1372.jpg","large1200-width":1200,"large1200-height":1372,"large1800":"https:\/\/rigaiff.lv\/wp-content\/uploads\/2023\/05\/Darta_foto-autors-Ivars-Krasts-scaled-e1683621180881.jpg","large1800-width":1707,"large1800-height":1952,"small":"https:\/\/rigaiff.lv\/wp-content\/uploads\/2023\/05\/Darta_foto-autors-Ivars-Krasts-scaled-e1683621180881-120x137.jpg","small-width":120,"small-height":137,"uncompressed":"https:\/\/rigaiff.lv\/wp-content\/uploads\/2023\/05\/Darta_foto-autors-Ivars-Krasts-scaled-e1683621180881.jpg","uncompressed-width":1707,"uncompressed-height":1952,"custom-size":"https:\/\/rigaiff.lv\/wp-content\/uploads\/2023\/05\/Darta_foto-autors-Ivars-Krasts-scaled-e1683621180881-700x200.jpg","custom-size-width":700,"custom-size-height":200}},"url_parameter":"darta","member":"<p><strong>D\u0101rta Ceri\u0146a<\/strong><br \/>\nKuratore, filmu kataloga autore<br \/>\n<a href=\"mailto:darta@rigaiff.lv\">darta@rigaiff.lv<\/a><\/p>\n"},{"member_photo":false,"url_parameter":"","member":"<p><strong>Landa Lagzdi\u0146a<\/strong><br \/>\nRIGA IFF SHOWCASE koordinatore<\/p>\n"}]},{"department_title":"KOMUNIK\u0100CIJA","members":[{"member_photo":false,"url_parameter":"","member":"<p><strong>Kaspars Kursi\u0161s<\/strong><br \/>\nM\u0101rketinga un komunik\u0101cijas vad\u012bt\u0101js<br \/>\n<a href=\"mailto:kaspars@rigaiff.lv\">kaspars@rigaiff.lv<\/a><\/p>\n"},{"member_photo":false,"url_parameter":"","member":"<p><strong>Aldona Jak\u0161ta<br \/>\n<\/strong><!--td {border: 1px solid #cccccc;}br {mso-data-placement:same-cell;}-->Publicit\u0101tes mened\u017eere<br \/>\n<a href=\"mailto:aldona@rigaiff.lv\">aldona@rigaiff.lv<\/a><\/p>\n"},{"member_photo":false,"url_parameter":"","member":"<p><b>Una Zvirbule<br \/>\n<\/b>Komunik\u0101cijas speci\u0101liste<br \/>\n<a href=\"mailto:una@rigaiff.lv\">una@rigaiff.lv<\/a><\/p>\n"},{"member_photo":false,"url_parameter":"","member":"<p><strong>Valters Kalsers<\/strong><br \/>\nDizainers<\/p>\n"},{"member_photo":false,"url_parameter":"","member":"<p><strong>Agnese Bebre<\/strong><br \/>\nDizainere<\/p>\n"},{"member_photo":false,"url_parameter":"","member":"<p><strong>L\u012bva P\u0113tersone<br \/>\n<\/strong><!--td {border: 1px solid #cccccc;}br {mso-data-placement:same-cell;}-->Komunik\u0101cijas tekstu tulkot\u0101ja ang\u013cu valod\u0101<\/p>\n"},{"member_photo":false,"url_parameter":"","member":"<p><strong>Kintija Rod\u017eersa<\/strong><br \/>\nKomunik\u0101cijas tekstu tulkot\u0101ja ang\u013cu valod\u0101<\/p>\n"},{"member_photo":false,"url_parameter":"","member":"<p><strong>Krists Kondr\u0101ts<\/strong><br \/>\nM\u0101jaslapas izstr\u0101d\u0101t\u0101js<\/p>\n"},{"member_photo":false,"url_parameter":"","member":"<p><strong>Ervins Broks<\/strong><br \/>\nRIGA IFF Balvas m\u0101kslinieks<\/p>\n"},{"member_photo":false,"url_parameter":"","member":"<p><strong>Art\u016brs Liepi\u0146\u0161<\/strong><br \/>\nRIGA IFF audio m\u0101kslinieks<\/p>\n"},{"member_photo":false,"url_parameter":"","member":"<p><strong>Valters Kristovskis<\/strong><br \/>\nFotogr\u0101fs<\/p>\n"},{"member_photo":false,"url_parameter":"","member":"<p><!--td {border: 1px solid #cccccc;}br {mso-data-placement:same-cell;}--><strong>Agneta Ragauska<br \/>\n<\/strong>Fotogr\u0101fe<\/p>\n"},{"member_photo":false,"url_parameter":"","member":"<p><strong>And\u017eelika Bondare<\/strong><br \/>\nFotogr\u0101fe<\/p>\n"},{"member_photo":false,"url_parameter":"","member":"<p><strong>El\u012bna \u0160pura<br \/>\n<\/strong>Audiovizu\u0101lo materi\u0101lu mont\u0101\u017ea<\/p>\n"}]},{"department_title":"FILMU TEHNISKAIS DEPARTAMENTS","members":[{"member_photo":false,"url_parameter":"","member":"<p><b>Agnese Zap\u0101ne<br \/>\n<\/b>Filmu b\u0101zes vad\u012bt\u0101ja<br \/>\n<a href=\"mailto:agnesezapane@rigaiff.lv\">agnesezapane@rigaiff.lv<\/a><\/p>\n"},{"member_photo":false,"url_parameter":"","member":"<p><b>Laura Ziemele<br \/>\n<\/b>Filmu tulkojumu departamenta vad\u012bt\u0101ja un komunik\u0101cijas tekstu redaktore ang\u013cu valod\u0101<\/p>\n"},{"member_photo":false,"url_parameter":"","member":"<p><b>Kristaps L\u012bcis<br \/>\n<\/b><b><\/b>Filmu b\u0101zes mened\u017eeris<\/p>\n"}]}],"hello_text":"Hello, my name is..."},"_links":{"self":[{"href":"https:\/\/rigaiff.lv\/lv\/wp-json\/wp\/v2\/pages\/3792","targetHints":{"allow":["GET"]}}],"collection":[{"href":"https:\/\/rigaiff.lv\/lv\/wp-json\/wp\/v2\/pages"}],"about":[{"href":"https:\/\/rigaiff.lv\/lv\/wp-json\/wp\/v2\/types\/page"}],"author":[{"embeddable":true,"href":"https:\/\/rigaiff.lv\/lv\/wp-json\/wp\/v2\/users\/1"}],"replies":[{"embeddable":true,"href":"https:\/\/rigaiff.lv\/lv\/wp-json\/wp\/v2\/comments?post=3792"}],"version-history":[{"count":34,"href":"https:\/\/rigaiff.lv\/lv\/wp-json\/wp\/v2\/pages\/3792\/revisions"}],"predecessor-version":[{"id":44871,"href":"https:\/\/rigaiff.lv\/lv\/wp-json\/wp\/v2\/pages\/3792\/revisions\/44871"}],"wp:featuredmedia":[{"embeddable":true,"href":"https:\/\/rigaiff.lv\/lv\/wp-json\/wp\/v2\/media\/8790"}],"wp:attachment":[{"href":"https:\/\/rigaiff.lv\/lv\/wp-json\/wp\/v2\/media?parent=3792"}],"curies":[{"name":"wp","href":"https:\/\/api.w.org\/{rel}","templated":true}]}}