{"id":38680,"date":"2024-09-14T18:36:33","date_gmt":"2024-09-14T15:36:33","guid":{"rendered":"https:\/\/rigaiff.lv\/?page_id=38680"},"modified":"2024-09-24T11:04:56","modified_gmt":"2024-09-24T08:04:56","slug":"gids-2","status":"publish","type":"page","link":"https:\/\/rigaiff.lv\/lv\/gids-2024","title":{"rendered":"Festiv\u0101la gids"},"content":{"rendered":"<p><\/p>\n<p>RIGA IFF programma ir pla\u0161a un daudz\u0161\u0137aut\u0146aina, bet, lai pal\u012bdz\u0113tu taj\u0101 orient\u0113ties un garant\u0113tu, ka gar\u0101m nepasl\u012bd k\u0101ds sp\u012bdeklis, esam sagatavoju\u0161i da\u017e\u0101dus programmas \u0161\u0137\u0113rsgriezumus. \u0160\u012bs izlases filmu seansus un citas norises apkopo p\u0113c tematikas, piek\u013c\u016bstam\u012bbas un cit\u0101m vienojo\u0161\u0101m iez\u012bm\u0113m. Vienkopus atrodami ar\u012b seansi, kuros uz auditorijas jaut\u0101jumiem kl\u0101tien\u0113 atbild\u0113s kino veidot\u0101ji.<\/p>\n<p><\/p>","protected":false},"excerpt":{"rendered":"<p><\/p>\n<p>RIGA IFF programma ir pla\u0161a un daudz\u0161\u0137aut\u0146aina, bet, lai pal\u012bdz\u0113tu taj\u0101 orient\u0113ties un garant\u0113tu, ka gar\u0101m nepasl\u012bd k\u0101ds sp\u012bdeklis, esam sagatavoju\u0161i da\u017e\u0101dus programmas \u0161\u0137\u0113rsgriezumus. \u0160\u012bs izlases filmu seansus un citas norises apkopo p\u0113c tematikas, piek\u013c\u016bstam\u012bbas un cit\u0101m vienojo\u0161\u0101m iez\u012bm\u0113m. Vienkopus atrodami ar\u012b seansi, kuros uz auditorijas jaut\u0101jumiem kl\u0101tien\u0113 atbild\u0113s kino veidot\u0101ji.<\/p>\n<p><\/p>","protected":false},"author":1,"featured_media":0,"parent":0,"menu_order":0,"comment_status":"closed","ping_status":"closed","template":"guide_parent_2024.php","meta":{"_acf_changed":false,"inline_featured_image":false,"footnotes":""},"class_list":["post-38680","page","type-page","status-publish","hentry"],"acf":[],"_links":{"self":[{"href":"https:\/\/rigaiff.lv\/lv\/wp-json\/wp\/v2\/pages\/38680","targetHints":{"allow":["GET"]}}],"collection":[{"href":"https:\/\/rigaiff.lv\/lv\/wp-json\/wp\/v2\/pages"}],"about":[{"href":"https:\/\/rigaiff.lv\/lv\/wp-json\/wp\/v2\/types\/page"}],"author":[{"embeddable":true,"href":"https:\/\/rigaiff.lv\/lv\/wp-json\/wp\/v2\/users\/1"}],"replies":[{"embeddable":true,"href":"https:\/\/rigaiff.lv\/lv\/wp-json\/wp\/v2\/comments?post=38680"}],"version-history":[{"count":2,"href":"https:\/\/rigaiff.lv\/lv\/wp-json\/wp\/v2\/pages\/38680\/revisions"}],"predecessor-version":[{"id":39283,"href":"https:\/\/rigaiff.lv\/lv\/wp-json\/wp\/v2\/pages\/38680\/revisions\/39283"}],"wp:attachment":[{"href":"https:\/\/rigaiff.lv\/lv\/wp-json\/wp\/v2\/media?parent=38680"}],"curies":[{"name":"wp","href":"https:\/\/api.w.org\/{rel}","templated":true}]}}