{"id":3888,"date":"2018-08-03T20:32:36","date_gmt":"2018-08-03T17:32:36","guid":{"rendered":"http:\/\/rigaiff.lv\/2018\/?page_id=3888"},"modified":"2020-05-09T11:21:06","modified_gmt":"2020-05-09T08:21:06","slug":"industry","status":"publish","type":"page","link":"https:\/\/rigaiff.lv\/lv\/forum-2018","title":{"rendered":"Forums 2018"},"content":{"rendered":"","protected":false},"excerpt":{"rendered":"","protected":false},"author":1,"featured_media":5631,"parent":0,"menu_order":0,"comment_status":"closed","ping_status":"closed","template":"forum-2018.php","meta":{"_acf_changed":false,"inline_featured_image":false,"footnotes":""},"class_list":["post-3888","page","type-page","status-publish","has-post-thumbnail","hentry"],"acf":{"description":"<p>The festival's programme for industry professionals, students and film enthusiasts brings projects to spotlight, allows for young talent to meet international peers, and for everyone to widen their professional network.<\/p>\n","buttons":[{"title":"Industry events schedule","url":"https:\/\/rigaiff.lv\/events-industry-calendar","activated":true}],"title-leg":"Nozarei","description-leg":"<p>Festiv\u0101la komanda pa\u0161laik c\u012bt\u012bgi izstr\u0101d\u0101 pas\u0101kumu programmu kinonozares profesion\u0101\u013ciem.<br \/>\nPagaid\u0101m aicin\u0101m atskat\u012bties uz aizvad\u012bto gadu kinonozares pas\u0101kumiem m\u016bsu festiv\u0101l\u0101.<\/p>\n"},"_links":{"self":[{"href":"https:\/\/rigaiff.lv\/lv\/wp-json\/wp\/v2\/pages\/3888","targetHints":{"allow":["GET"]}}],"collection":[{"href":"https:\/\/rigaiff.lv\/lv\/wp-json\/wp\/v2\/pages"}],"about":[{"href":"https:\/\/rigaiff.lv\/lv\/wp-json\/wp\/v2\/types\/page"}],"author":[{"embeddable":true,"href":"https:\/\/rigaiff.lv\/lv\/wp-json\/wp\/v2\/users\/1"}],"replies":[{"embeddable":true,"href":"https:\/\/rigaiff.lv\/lv\/wp-json\/wp\/v2\/comments?post=3888"}],"version-history":[{"count":0,"href":"https:\/\/rigaiff.lv\/lv\/wp-json\/wp\/v2\/pages\/3888\/revisions"}],"wp:featuredmedia":[{"embeddable":true,"href":"https:\/\/rigaiff.lv\/lv\/wp-json\/wp\/v2\/media\/5631"}],"wp:attachment":[{"href":"https:\/\/rigaiff.lv\/lv\/wp-json\/wp\/v2\/media?parent=3888"}],"curies":[{"name":"wp","href":"https:\/\/api.w.org\/{rel}","templated":true}]}}