{"id":38938,"date":"2024-09-16T22:16:14","date_gmt":"2024-09-16T19:16:14","guid":{"rendered":"https:\/\/rigaiff.lv\/?page_id=38938"},"modified":"2024-09-16T22:53:44","modified_gmt":"2024-09-16T19:53:44","slug":"aprakstosie-titri-latviski","status":"publish","type":"page","link":"https:\/\/rigaiff.lv\/lv\/gids-2\/aprakstosie-titri-latviski\/","title":{"rendered":"Apraksto\u0161ie titri latviski"},"content":{"rendered":"<p><\/p>\n<p>Filmas, kuru kl\u0101tienes un\/vai tie\u0161saistes seansos tiek nodro\u0161in\u0101ti apraksto\u0161ie titri latvie\u0161u valod\u0101. \u0160ie seansi ir \u012bpa\u0161i piem\u0113roti person\u0101m ar da\u017e\u0101diem dzirdes apgr\u016btin\u0101jumiem.<\/p>\n<p><\/p>","protected":false},"excerpt":{"rendered":"<p><\/p>\n<p>Filmas, kuru kl\u0101tienes un\/vai tie\u0161saistes seansos tiek nodro\u0161in\u0101ti apraksto\u0161ie titri latvie\u0161u valod\u0101. \u0160ie seansi ir \u012bpa\u0161i piem\u0113roti person\u0101m ar da\u017e\u0101diem dzirdes apgr\u016btin\u0101jumiem.<\/p>\n<p><\/p>","protected":false},"author":21,"featured_media":0,"parent":38680,"menu_order":0,"comment_status":"closed","ping_status":"closed","template":"selection_template_2024.php","meta":{"_acf_changed":false,"inline_featured_image":false,"footnotes":""},"class_list":["post-38938","page","type-page","status-publish","hentry"],"acf":{"logo":"https:\/\/rigaiff.lv\/wp-content\/uploads\/2024\/09\/STR7274.jpg","logo_url":"","title":"Apraksto\u0161ie titri latviski","tagline":"<p>Filmas, kuru kl\u0101tienes un\/vai tie\u0161saistes seansos tiek nodro\u0161in\u0101ti apraksto\u0161ie titri latvie\u0161u valod\u0101. \u0160ie seansi ir \u012bpa\u0161i piem\u0113roti person\u0101m ar da\u017e\u0101diem dzirdes apgr\u016btin\u0101jumiem.<\/p>\n","films":[35929,36159,36042,36155,35870,36238]},"_links":{"self":[{"href":"https:\/\/rigaiff.lv\/lv\/wp-json\/wp\/v2\/pages\/38938","targetHints":{"allow":["GET"]}}],"collection":[{"href":"https:\/\/rigaiff.lv\/lv\/wp-json\/wp\/v2\/pages"}],"about":[{"href":"https:\/\/rigaiff.lv\/lv\/wp-json\/wp\/v2\/types\/page"}],"author":[{"embeddable":true,"href":"https:\/\/rigaiff.lv\/lv\/wp-json\/wp\/v2\/users\/21"}],"replies":[{"embeddable":true,"href":"https:\/\/rigaiff.lv\/lv\/wp-json\/wp\/v2\/comments?post=38938"}],"version-history":[{"count":2,"href":"https:\/\/rigaiff.lv\/lv\/wp-json\/wp\/v2\/pages\/38938\/revisions"}],"predecessor-version":[{"id":38960,"href":"https:\/\/rigaiff.lv\/lv\/wp-json\/wp\/v2\/pages\/38938\/revisions\/38960"}],"up":[{"embeddable":true,"href":"https:\/\/rigaiff.lv\/lv\/wp-json\/wp\/v2\/pages\/38680"}],"wp:attachment":[{"href":"https:\/\/rigaiff.lv\/lv\/wp-json\/wp\/v2\/media?parent=38938"}],"curies":[{"name":"wp","href":"https:\/\/api.w.org\/{rel}","templated":true}]}}