{"id":38942,"date":"2024-09-16T22:22:55","date_gmt":"2024-09-16T19:22:55","guid":{"rendered":"https:\/\/rigaiff.lv\/?page_id=38942"},"modified":"2024-09-19T12:38:04","modified_gmt":"2024-09-19T09:38:04","slug":"ipasas-norises","status":"publish","type":"page","link":"https:\/\/rigaiff.lv\/lv\/gids-2\/ipasas-norises\/","title":{"rendered":"\u012apa\u0161\u0101s norises"},"content":{"rendered":"","protected":false},"excerpt":{"rendered":"","protected":false},"author":21,"featured_media":0,"parent":38680,"menu_order":0,"comment_status":"closed","ping_status":"closed","template":"selection_template_2024.php","meta":{"_acf_changed":false,"inline_featured_image":false,"footnotes":""},"class_list":["post-38942","page","type-page","status-publish","hentry"],"acf":{"logo":"https:\/\/rigaiff.lv\/wp-content\/uploads\/2024\/09\/DSC06721.jpg","logo_url":"","title":"\u012apa\u0161\u0101s norises","tagline":"<p><!--td {border: 1px solid #cccccc;}br {mso-data-placement:same-cell;}-->RIGA IFF vienpadsmitaj\u0101 sezon\u0101 pla\u0161o filmu programmu papildina ar\u012b citas publisk\u0101s norises \u2013 gr\u0101matu atv\u0113r\u0161anas sv\u0113tki, nozares p\u0101rst\u0101vju veidotas lekcijas un festiv\u0101la apbalvo\u0161anas ceremonija.<\/p>\n","films":[38923,39003]},"_links":{"self":[{"href":"https:\/\/rigaiff.lv\/lv\/wp-json\/wp\/v2\/pages\/38942","targetHints":{"allow":["GET"]}}],"collection":[{"href":"https:\/\/rigaiff.lv\/lv\/wp-json\/wp\/v2\/pages"}],"about":[{"href":"https:\/\/rigaiff.lv\/lv\/wp-json\/wp\/v2\/types\/page"}],"author":[{"embeddable":true,"href":"https:\/\/rigaiff.lv\/lv\/wp-json\/wp\/v2\/users\/21"}],"replies":[{"embeddable":true,"href":"https:\/\/rigaiff.lv\/lv\/wp-json\/wp\/v2\/comments?post=38942"}],"version-history":[{"count":4,"href":"https:\/\/rigaiff.lv\/lv\/wp-json\/wp\/v2\/pages\/38942\/revisions"}],"predecessor-version":[{"id":39131,"href":"https:\/\/rigaiff.lv\/lv\/wp-json\/wp\/v2\/pages\/38942\/revisions\/39131"}],"up":[{"embeddable":true,"href":"https:\/\/rigaiff.lv\/lv\/wp-json\/wp\/v2\/pages\/38680"}],"wp:attachment":[{"href":"https:\/\/rigaiff.lv\/lv\/wp-json\/wp\/v2\/media?parent=38942"}],"curies":[{"name":"wp","href":"https:\/\/api.w.org\/{rel}","templated":true}]}}