{"id":38969,"date":"2024-09-16T22:59:42","date_gmt":"2024-09-16T19:59:42","guid":{"rendered":"https:\/\/rigaiff.lv\/?page_id=38969"},"modified":"2024-10-15T01:26:29","modified_gmt":"2024-10-14T22:26:29","slug":"uzmanibas-centra-zanrs","status":"publish","type":"page","link":"https:\/\/rigaiff.lv\/lv\/gids-2\/zosada","title":{"rendered":"Zos\u0101da"},"content":{"rendered":"","protected":false},"excerpt":{"rendered":"","protected":false},"author":21,"featured_media":0,"parent":38680,"menu_order":0,"comment_status":"closed","ping_status":"closed","template":"selection_template_2024.php","meta":{"_acf_changed":false,"inline_featured_image":false,"footnotes":""},"class_list":["post-38969","page","type-page","status-publish","hentry"],"acf":{"logo":"https:\/\/rigaiff.lv\/wp-content\/uploads\/2024\/09\/HTU_Stills_WEB_Foto-IhnePedersen-_E6A6683.jpg","logo_url":"","title":"Zos\u0101da","tagline":"<p><!--td {border: 1px solid #cccccc;}br {mso-data-placement:same-cell;}-->No r\u0113gu st\u0101stiem un gausam folkhororam l\u012bdz nervus stindzino\u0161iem psiholo\u0123iskiem trilleriem un <em>Nordic noir<\/em> detekt\u012bvst\u0101stiem \u0161\u012b izlase \u013cauj ieskat\u012bties cilv\u0113ka pr\u0101ta tum\u0161\u0101kajos nost\u016bros. Emocion\u0101lai spriedzei mijoties ar \u0113rm\u012bgu atmosf\u0113ru, \u0161\u012bs filmas b\u016bs \u012bpa\u0161i piem\u0113rotas tiem skat\u012bt\u0101jiem, kas festiv\u0101la programm\u0101 mekl\u0113 asas un visas ma\u0146as saasino\u0161as izj\u016btas.<\/p>\n","films":[36042,35870,36037,37004,36861,37917,37922,37928]},"_links":{"self":[{"href":"https:\/\/rigaiff.lv\/lv\/wp-json\/wp\/v2\/pages\/38969","targetHints":{"allow":["GET"]}}],"collection":[{"href":"https:\/\/rigaiff.lv\/lv\/wp-json\/wp\/v2\/pages"}],"about":[{"href":"https:\/\/rigaiff.lv\/lv\/wp-json\/wp\/v2\/types\/page"}],"author":[{"embeddable":true,"href":"https:\/\/rigaiff.lv\/lv\/wp-json\/wp\/v2\/users\/21"}],"replies":[{"embeddable":true,"href":"https:\/\/rigaiff.lv\/lv\/wp-json\/wp\/v2\/comments?post=38969"}],"version-history":[{"count":5,"href":"https:\/\/rigaiff.lv\/lv\/wp-json\/wp\/v2\/pages\/38969\/revisions"}],"predecessor-version":[{"id":39663,"href":"https:\/\/rigaiff.lv\/lv\/wp-json\/wp\/v2\/pages\/38969\/revisions\/39663"}],"up":[{"embeddable":true,"href":"https:\/\/rigaiff.lv\/lv\/wp-json\/wp\/v2\/pages\/38680"}],"wp:attachment":[{"href":"https:\/\/rigaiff.lv\/lv\/wp-json\/wp\/v2\/media?parent=38969"}],"curies":[{"name":"wp","href":"https:\/\/api.w.org\/{rel}","templated":true}]}}