{"id":38973,"date":"2024-09-16T23:05:20","date_gmt":"2024-09-16T20:05:20","guid":{"rendered":"https:\/\/rigaiff.lv\/?page_id=38973"},"modified":"2024-09-26T13:13:44","modified_gmt":"2024-09-26T10:13:44","slug":"sarezgitas-sievietes","status":"publish","type":"page","link":"https:\/\/rigaiff.lv\/lv\/gids-2\/sarezgitas-sievietes\/","title":{"rendered":"Sare\u017e\u0123\u012bt\u0101s sievietes"},"content":{"rendered":"<p><\/p>\n<p><!--td {border: 1px solid #cccccc;}br {mso-data-placement:same-cell;}-->Sp\u0113c\u012bgu sievie\u0161u raksturu izlase, kas ne vienm\u0113r atspogu\u013co gaid\u012bto sievi\u0161\u0137\u012bgo iztur\u0113\u0161anos. Vi\u0146as nesmaid\u012bs, neuzved\u012bsies \u201ck\u0101 pien\u0101kas\u201d un neb\u016bs tikai t\u0113ls, kas rad\u012bts tikai, lai att\u012bst\u012btu v\u012brie\u0161a st\u0101stu. Izlases filmu varones v\u0113lreiz apliecina D\u017eeinas Gudolas pausto: \u201cNevajag daudz, lai tevi uzskat\u012btu par sare\u017e\u0123\u012btu sievieti. Tie\u0161i t\u0101p\u0113c m\u016bsu ir tik daudz\u201d<\/p>\n<p><\/p>","protected":false},"excerpt":{"rendered":"<p><\/p>\n<p>Sp\u0113c\u012bgu sievie\u0161u raksturu izlase, kas ne vienm\u0113r atspogu\u013co gaid\u012bto sievi\u0161\u0137\u012bgo iztur\u0113\u0161anos. Vi\u0146as nesmaid\u012bs, neuzved\u012bsies \u201ck\u0101 pien\u0101kas\u201d un neb\u016bs tikai t\u0113ls, kas rad\u012bts tikai, lai att\u012bst\u012btu v\u012brie\u0161a st\u0101stu. Izlases filmu varones v\u0113lreiz apliecina D\u017eeinas Gudolas pausto: \u201cNevajag daudz, lai tevi uzskat\u012btu par sare\u017e\u0123\u012btu sievieti. Tie\u0161i t\u0101p\u0113c m\u016bsu ir tik daudz\u201d<\/p>\n<p><\/p>","protected":false},"author":21,"featured_media":0,"parent":38680,"menu_order":0,"comment_status":"closed","ping_status":"closed","template":"selection_template_2024.php","meta":{"_acf_changed":false,"inline_featured_image":false,"footnotes":""},"class_list":["post-38973","page","type-page","status-publish","hentry"],"acf":{"logo":"https:\/\/rigaiff.lv\/wp-content\/uploads\/2024\/09\/WALD_Stills_8_c_WegaFilm-1-scaled.jpg","logo_url":"","title":"Sare\u017e\u0123\u012bt\u0101s sievietes","tagline":"<p><!--td {border: 1px solid #cccccc;}br {mso-data-placement:same-cell;}-->Sp\u0113c\u012bgu sievie\u0161u raksturu izlase, kas ne vienm\u0113r atspogu\u013co gaid\u012bto sievi\u0161\u0137\u012bgo iztur\u0113\u0161anos. Vi\u0146as nesmaid\u012bs, neuzved\u012bsies \u201ck\u0101 pien\u0101kas\u201d un neb\u016bs t\u0113ls, kas rad\u012bts tikai, lai att\u012bst\u012btu v\u012brie\u0161a st\u0101stu. Izlases filmu varones v\u0113lreiz apliecina D\u017eeinas Gudolas pausto: \u201cNevajag daudz, lai tevi uzskat\u012btu par sare\u017e\u0123\u012btu sievieti. Tie\u0161i t\u0101p\u0113c m\u016bsu ir tik daudz\u201d.<\/p>\n","films":[36042,37150,38370,36861,37012,38473,38480,36055,35929,37735,37725,37747,37688,37709]},"_links":{"self":[{"href":"https:\/\/rigaiff.lv\/lv\/wp-json\/wp\/v2\/pages\/38973","targetHints":{"allow":["GET"]}}],"collection":[{"href":"https:\/\/rigaiff.lv\/lv\/wp-json\/wp\/v2\/pages"}],"about":[{"href":"https:\/\/rigaiff.lv\/lv\/wp-json\/wp\/v2\/types\/page"}],"author":[{"embeddable":true,"href":"https:\/\/rigaiff.lv\/lv\/wp-json\/wp\/v2\/users\/21"}],"replies":[{"embeddable":true,"href":"https:\/\/rigaiff.lv\/lv\/wp-json\/wp\/v2\/comments?post=38973"}],"version-history":[{"count":3,"href":"https:\/\/rigaiff.lv\/lv\/wp-json\/wp\/v2\/pages\/38973\/revisions"}],"predecessor-version":[{"id":39359,"href":"https:\/\/rigaiff.lv\/lv\/wp-json\/wp\/v2\/pages\/38973\/revisions\/39359"}],"up":[{"embeddable":true,"href":"https:\/\/rigaiff.lv\/lv\/wp-json\/wp\/v2\/pages\/38680"}],"wp:attachment":[{"href":"https:\/\/rigaiff.lv\/lv\/wp-json\/wp\/v2\/media?parent=38973"}],"curies":[{"name":"wp","href":"https:\/\/api.w.org\/{rel}","templated":true}]}}