{"id":38975,"date":"2024-09-16T23:06:51","date_gmt":"2024-09-16T20:06:51","guid":{"rendered":"https:\/\/rigaiff.lv\/?page_id=38975"},"modified":"2024-09-26T19:07:21","modified_gmt":"2024-09-26T16:07:21","slug":"neciesamie-viriesi","status":"publish","type":"page","link":"https:\/\/rigaiff.lv\/lv\/gids-2\/neciesamie-viriesi\/","title":{"rendered":"Necie\u0161amie v\u012brie\u0161i"},"content":{"rendered":"","protected":false},"excerpt":{"rendered":"","protected":false},"author":21,"featured_media":0,"parent":38680,"menu_order":0,"comment_status":"closed","ping_status":"closed","template":"selection_template_2024.php","meta":{"_acf_changed":false,"inline_featured_image":false,"footnotes":""},"class_list":["post-38975","page","type-page","status-publish","hentry"],"acf":{"logo":"https:\/\/rigaiff.lv\/wp-content\/uploads\/2024\/09\/09_HuntersOnAWhiteField_@JosuaEnblom-scaled.jpg","logo_url":"","title":"Necie\u0161amie v\u012brie\u0161i","tagline":"<p><!--td {border: 1px solid #cccccc;}br {mso-data-placement:same-cell;}-->Varo\u0146i, kurus bez \u012bpa\u0161as minstin\u0101\u0161an\u0101s varam nosaukt par pret\u012bgiem v\u012brie\u0161iem! Toksisk\u0101 maskulinit\u0101te roku rok\u0101 ar sat\u012bru, su\u0123estiju, apm\u0101t\u012bbu un ie\u0161anu p\u0101ri l\u012b\u0137iem \u2013 p\u0101rnest\u0101 un da\u017eubr\u012bd ar\u012b vistie\u0161\u0101kaj\u0101 noz\u012bm\u0113.<\/p>\n","films":[36044,36159,38477,36073,36055,35929,36966,37012,37756]},"_links":{"self":[{"href":"https:\/\/rigaiff.lv\/lv\/wp-json\/wp\/v2\/pages\/38975","targetHints":{"allow":["GET"]}}],"collection":[{"href":"https:\/\/rigaiff.lv\/lv\/wp-json\/wp\/v2\/pages"}],"about":[{"href":"https:\/\/rigaiff.lv\/lv\/wp-json\/wp\/v2\/types\/page"}],"author":[{"embeddable":true,"href":"https:\/\/rigaiff.lv\/lv\/wp-json\/wp\/v2\/users\/21"}],"replies":[{"embeddable":true,"href":"https:\/\/rigaiff.lv\/lv\/wp-json\/wp\/v2\/comments?post=38975"}],"version-history":[{"count":3,"href":"https:\/\/rigaiff.lv\/lv\/wp-json\/wp\/v2\/pages\/38975\/revisions"}],"predecessor-version":[{"id":39372,"href":"https:\/\/rigaiff.lv\/lv\/wp-json\/wp\/v2\/pages\/38975\/revisions\/39372"}],"up":[{"embeddable":true,"href":"https:\/\/rigaiff.lv\/lv\/wp-json\/wp\/v2\/pages\/38680"}],"wp:attachment":[{"href":"https:\/\/rigaiff.lv\/lv\/wp-json\/wp\/v2\/media?parent=38975"}],"curies":[{"name":"wp","href":"https:\/\/api.w.org\/{rel}","templated":true}]}}