{"id":38977,"date":"2024-09-16T23:08:53","date_gmt":"2024-09-16T20:08:53","guid":{"rendered":"https:\/\/rigaiff.lv\/?page_id=38977"},"modified":"2024-09-27T11:57:40","modified_gmt":"2024-09-27T08:57:40","slug":"normalas-filmas","status":"publish","type":"page","link":"https:\/\/rigaiff.lv\/lv\/gids-2\/normalas-filmas\/","title":{"rendered":"Norm\u0101las filmas"},"content":{"rendered":"","protected":false},"excerpt":{"rendered":"","protected":false},"author":21,"featured_media":0,"parent":38680,"menu_order":0,"comment_status":"closed","ping_status":"closed","template":"selection_template_2024.php","meta":{"_acf_changed":false,"inline_featured_image":false,"footnotes":""},"class_list":["post-38977","page","type-page","status-publish","hentry"],"acf":{"logo":"https:\/\/rigaiff.lv\/wp-content\/uploads\/2024\/09\/From-Hilde-With-Love_4__c-Pandora-Film-Produktion_Frederic-Batier-1-scaled.jpg","logo_url":"","title":"Norm\u0101las filmas","tagline":"<p><!--td {border: 1px solid #cccccc;}br {mso-data-placement:same-cell;}-->Augstv\u0113rt\u012bgas un patiesi \u012bpa\u0161as filmas skat\u012bt\u0101jiem, kas nov\u0113rt\u0113 iesp\u0113ju apmekl\u0113t RIGA IFF, bet izv\u0113las dro\u0161as filmas. Izlases tradicion\u0101lie narat\u012bvi, kvalitat\u012bv\u0101 aktiersp\u0113le un emocion\u0101li piesaisto\u0161ie varo\u0146i \u013cauj pieredz\u0113t liel\u0101 ekr\u0101na aktualit\u0101tes no visas pasaules, neizk\u0101pjot no komforta zonas.<\/p>\n","films":[35870,36159,36165,37012,37021,38473,38042,38484,38480,36238]},"_links":{"self":[{"href":"https:\/\/rigaiff.lv\/lv\/wp-json\/wp\/v2\/pages\/38977","targetHints":{"allow":["GET"]}}],"collection":[{"href":"https:\/\/rigaiff.lv\/lv\/wp-json\/wp\/v2\/pages"}],"about":[{"href":"https:\/\/rigaiff.lv\/lv\/wp-json\/wp\/v2\/types\/page"}],"author":[{"embeddable":true,"href":"https:\/\/rigaiff.lv\/lv\/wp-json\/wp\/v2\/users\/21"}],"replies":[{"embeddable":true,"href":"https:\/\/rigaiff.lv\/lv\/wp-json\/wp\/v2\/comments?post=38977"}],"version-history":[{"count":4,"href":"https:\/\/rigaiff.lv\/lv\/wp-json\/wp\/v2\/pages\/38977\/revisions"}],"predecessor-version":[{"id":39374,"href":"https:\/\/rigaiff.lv\/lv\/wp-json\/wp\/v2\/pages\/38977\/revisions\/39374"}],"up":[{"embeddable":true,"href":"https:\/\/rigaiff.lv\/lv\/wp-json\/wp\/v2\/pages\/38680"}],"wp:attachment":[{"href":"https:\/\/rigaiff.lv\/lv\/wp-json\/wp\/v2\/media?parent=38977"}],"curies":[{"name":"wp","href":"https:\/\/api.w.org\/{rel}","templated":true}]}}