{"id":38979,"date":"2024-09-16T23:10:52","date_gmt":"2024-09-16T20:10:52","guid":{"rendered":"https:\/\/rigaiff.lv\/?page_id=38979"},"modified":"2024-09-27T11:57:14","modified_gmt":"2024-09-27T08:57:14","slug":"apsleptie-dargakmeni","status":"publish","type":"page","link":"https:\/\/rigaiff.lv\/lv\/gids-2\/apsleptie-dargakmeni\/","title":{"rendered":"Apsl\u0113ptie d\u0101rgakme\u0146i"},"content":{"rendered":"","protected":false},"excerpt":{"rendered":"","protected":false},"author":21,"featured_media":0,"parent":38680,"menu_order":0,"comment_status":"closed","ping_status":"closed","template":"selection_template_2024.php","meta":{"_acf_changed":false,"inline_featured_image":false,"footnotes":""},"class_list":["post-38979","page","type-page","status-publish","hentry"],"acf":{"logo":"https:\/\/rigaiff.lv\/wp-content\/uploads\/2024\/09\/UNIVERSAL-LANGUAGE-Still-02.jpg","logo_url":"","title":"Apsl\u0113ptie d\u0101rgakme\u0146i","tagline":"<p><!--td {border: 1px solid #cccccc;}br {mso-data-placement:same-cell;}-->Pl\u0101nojot RIGA IFF apmekl\u0113jumu, nedr\u012bkst aizmirst par apsl\u0113ptajiem d\u0101rgakme\u0146iem, kas uzmirdz starp vair\u0101k nek\u0101 100 programmas film\u0101m. Nereti Latvijas kinote\u0101tros izr\u0101d\u012bti tikai vienreiz, tie\u0161i RIGA IFF, \u0161ie kinodarbi aizrauj ar unik\u0101liem st\u0101stiem un nepieradin\u0101t\u0101m kino form\u0101m, kas iemieso \u012bstenu festiv\u0101la apmekl\u0113juma garu un aicina pilnv\u0113rt\u012bgi izbaud\u012bt Latvijas liel\u0101ko kino sv\u0113tku burv\u012bbu.<\/p>\n","films":[38470,38164,38175,38487,38340,38064,38156,36163,38057,38042]},"_links":{"self":[{"href":"https:\/\/rigaiff.lv\/lv\/wp-json\/wp\/v2\/pages\/38979","targetHints":{"allow":["GET"]}}],"collection":[{"href":"https:\/\/rigaiff.lv\/lv\/wp-json\/wp\/v2\/pages"}],"about":[{"href":"https:\/\/rigaiff.lv\/lv\/wp-json\/wp\/v2\/types\/page"}],"author":[{"embeddable":true,"href":"https:\/\/rigaiff.lv\/lv\/wp-json\/wp\/v2\/users\/21"}],"replies":[{"embeddable":true,"href":"https:\/\/rigaiff.lv\/lv\/wp-json\/wp\/v2\/comments?post=38979"}],"version-history":[{"count":4,"href":"https:\/\/rigaiff.lv\/lv\/wp-json\/wp\/v2\/pages\/38979\/revisions"}],"predecessor-version":[{"id":39373,"href":"https:\/\/rigaiff.lv\/lv\/wp-json\/wp\/v2\/pages\/38979\/revisions\/39373"}],"up":[{"embeddable":true,"href":"https:\/\/rigaiff.lv\/lv\/wp-json\/wp\/v2\/pages\/38680"}],"wp:attachment":[{"href":"https:\/\/rigaiff.lv\/lv\/wp-json\/wp\/v2\/media?parent=38979"}],"curies":[{"name":"wp","href":"https:\/\/api.w.org\/{rel}","templated":true}]}}